{"id":3539,"date":"2025-10-30T17:53:26","date_gmt":"2025-10-30T16:53:26","guid":{"rendered":"https:\/\/www.lamusereve.fr\/?post_type=product&#038;p=3539"},"modified":"2025-11-29T10:01:06","modified_gmt":"2025-11-29T09:01:06","slug":"inscription-atelier-kidymuse-special-noel-en-duo-4-6-ans","status":"publish","type":"product","link":"https:\/\/www.lamusereve.fr\/index.php\/produit\/inscription-atelier-kidymuse-special-noel-en-duo-4-6-ans\/","title":{"rendered":"Inscription atelier Kidymuse sp\u00e9cial No\u00ebl en duo | 4-6 ans"},"content":{"rendered":"\r\n<p>Un atelier <strong>Kidymuse sp\u00e9cial No\u00ebl<\/strong>, c&rsquo;est :<\/p>\r\n\r\n\r\n\r\n<ul class=\"wp-block-list\">\r\n<li>1 moment complice pour cr\u00e9er \u00e0 4 mains<\/li>\r\n\r\n\r\n\r\n<li>1 cr\u00e9ation originale \u00e0 rapporter \u00e0 la maison<\/li>\r\n\r\n\r\n\r\n<li>la fiert\u00e9 d&rsquo;avoir fait, ensemble et de ses propres mains, un cadeau ou une d\u00e9co unique !\u00a0<\/li>\r\n<\/ul>\r\n\r\n<p>&nbsp;<\/p>\r\n<p>Dur\u00e9e : 1 h\u00a0<\/p>\r\n<p>Mat\u00e9riel et emballage pour le transport de la cr\u00e9ation inclus.<\/p>\r\n<hr \/>\r\n<h4><span style=\"color: #a6553c;\">Informations importantes<\/span><\/h4>\r\n<ul>\r\n<li><span style=\"color: #a6553c;\">En cas d&rsquo;annulation de derni\u00e8re minute, l&rsquo;atelier ne vous sera pas rembours\u00e9. Le remboursement ou l&rsquo;\u00e9change n&rsquo;est possible que lorsque l&rsquo;annulation est effectu\u00e9e au plus tard 24h avant l&rsquo;atelier, et notifi\u00e9e par \u00e9crit. L&rsquo;\u00e9change de date n&rsquo;est possible qu&rsquo;une seule fois.<\/span><\/li>\r\n<li><span style=\"color: #a6553c;\">La muse r\u00eave peut se voir contrainte d&rsquo;annuler l&rsquo;atelier la veille du jour J si le nombre de participants est inf\u00e9rieur \u00e0 2. Dans ce cas, l&rsquo;atelier vous sera rembours\u00e9.<\/span><\/li>\r\n<li><span style=\"color: #a6553c;\">En cas de retard au-del\u00e0 de 10 minutes, La muse r\u00eave se r\u00e9serve le droit de vous refuser l\u2019acc\u00e8s \u00e0 l\u2019atelier pour ne pas perturber le bon d\u00e9roulement de celui-ci pour le public d\u00e9j\u00e0 pr\u00e9sent.<\/span><\/li>\r\n<\/ul>","protected":false},"excerpt":{"rendered":"<p>16 \u20ac pour 1 enfant et 1 adulte<\/p>\n<p>7 \u20ac pour le 2e enfant de la m\u00eame fratrie (inscription \u00e0 signaler par mail et \u00e0 r\u00e9gler sur place)<\/p>\n<p>5 \u20ac pour le 3e enfant de la m\u00eame fratrie (inscription \u00e0 signaler par mail et \u00e0 r\u00e9gler sur place)<\/p>\n<p>O\u00f9 : chez La muse r\u00eave, 32 rue Vieille Monnaie, 73000 Chamb\u00e9ry<\/p>\n<hr \/>\n<h4><span style=\"color: #a6553c;\">Comment m&rsquo;inscrire et profiter de mon atelier ?<\/span><\/h4>\n<ol>\n<li><span style=\"color: #a6553c;\"><strong>Je s\u00e9lectionne la date<\/strong> qui m&rsquo;int\u00e9resse dans le menu d\u00e9roulant et <strong>renseigne le pr\u00e9nom et l&rsquo;\u00e2ge de l&rsquo;enfant<\/strong>.<\/span><\/li>\n<li><span style=\"color: #a6553c;\"><strong>Je clique sur \u00ab\u00a0Envoyer\u00a0\u00bb<\/strong>. ATTENTION : \u00e0 ce stade, votre place pour l&rsquo;atelier n&rsquo;est pas encore r\u00e9serv\u00e9e. Cette action permet juste \u00e0 l\u2019\u00e9quipe d\u2019avoir vos principales infos. Un r\u00e9capitulatif (non automatique) vous sera transmis par mail apr\u00e8s le r\u00e8glement.<\/span><\/li>\n<li><span style=\"color: #a6553c;\"><strong>J&rsquo;ajoute l&rsquo;atelier \u00e0 mon panier<\/strong> en cliquant sur \u00ab\u00a0Ajouter au panier\u00a0\u00bb.<\/span><\/li>\n<li><span style=\"color: #a6553c;\"><strong>Je valide mon panier<\/strong> et r\u00e8gle ma commande.<\/span><\/li>\n<\/ol>\n<p><span style=\"color: #a6553c;\"><em>Avant l&rsquo;atelier, merci de prendre connaissance des informations importantes en bas de page, apr\u00e8s la section Description.<\/em><\/span><\/p>\n<hr \/>\n<div data-test='contact-form'\n\t\t\tid='contact-form-3539'\n\t\t\tclass='wp-block-jetpack-contact-form-container '\n\t\t\tdata-wp-interactive='jetpack\/form' data-wp-context='{\"formId\":\"3539\",\"formHash\":\"4011be681c0683ee1a4fc4a5f57d04e40536c3f6\",\"showErrors\":false,\"errors\":[],\"fields\":[],\"isMultiStep\":false,\"useAjax\":true,\"submissionData\":null,\"formattedSubmissionData\":[],\"submissionSuccess\":false,\"submissionError\":null,\"elementId\":\"jp-form-4011be681c0683ee1a4fc4a5f57d04e40536c3f6\",\"isSingleInputForm\":false}'\n\t\t\tdata-wp-watch--scroll-to-wrapper=\"callbacks.scrollToWrapper\"\n\t\t>\n<div class=\"contact-form-submission contact-form-ajax-submission\" data-wp-class--submission-success=\"context.submissionSuccess\"><p class=\"go-back-message\"><a class=\"link\" role=\"button\" tabindex=\"0\" data-wp-on--click=\"actions.goBack\" href=\"\/index.php\/wp-json\/wp\/v2\/product\/3539\">Retour<\/a><\/p><h4 id=\"contact-form-success-header\">Votre message a \u00e9t\u00e9 envoy\u00e9<\/h4>\n\n<template data-wp-each--submission=\"context.formattedSubmissionData\">\n\t\t\t\t\t<div class=\"jetpack_forms_contact-form-success-summary\">\n\t\t\t\t\t\t<div class=\"field-name\" data-wp-text=\"context.submission.label\" data-wp-bind--hidden=\"!context.submission.label\"><\/div>\n\t\t\t\t\t\t<div class=\"field-value\" data-wp-text=\"context.submission.value\"><\/div>\n\t\t\t\t\t\t<div class=\"field-images\" data-wp-bind--hidden=\"!context.submission.images\">\n\t\t\t\t\t\t\t<template data-wp-each--image=\"context.submission.images\">\n\t\t\t\t\t\t\t\t<figure class=\"field-image\" data-wp-class--is-empty=\"!context.image\">\n\t\t\t\t\t\t\t\t\t<img data-wp-bind--src=\"context.image\" data-wp-bind--hidden=\"!context.image\" \/>\n\t\t\t\t\t\t\t\t\t<img decoding=\"async\" src=\"data:image\/gif;base64,R0lGODlhAQABAAD\/ACwAAAAAAQABAAACADs=\" data-wp-bind--hidden=\"context.image\" \/>\n\t\t\t\t\t\t\t\t<\/figure>\n\t\t\t\t\t\t\t<\/template>\n\t\t\t\t\t\t<\/div>\n\t\t\t\t\t<\/div>\n\t\t\t\t<\/template><\/div><form action='https:\/\/www.lamusereve.fr\/index.php\/produit\/inscription-atelier-kidymuse-special-noel-en-duo-4-6-ans\/'\n\t\t\t\tid='jp-form-4011be681c0683ee1a4fc4a5f57d04e40536c3f6'\n\t\t\t\tmethod='post'\n\t\t\t\tclass='contact-form commentsblock' aria-label=\"Inscription atelier Kidymuse sp\u00e9cial No\u00ebl en duo | 4-6 ans\"\n\t\t\t\tdata-wp-on--submit=\"actions.onFormSubmit\"\n\t\t\t\tdata-wp-on--reset=\"actions.onFormReset\"\n\t\t\t\tdata-wp-class--submission-success=\"context.submissionSuccess\"\n\t\t\t\tdata-wp-class--is-first-step=\"state.isFirstStep\"\n\t\t\t\tdata-wp-class--is-last-step=\"state.isLastStep\"\n\t\t\t\tdata-wp-class--is-ajax-form=\"context.useAjax\"\n\t\t\t\tnovalidate >\n<input type='hidden' name='jetpack_contact_form_jwt' value='eyJ0eXAiOiJKV1QiLCJhbGciOiJIUzI1NiJ9.eyJlbmNyeXB0ZWRfYXR0cmlidXRlcyI6ImRtN3hzN3ErTEdrMlRZNTlUS3ZrRFwvbHN4K2pXVTVTOXRjWDh2WjJEM3E5akVGOFV6elhhMkZ3WDV2NlhXcjducUpsYzNBNmJTa1luOU14cTNSYzZcL1JTWVNqQUVvUkg2U2hVbHpoZzNjN2c4NHBFdjI3eW0rN3JIRmRjdG94RWE2c3kzNmhxU3YyVkpTVEtSVkE5d0hcL2kzdVdIZ2lZY2FWOW41VDVtMzZpdWVGblZ3clhSQ1VBcHU3eTRHSVdCOSt6dnlsT0loTTl0aU1XaDRkcWZRdWtDYWoxQlUyXC9FYzdEbGxNYmNac2hyRUF5KzZZSEI1ckNtdWsySGw5UkZMcUFcL2l3UW1YNE1BaFNmbFdEczJtNGxYQlZLOU9mNlN0NW9uUjhnZmU1SGNaYm1cL0p6VzIxZ0cyOWVYS1wvcGlhdGlHcmNQN3A2ZDNmODA0NzlYRlwvTXc0aU02cThSSmhxMldRZlA4WVZBTzFrUkt5RmtFQlBaOGtlQmoxbzc1TUhjRWNwR3JLdG85NUk1RGlXTTVZbjlMUmRnQmNsbjcrYndzSDVoYUpLdklnczRXNnNQemtoRWdXWE5TdWxabGx5aUhmNFg5bjNtRGE1S0dLN1dNa2lYQk9DcWNJR283QkRKNjJXS1wvR3A4U1RDQVVGVGt0TDcweURwb3lNSU92ZWVmQ1F4S0VDWlFJY0x1WlNaMmNaaEpaaTB0dGtXOWFIbmx3UmEwMTRmTEZkUm15ZkZSVHc2dnc0dnk0UGd3NUdUam83Q1RGOWwwaVNUMk5MY0QrSjB2NGNWWGJzeFwvXC92VkhJWGtzanFnaGtnc1ZjeFRNb1NDc1hEamVxcU9TcHhHVFwvckw0b3ZWejRTTEdFK2NZNllSRkUzMEszelo1RkRrQlVJMzdjWlRmcWJzWk1DTlN6OGhnRTJcL3oyMU9VamY0b3RqY2thc3VPdVdjZW5SVm13VkNLUkdOMHpNd0dNRVJ6UHlHejg4Rlp0T2tnSDJQOG1kVzFFQTZ0amwzN0FxQlhlSFFWaFhDVWJnbUNtakU0S3kwb2tmMWRzK0c5Rm9wcmhGRXUzc2tWWm04S2RHcnhHdlFSUTZwaGZJc1RjTURPOTJ4alRkOEtLbGlsVUZROVRMN2N3RzJkS3Bjc2pIcUNnSUd1RFpWWE9ocXJVOUUwOFFHXC8ycU0xYlpUaVQ3Q3JTczloRUE9PSIsImNvbnRlbnQiOiJbY29udGFjdC1maWVsZCBsYWJlbD1cIkRhdGVcIiB0eXBlPVwic2VsZWN0XCIgcmVxdWlyZWQ9XCIxXCIgb3B0aW9ucz1cIlNhbWVkaSA2IGRcdTAwZTljZW1icmUgMjAyNSBkZSAxMWggXHUwMGUwIDEyaCxTYW1lZGkgNiBkXHUwMGU5Y2VtYnJlIDIwMjUgZGUgMTZoIFx1MDBlMCAxN2gsRGltYW5jaGUgNyBkXHUwMGU5Y2VtYnJlIDIwMjUgZGUgMTBoIFx1MDBlMCAxMWhcIl1bY29udGFjdC1maWVsZCBsYWJlbD1cIlByXHUwMGU5bm9tIGRlIGwnZW5mYW50XCIgdHlwZT1cIm5hbWVcIiByZXF1aXJlZD1cIjFcIl1bY29udGFjdC1maWVsZCBsYWJlbD1cIlx1MDBjMmdlXCIgdHlwZT1cInNlbGVjdFwiIHJlcXVpcmVkPVwiMVwiIG9wdGlvbnM9XCI0IGFucyw1IGFucyw2IGFuc1wiXVtjb250YWN0LWZpZWxkIGxhYmVsPVwiQWRyZXNzZSBlbWFpbFwiIHR5cGU9XCJlbWFpbFwiIHJlcXVpcmVkPVwiMVwiXSIsImhhc2giOiI0MDExYmU2ODFjMDY4M2VlMWE0ZmM0YTVmNTdkMDRlNDA1MzZjM2Y2Iiwic291cmNlIjp7ImVudHJ5X3RpdGxlIjoiSW5zY3JpcHRpb24gYXRlbGllciBLaWR5bXVzZSBzcFx1MDBlOWNpYWwgTm9cdTAwZWJsIGVuIGR1byB8IDQtNiBhbnMiLCJlbnRyeV9wYWdlIjoxLCJzb3VyY2VfaWQiOjM1MzksInNvdXJjZV90eXBlIjoic2luZ2xlIiwicmVxdWVzdF91cmwiOiJodHRwczpcL1wvd3d3LmxhbXVzZXJldmUuZnJcL3dwLWpzb25cL3dwXC92MlwvcHJvZHVjdFwvMzUzOSJ9LCJ2ZXJzaW9uIjoyLCJjaXBoZXIiOiJhZXMtMjU2LWdjbSJ9.EjUL-59u675s021_A0nSmmtrcUz7HLD11B1gGy5UBD0' \/>\n\n<div style=\"\"  data-wp-interactive=\"jetpack\/form\" data-wp-context='{\"fieldId\":\"g3539-date\",\"fieldType\":\"select\",\"fieldLabel\":\"Date\",\"fieldValue\":\"\",\"fieldPlaceholder\":\"\",\"fieldIsRequired\":\"1\",\"fieldErrorMessage\":\"\",\"fieldExtra\":[],\"formHash\":\"4011be681c0683ee1a4fc4a5f57d04e40536c3f6\"}'  class='grunion-field-select-wrap grunion-field-wrap'  data-wp-init='callbacks.initializeField' data-wp-on--jetpack-form-reset='callbacks.initializeField' >\n<label\n\t\t\t\tfor='g3539-date' class=\"grunion-field-label select\" >Date<span class=\"grunion-label-required\" aria-hidden=\"true\">(obligatoire)<\/span><\/label>\n<div class=\"contact-form__select-wrapper select  grunion-field\"  style=''>\t<span class='contact-form__select-element-wrapper'><select name='g3539-date' id='g3539-date' required aria-required='true' data-wp-on--change='actions.onFieldChange' data-wp-bind--aria-invalid='state.fieldHasErrors' >\n\t\t<option value='Samedi 6 d\u00e9cembre 2025 de 11h \u00e0 12h'>Samedi 6 d\u00e9cembre 2025 de 11h \u00e0 12h<\/option>\n\t\t<option value='Samedi 6 d\u00e9cembre 2025 de 16h \u00e0 17h'>Samedi 6 d\u00e9cembre 2025 de 16h \u00e0 17h<\/option>\n\t\t<option value='Dimanche 7 d\u00e9cembre 2025 de 10h \u00e0 11h'>Dimanche 7 d\u00e9cembre 2025 de 10h \u00e0 11h<\/option>\n\t<\/select><span class='jetpack-field-dropdown__icon'><\/span><\/span>\n<\/div>\n\n\t\t\t<div id=\"g3539-date-select-error\" class=\"contact-form__input-error\" data-wp-class--has-errors=\"state.fieldHasErrors\">\n\t\t\t\t<span class=\"contact-form__warning-icon\">\n\t\t\t\t\t<svg width=\"16\" height=\"16\" viewBox=\"0 0 16 16\" fill=\"none\" xmlns=\"http:\/\/www.w3.org\/2000\/svg\">\n\t\t\t\t\t\t<path d=\"M8.50015 11.6402H7.50015V10.6402H8.50015V11.6402Z\" \/>\n\t\t\t\t\t\t<path d=\"M7.50015 9.64018H8.50015V6.30684H7.50015V9.64018Z\" \/>\n\t\t\t\t\t\t<path fill-rule=\"evenodd\" clip-rule=\"evenodd\" d=\"M6.98331 3.0947C7.42933 2.30177 8.57096 2.30177 9.01698 3.09469L13.8771 11.7349C14.3145 12.5126 13.7525 13.4735 12.8602 13.4735H3.14004C2.24774 13.4735 1.68575 12.5126 2.12321 11.7349L6.98331 3.0947ZM8.14541 3.58496C8.08169 3.47168 7.9186 3.47168 7.85488 3.58496L2.99478 12.2251C2.93229 12.3362 3.01257 12.4735 3.14004 12.4735H12.8602C12.9877 12.4735 13.068 12.3362 13.0055 12.2251L8.14541 3.58496Z\" \/>\n\t\t\t\t\t<\/svg>\n\t\t\t\t\t<span class=\"visually-hidden\">Attention<\/span>\n\t\t\t\t<\/span>\n\t\t\t\t<span data-wp-text=\"state.errorMessage\" id=\"g3539-date-select-error-message\"><\/span>\n\t\t\t<\/div>\t<\/div>\n\n<div style=\"\"  data-wp-interactive=\"jetpack\/form\" data-wp-context='{\"fieldId\":\"g3539-prnomdelenfant\",\"fieldType\":\"name\",\"fieldLabel\":\"Pr\\u00e9nom de l\\u0027enfant\",\"fieldValue\":\"\",\"fieldPlaceholder\":\"\",\"fieldIsRequired\":\"1\",\"fieldErrorMessage\":\"\",\"fieldExtra\":[],\"formHash\":\"4011be681c0683ee1a4fc4a5f57d04e40536c3f6\"}'  class='grunion-field-name-wrap grunion-field-wrap'  data-wp-init='callbacks.initializeField' data-wp-on--jetpack-form-reset='callbacks.initializeField' >\n<label\n\t\t\t\tfor='g3539-prnomdelenfant' class=\"grunion-field-label name\" >Pr\u00e9nom de l'enfant<span class=\"grunion-label-required\" aria-hidden=\"true\">(obligatoire)<\/span><\/label>\n<input\n\t\t\t\t\ttype='text'\n\t\t\t\t\tname='g3539-prnomdelenfant'\n\t\t\t\t\tid='g3539-prnomdelenfant'\n\t\t\t\t\tvalue=''\n\n\t\t\t\t\tdata-wp-bind--aria-invalid='state.fieldHasErrors'\n\t\t\t\t\tdata-wp-bind--value='state.getFieldValue'\n\t\t\t\t\taria-errormessage='g3539-prnomdelenfant-text-error-message'\n\t\t\t\t\tdata-wp-on--input='actions.onFieldChange'\n\t\t\t\t\tdata-wp-on--blur='actions.onFieldBlur'\n\t\t\t\t\tdata-wp-class--has-value='state.hasFieldValue'\n\n\t\t\t\t\tclass='name  grunion-field' \n\t\t\t\t\trequired='true' aria-required='true'  \/>\n \n\t\t\t<div id=\"g3539-prnomdelenfant-text-error\" class=\"contact-form__input-error\" data-wp-class--has-errors=\"state.fieldHasErrors\">\n\t\t\t\t<span class=\"contact-form__warning-icon\">\n\t\t\t\t\t<svg width=\"16\" height=\"16\" viewBox=\"0 0 16 16\" fill=\"none\" xmlns=\"http:\/\/www.w3.org\/2000\/svg\">\n\t\t\t\t\t\t<path d=\"M8.50015 11.6402H7.50015V10.6402H8.50015V11.6402Z\" \/>\n\t\t\t\t\t\t<path d=\"M7.50015 9.64018H8.50015V6.30684H7.50015V9.64018Z\" \/>\n\t\t\t\t\t\t<path fill-rule=\"evenodd\" clip-rule=\"evenodd\" d=\"M6.98331 3.0947C7.42933 2.30177 8.57096 2.30177 9.01698 3.09469L13.8771 11.7349C14.3145 12.5126 13.7525 13.4735 12.8602 13.4735H3.14004C2.24774 13.4735 1.68575 12.5126 2.12321 11.7349L6.98331 3.0947ZM8.14541 3.58496C8.08169 3.47168 7.9186 3.47168 7.85488 3.58496L2.99478 12.2251C2.93229 12.3362 3.01257 12.4735 3.14004 12.4735H12.8602C12.9877 12.4735 13.068 12.3362 13.0055 12.2251L8.14541 3.58496Z\" \/>\n\t\t\t\t\t<\/svg>\n\t\t\t\t\t<span class=\"visually-hidden\">Attention<\/span>\n\t\t\t\t<\/span>\n\t\t\t\t<span data-wp-text=\"state.errorMessage\" id=\"g3539-prnomdelenfant-text-error-message\"><\/span>\n\t\t\t<\/div> \n\t<\/div>\n\n<div style=\"\"  data-wp-interactive=\"jetpack\/form\" data-wp-context='{\"fieldId\":\"g3539-ge\",\"fieldType\":\"select\",\"fieldLabel\":\"\\u00c2ge\",\"fieldValue\":\"\",\"fieldPlaceholder\":\"\",\"fieldIsRequired\":\"1\",\"fieldErrorMessage\":\"\",\"fieldExtra\":[],\"formHash\":\"4011be681c0683ee1a4fc4a5f57d04e40536c3f6\"}'  class='grunion-field-select-wrap grunion-field-wrap'  data-wp-init='callbacks.initializeField' data-wp-on--jetpack-form-reset='callbacks.initializeField' >\n<label\n\t\t\t\tfor='g3539-ge' class=\"grunion-field-label select\" >\u00c2ge<span class=\"grunion-label-required\" aria-hidden=\"true\">(obligatoire)<\/span><\/label>\n<div class=\"contact-form__select-wrapper select  grunion-field\"  style=''>\t<span class='contact-form__select-element-wrapper'><select name='g3539-ge' id='g3539-ge' required aria-required='true' data-wp-on--change='actions.onFieldChange' data-wp-bind--aria-invalid='state.fieldHasErrors' >\n\t\t<option value='4 ans'>4 ans<\/option>\n\t\t<option value='5 ans'>5 ans<\/option>\n\t\t<option value='6 ans'>6 ans<\/option>\n\t<\/select><span class='jetpack-field-dropdown__icon'><\/span><\/span>\n<\/div>\n\n\t\t\t<div id=\"g3539-ge-select-error\" class=\"contact-form__input-error\" data-wp-class--has-errors=\"state.fieldHasErrors\">\n\t\t\t\t<span class=\"contact-form__warning-icon\">\n\t\t\t\t\t<svg width=\"16\" height=\"16\" viewBox=\"0 0 16 16\" fill=\"none\" xmlns=\"http:\/\/www.w3.org\/2000\/svg\">\n\t\t\t\t\t\t<path d=\"M8.50015 11.6402H7.50015V10.6402H8.50015V11.6402Z\" \/>\n\t\t\t\t\t\t<path d=\"M7.50015 9.64018H8.50015V6.30684H7.50015V9.64018Z\" \/>\n\t\t\t\t\t\t<path fill-rule=\"evenodd\" clip-rule=\"evenodd\" d=\"M6.98331 3.0947C7.42933 2.30177 8.57096 2.30177 9.01698 3.09469L13.8771 11.7349C14.3145 12.5126 13.7525 13.4735 12.8602 13.4735H3.14004C2.24774 13.4735 1.68575 12.5126 2.12321 11.7349L6.98331 3.0947ZM8.14541 3.58496C8.08169 3.47168 7.9186 3.47168 7.85488 3.58496L2.99478 12.2251C2.93229 12.3362 3.01257 12.4735 3.14004 12.4735H12.8602C12.9877 12.4735 13.068 12.3362 13.0055 12.2251L8.14541 3.58496Z\" \/>\n\t\t\t\t\t<\/svg>\n\t\t\t\t\t<span class=\"visually-hidden\">Attention<\/span>\n\t\t\t\t<\/span>\n\t\t\t\t<span data-wp-text=\"state.errorMessage\" id=\"g3539-ge-select-error-message\"><\/span>\n\t\t\t<\/div>\t<\/div>\n\n<div style=\"\"  data-wp-interactive=\"jetpack\/form\" data-wp-context='{\"fieldId\":\"g3539-adresseemail\",\"fieldType\":\"email\",\"fieldLabel\":\"Adresse email\",\"fieldValue\":\"\",\"fieldPlaceholder\":\"\",\"fieldIsRequired\":\"1\",\"fieldErrorMessage\":\"\",\"fieldExtra\":[],\"formHash\":\"4011be681c0683ee1a4fc4a5f57d04e40536c3f6\"}'  class='grunion-field-email-wrap grunion-field-wrap'  data-wp-init='callbacks.initializeField' data-wp-on--jetpack-form-reset='callbacks.initializeField' >\n<label\n\t\t\t\tfor='g3539-adresseemail' class=\"grunion-field-label email\" >Adresse email<span class=\"grunion-label-required\" aria-hidden=\"true\">(obligatoire)<\/span><\/label>\n<input\n\t\t\t\t\ttype='email'\n\t\t\t\t\tname='g3539-adresseemail'\n\t\t\t\t\tid='g3539-adresseemail'\n\t\t\t\t\tvalue=''\n\n\t\t\t\t\tdata-wp-bind--aria-invalid='state.fieldHasErrors'\n\t\t\t\t\tdata-wp-bind--value='state.getFieldValue'\n\t\t\t\t\taria-errormessage='g3539-adresseemail-email-error-message'\n\t\t\t\t\tdata-wp-on--input='actions.onFieldChange'\n\t\t\t\t\tdata-wp-on--blur='actions.onFieldBlur'\n\t\t\t\t\tdata-wp-class--has-value='state.hasFieldValue'\n\n\t\t\t\t\tclass='email  grunion-field' \n\t\t\t\t\trequired='true' aria-required='true'  \/>\n \n\t\t\t<div id=\"g3539-adresseemail-email-error\" class=\"contact-form__input-error\" data-wp-class--has-errors=\"state.fieldHasErrors\">\n\t\t\t\t<span class=\"contact-form__warning-icon\">\n\t\t\t\t\t<svg width=\"16\" height=\"16\" viewBox=\"0 0 16 16\" fill=\"none\" xmlns=\"http:\/\/www.w3.org\/2000\/svg\">\n\t\t\t\t\t\t<path d=\"M8.50015 11.6402H7.50015V10.6402H8.50015V11.6402Z\" \/>\n\t\t\t\t\t\t<path d=\"M7.50015 9.64018H8.50015V6.30684H7.50015V9.64018Z\" \/>\n\t\t\t\t\t\t<path fill-rule=\"evenodd\" clip-rule=\"evenodd\" d=\"M6.98331 3.0947C7.42933 2.30177 8.57096 2.30177 9.01698 3.09469L13.8771 11.7349C14.3145 12.5126 13.7525 13.4735 12.8602 13.4735H3.14004C2.24774 13.4735 1.68575 12.5126 2.12321 11.7349L6.98331 3.0947ZM8.14541 3.58496C8.08169 3.47168 7.9186 3.47168 7.85488 3.58496L2.99478 12.2251C2.93229 12.3362 3.01257 12.4735 3.14004 12.4735H12.8602C12.9877 12.4735 13.068 12.3362 13.0055 12.2251L8.14541 3.58496Z\" \/>\n\t\t\t\t\t<\/svg>\n\t\t\t\t\t<span class=\"visually-hidden\">Attention<\/span>\n\t\t\t\t<\/span>\n\t\t\t\t<span data-wp-text=\"state.errorMessage\" id=\"g3539-adresseemail-email-error-message\"><\/span>\n\t\t\t<\/div> \n\t<\/div>\n\t<p class='contact-submit'>\n<div class=\"contact-form__error\" data-wp-class--show-errors=\"state.showFormErrors\"><span class=\"contact-form__warning-icon\"><span class=\"visually-hidden\">Attention.<\/span><i aria-hidden=\"true\"><\/i><\/span>\n\t\t\t\t<span data-wp-text=\"state.getFormErrorMessage\"><\/span>\n\t\t\t\t<ul>\n\t\t\t\t<template data-wp-each=\"state.getErrorList\" data-wp-key=\"context.item.id\">\n\t\t\t\t\t<li><a data-wp-bind--href=\"context.item.anchor\" data-wp-on--click=\"actions.scrollIntoView\" data-wp-text=\"context.item.label\"><\/a><\/li>\n\t\t\t\t<\/template>\n\t\t\t\t<\/ul><\/div><div class=\"contact-form__error\" data-wp-class--show-errors=\"state.showSubmissionError\" data-wp-text=\"context.submissionError\"><\/div>\t\t<button type='submit' class='pushbutton-wide'>Envoyer<\/button>\t\t<input type='hidden' name='contact-form-id' value='3539' \/>\n\t\t<input type='hidden' name='action' value='grunion-contact-form' \/>\n\t\t<input type='hidden' name='contact-form-hash' value='4011be681c0683ee1a4fc4a5f57d04e40536c3f6' \/>\n\t<\/p>\n<\/form>\n<\/div>\n","protected":false},"featured_media":3550,"comment_status":"open","ping_status":"closed","template":"","meta":{"ocean_post_layout":"full-width","ocean_both_sidebars_style":"","ocean_both_sidebars_content_width":0,"ocean_both_sidebars_sidebars_width":0,"ocean_sidebar":"woo_sidebar","ocean_second_sidebar":"0","ocean_disable_margins":"enable","ocean_add_body_class":"","ocean_shortcode_before_top_bar":"","ocean_shortcode_after_top_bar":"","ocean_shortcode_before_header":"","ocean_shortcode_after_header":"","ocean_has_shortcode":"","ocean_shortcode_after_title":"","ocean_shortcode_before_footer_widgets":"","ocean_shortcode_after_footer_widgets":"","ocean_shortcode_before_footer_bottom":"","ocean_shortcode_after_footer_bottom":"","ocean_display_top_bar":"default","ocean_display_header":"default","ocean_header_style":"","ocean_center_header_left_menu":"0","ocean_custom_header_template":"0","ocean_custom_logo":0,"ocean_custom_retina_logo":0,"ocean_custom_logo_max_width":0,"ocean_custom_logo_tablet_max_width":0,"ocean_custom_logo_mobile_max_width":0,"ocean_custom_logo_max_height":0,"ocean_custom_logo_tablet_max_height":0,"ocean_custom_logo_mobile_max_height":0,"ocean_header_custom_menu":"0","ocean_menu_typo_font_family":"0","ocean_menu_typo_font_subset":"","ocean_menu_typo_font_size":0,"ocean_menu_typo_font_size_tablet":0,"ocean_menu_typo_font_size_mobile":0,"ocean_menu_typo_font_size_unit":"px","ocean_menu_typo_font_weight":"","ocean_menu_typo_font_weight_tablet":"","ocean_menu_typo_font_weight_mobile":"","ocean_menu_typo_transform":"","ocean_menu_typo_transform_tablet":"","ocean_menu_typo_transform_mobile":"","ocean_menu_typo_line_height":0,"ocean_menu_typo_line_height_tablet":0,"ocean_menu_typo_line_height_mobile":0,"ocean_menu_typo_line_height_unit":"","ocean_menu_typo_spacing":0,"ocean_menu_typo_spacing_tablet":0,"ocean_menu_typo_spacing_mobile":0,"ocean_menu_typo_spacing_unit":"","ocean_menu_link_color":"","ocean_menu_link_color_hover":"","ocean_menu_link_color_active":"","ocean_menu_link_background":"","ocean_menu_link_hover_background":"","ocean_menu_link_active_background":"","ocean_menu_social_links_bg":"","ocean_menu_social_hover_links_bg":"","ocean_menu_social_links_color":"","ocean_menu_social_hover_links_color":"","ocean_disable_title":"default","ocean_disable_heading":"default","ocean_post_title":"","ocean_post_subheading":"","ocean_post_title_style":"","ocean_post_title_background_color":"","ocean_post_title_background":0,"ocean_post_title_bg_image_position":"","ocean_post_title_bg_image_attachment":"","ocean_post_title_bg_image_repeat":"","ocean_post_title_bg_image_size":"","ocean_post_title_height":0,"ocean_post_title_bg_overlay":0.5,"ocean_post_title_bg_overlay_color":"","ocean_disable_breadcrumbs":"default","ocean_breadcrumbs_color":"","ocean_breadcrumbs_separator_color":"","ocean_breadcrumbs_links_color":"","ocean_breadcrumbs_links_hover_color":"","ocean_display_footer_widgets":"default","ocean_display_footer_bottom":"default","ocean_custom_footer_template":"0","_themeisle_gutenberg_block_has_review":false},"product_brand":[],"product_cat":[39],"product_tag":[46,45],"class_list":{"0":"post-3539","1":"product","2":"type-product","3":"status-publish","4":"has-post-thumbnail","6":"product_cat-ateliers","7":"product_tag-education-artistique","8":"product_tag-enfant","10":"entry","11":"has-media","13":"first","14":"instock","15":"virtual","16":"purchasable","17":"product-type-simple","18":"has-product-nav","19":"col","20":"span_1_of_3","21":"owp-content-center","22":"owp-thumbs-layout-horizontal","23":"owp-btn-normal","24":"owp-tabs-layout-horizontal","26":"circle-sale"},"jetpack_sharing_enabled":true,"_links":{"self":[{"href":"https:\/\/www.lamusereve.fr\/index.php\/wp-json\/wp\/v2\/product\/3539","targetHints":{"allow":["GET"]}}],"collection":[{"href":"https:\/\/www.lamusereve.fr\/index.php\/wp-json\/wp\/v2\/product"}],"about":[{"href":"https:\/\/www.lamusereve.fr\/index.php\/wp-json\/wp\/v2\/types\/product"}],"replies":[{"embeddable":true,"href":"https:\/\/www.lamusereve.fr\/index.php\/wp-json\/wp\/v2\/comments?post=3539"}],"wp:featuredmedia":[{"embeddable":true,"href":"https:\/\/www.lamusereve.fr\/index.php\/wp-json\/wp\/v2\/media\/3550"}],"wp:attachment":[{"href":"https:\/\/www.lamusereve.fr\/index.php\/wp-json\/wp\/v2\/media?parent=3539"}],"wp:term":[{"taxonomy":"product_brand","embeddable":true,"href":"https:\/\/www.lamusereve.fr\/index.php\/wp-json\/wp\/v2\/product_brand?post=3539"},{"taxonomy":"product_cat","embeddable":true,"href":"https:\/\/www.lamusereve.fr\/index.php\/wp-json\/wp\/v2\/product_cat?post=3539"},{"taxonomy":"product_tag","embeddable":true,"href":"https:\/\/www.lamusereve.fr\/index.php\/wp-json\/wp\/v2\/product_tag?post=3539"}],"curies":[{"name":"wp","href":"https:\/\/api.w.org\/{rel}","templated":true}]}}