{"id":2692,"date":"2025-07-01T19:48:25","date_gmt":"2025-07-01T17:48:25","guid":{"rendered":"https:\/\/www.lamusereve.fr\/?post_type=product&#038;p=2692"},"modified":"2025-11-13T15:23:21","modified_gmt":"2025-11-13T14:23:21","slug":"mon-petit-art-kit-deco-biche-fleurie","status":"publish","type":"product","link":"https:\/\/www.lamusereve.fr\/index.php\/produit\/mon-petit-art-kit-deco-biche-fleurie\/","title":{"rendered":"Mon Petit Art &#8211; Kit d\u00e9co Biche fleurie"},"content":{"rendered":"<div class=\"product__description rte quick-add-hidden\">\n<p><strong>Fantastique d\u00e9co murale \u00e0 composer<\/strong><\/p>\n<p>Un coffret pour composer une mise en sc\u00e8ne\u00a0fantastique!\u00a0Un coffret troph\u00e9e \u00e0 la fois cr\u00e9atif et d\u00e9co pour cr\u00e9er sur le mur une jolie biche dans son bois onirique ! Toute une sc\u00e8ne \u00e0 monter et \u00e0 inventer avec des branches, des fleurs, des feuillages et d\u2019espi\u00e8gles animaux.<\/p>\n<p>Une tr\u00e8s jolie d\u00e9co pour une chambre ou \u00e0 offrir en cadeau de naissance !<\/p>\n<p>A partir de 7 ans et pour qui aime les for\u00eats enchant\u00e9es !<\/p>\n<div id=\"short_description_block\">\n<div id=\"short_description_content\" class=\"rte align_justify\">\n<div class=\"rte align_justify\">\n<p><strong>Illustration :\u00a0S\u00e9verine Pr\u00e9lat<\/strong><\/p>\n<\/div>\n<\/div>\n<\/div>\n<p><span style=\"color: #ffffff; background-color: #131313;\">Description<\/span><br \/>\n&#8211; D\u00e9co murale une fois compos\u00e9e : 50 x 50 cm<br \/>\n&#8211; Une grande biche + une\u00a0planche\u00a0d&rsquo;animaux \u00e0 coller sur les branches<br \/>\n&#8211; 3 planches de fleurs multicolores pour cr\u00e9er le d\u00e9cor autour de\u00a0la biche<br \/>\n&#8211; 30 carr\u00e9s de mousse\u00a0autocollantes\u00a0pour coller les \u00e9l\u00e9ments<br \/>\n&#8211; Packaging: 31 x 22 x 2 cm<\/p>\n<\/div>\n","protected":false},"excerpt":{"rendered":"<p>Fantastique d\u00e9co murale \u00e0 composer Un coffret pour composer une mise en sc\u00e8ne\u00a0fantastique!\u00a0Un coffret troph\u00e9e \u00e0 la fois cr\u00e9atif et d\u00e9co pour cr\u00e9er sur le mur une jolie biche dans son bois onirique ! Toute une sc\u00e8ne \u00e0 monter et \u00e0 inventer avec des branches, des fleurs, des feuillages et d\u2019espi\u00e8gles animaux. Une tr\u00e8s jolie [&hellip;]<\/p>\n","protected":false},"featured_media":2693,"comment_status":"closed","ping_status":"closed","template":"","meta":{"ocean_post_layout":"","ocean_both_sidebars_style":"","ocean_both_sidebars_content_width":0,"ocean_both_sidebars_sidebars_width":0,"ocean_sidebar":"0","ocean_second_sidebar":"0","ocean_disable_margins":"enable","ocean_add_body_class":"","ocean_shortcode_before_top_bar":"","ocean_shortcode_after_top_bar":"","ocean_shortcode_before_header":"","ocean_shortcode_after_header":"","ocean_has_shortcode":"","ocean_shortcode_after_title":"","ocean_shortcode_before_footer_widgets":"","ocean_shortcode_after_footer_widgets":"","ocean_shortcode_before_footer_bottom":"","ocean_shortcode_after_footer_bottom":"","ocean_display_top_bar":"default","ocean_display_header":"default","ocean_header_style":"","ocean_center_header_left_menu":"0","ocean_custom_header_template":"0","ocean_custom_logo":0,"ocean_custom_retina_logo":0,"ocean_custom_logo_max_width":0,"ocean_custom_logo_tablet_max_width":0,"ocean_custom_logo_mobile_max_width":0,"ocean_custom_logo_max_height":0,"ocean_custom_logo_tablet_max_height":0,"ocean_custom_logo_mobile_max_height":0,"ocean_header_custom_menu":"0","ocean_menu_typo_font_family":"0","ocean_menu_typo_font_subset":"","ocean_menu_typo_font_size":0,"ocean_menu_typo_font_size_tablet":0,"ocean_menu_typo_font_size_mobile":0,"ocean_menu_typo_font_size_unit":"px","ocean_menu_typo_font_weight":"","ocean_menu_typo_font_weight_tablet":"","ocean_menu_typo_font_weight_mobile":"","ocean_menu_typo_transform":"","ocean_menu_typo_transform_tablet":"","ocean_menu_typo_transform_mobile":"","ocean_menu_typo_line_height":0,"ocean_menu_typo_line_height_tablet":0,"ocean_menu_typo_line_height_mobile":0,"ocean_menu_typo_line_height_unit":"","ocean_menu_typo_spacing":0,"ocean_menu_typo_spacing_tablet":0,"ocean_menu_typo_spacing_mobile":0,"ocean_menu_typo_spacing_unit":"","ocean_menu_link_color":"","ocean_menu_link_color_hover":"","ocean_menu_link_color_active":"","ocean_menu_link_background":"","ocean_menu_link_hover_background":"","ocean_menu_link_active_background":"","ocean_menu_social_links_bg":"","ocean_menu_social_hover_links_bg":"","ocean_menu_social_links_color":"","ocean_menu_social_hover_links_color":"","ocean_disable_title":"default","ocean_disable_heading":"default","ocean_post_title":"","ocean_post_subheading":"","ocean_post_title_style":"","ocean_post_title_background_color":"","ocean_post_title_background":0,"ocean_post_title_bg_image_position":"","ocean_post_title_bg_image_attachment":"","ocean_post_title_bg_image_repeat":"","ocean_post_title_bg_image_size":"","ocean_post_title_height":0,"ocean_post_title_bg_overlay":0.5,"ocean_post_title_bg_overlay_color":"","ocean_disable_breadcrumbs":"default","ocean_breadcrumbs_color":"","ocean_breadcrumbs_separator_color":"","ocean_breadcrumbs_links_color":"","ocean_breadcrumbs_links_hover_color":"","ocean_display_footer_widgets":"default","ocean_display_footer_bottom":"default","ocean_custom_footer_template":"0","_themeisle_gutenberg_block_has_review":false},"product_brand":[97],"product_cat":[95],"product_tag":[99],"class_list":{"0":"post-2692","1":"product","2":"type-product","3":"status-publish","4":"has-post-thumbnail","6":"product_brand-mon-petit-art","7":"product_cat-kits-creatifs","8":"product_tag-kit-creatif","10":"entry","11":"has-media","13":"first","14":"outofstock","15":"shipping-taxable","16":"purchasable","17":"product-type-simple","18":"has-product-nav","19":"col","20":"span_1_of_3","21":"owp-content-center","22":"owp-thumbs-layout-horizontal","23":"owp-btn-normal","24":"owp-tabs-layout-horizontal","25":"has-no-thumbnails","27":"circle-sale"},"jetpack_sharing_enabled":true,"_links":{"self":[{"href":"https:\/\/www.lamusereve.fr\/index.php\/wp-json\/wp\/v2\/product\/2692","targetHints":{"allow":["GET"]}}],"collection":[{"href":"https:\/\/www.lamusereve.fr\/index.php\/wp-json\/wp\/v2\/product"}],"about":[{"href":"https:\/\/www.lamusereve.fr\/index.php\/wp-json\/wp\/v2\/types\/product"}],"replies":[{"embeddable":true,"href":"https:\/\/www.lamusereve.fr\/index.php\/wp-json\/wp\/v2\/comments?post=2692"}],"wp:featuredmedia":[{"embeddable":true,"href":"https:\/\/www.lamusereve.fr\/index.php\/wp-json\/wp\/v2\/media\/2693"}],"wp:attachment":[{"href":"https:\/\/www.lamusereve.fr\/index.php\/wp-json\/wp\/v2\/media?parent=2692"}],"wp:term":[{"taxonomy":"product_brand","embeddable":true,"href":"https:\/\/www.lamusereve.fr\/index.php\/wp-json\/wp\/v2\/product_brand?post=2692"},{"taxonomy":"product_cat","embeddable":true,"href":"https:\/\/www.lamusereve.fr\/index.php\/wp-json\/wp\/v2\/product_cat?post=2692"},{"taxonomy":"product_tag","embeddable":true,"href":"https:\/\/www.lamusereve.fr\/index.php\/wp-json\/wp\/v2\/product_tag?post=2692"}],"curies":[{"name":"wp","href":"https:\/\/api.w.org\/{rel}","templated":true}]}}