{"id":2688,"date":"2025-07-01T19:40:29","date_gmt":"2025-07-01T17:40:29","guid":{"rendered":"https:\/\/www.lamusereve.fr\/?post_type=product&#038;p=2688"},"modified":"2025-11-13T15:29:35","modified_gmt":"2025-11-13T14:29:35","slug":"mon-petit-art-7-familles-monuments-tour-de-france","status":"publish","type":"product","link":"https:\/\/www.lamusereve.fr\/index.php\/produit\/mon-petit-art-7-familles-monuments-tour-de-france\/","title":{"rendered":"Mon Petit Art &#8211; 7 familles Monuments Tour de France"},"content":{"rendered":"<p><strong>Le classique jeu de 7 familles revisit\u00e9 avec humour<\/strong><\/p>\n<div class=\"page\" title=\"Page 1\">\n<div class=\"section\">\n<div class=\"layoutArea\">\n<div class=\"column\">\n<p>D\u00e9couvrez en famille et entre amis les plus beaux monuments de France !<\/p>\n<p>\u00c0 ve\u0301lo, \u00e0 trottinette ou en rollers, tous les moyens sont bons pour visiter les sites du Centre des Monuments Nationaux. Une panoplie de personnages tir\u00e9s de tableaux vous accompagnent dans ce voyage instructif et tr\u00e8s amusant !<\/p>\n<p>Un jeu pour toute la famille, d\u00e8s 3 ans.<\/p>\n<\/div>\n<\/div>\n<\/div>\n<\/div>\n<div class=\"page\" title=\"Page 1\">\n<div class=\"section\">\n<div class=\"layoutArea\">\n<div class=\"column\">Cr\u00e9ation de Mon Petit Art pour le Centre des Monuments Nationaux.<br \/>\nVotre achat contribue \u00e0 la sauvegarde du patrimoine fran\u00e7ais.<\/div>\n<\/div>\n<\/div>\n<\/div>\n<p>&nbsp;<\/p>\n<p><strong>Illlustration\u00a0:\u00a0Mon Petit Art<\/strong><\/p>\n<div class=\"product__description rte quick-add-hidden\">\n<div class=\"odd\"><\/div>\n<div class=\"even\">\n<p>&nbsp;<\/p>\n<\/div>\n<\/div>\n<div class=\"product__accordion accordion quick-add-hidden\">\n<details id=\"Details-collapsible-row-0-template--16375182950636__main\">\n<div class=\"summary__title\">\n<div class=\"odd\">\n<p>Contenu: 42 cartes + r\u00e8gles du jeu<\/p>\n<\/div>\n<div class=\"even\">\n<p>Dimensions: 6,5&#215;10 cm<\/p>\n<\/div>\n<\/div>\n<\/details>\n<\/div>\n<p class=\"h4 accordion__title\">Mat\u00e9riau\/Material : Papier &amp; Carton issus de for\u00eats g\u00e9r\u00e9es durablement. Con\u00e7u et fabriqu\u00e9 en Europe.<\/p>\n","protected":false},"excerpt":{"rendered":"<p>Le classique jeu de 7 familles revisit\u00e9 avec humour D\u00e9couvrez en famille et entre amis les plus beaux monuments de France ! \u00c0 ve\u0301lo, \u00e0 trottinette ou en rollers, tous les moyens sont bons pour visiter les sites du Centre des Monuments Nationaux. Une panoplie de personnages tir\u00e9s de tableaux vous accompagnent dans ce voyage [&hellip;]<\/p>\n","protected":false},"featured_media":2689,"comment_status":"closed","ping_status":"closed","template":"","meta":{"ocean_post_layout":"","ocean_both_sidebars_style":"","ocean_both_sidebars_content_width":0,"ocean_both_sidebars_sidebars_width":0,"ocean_sidebar":"0","ocean_second_sidebar":"0","ocean_disable_margins":"enable","ocean_add_body_class":"","ocean_shortcode_before_top_bar":"","ocean_shortcode_after_top_bar":"","ocean_shortcode_before_header":"","ocean_shortcode_after_header":"","ocean_has_shortcode":"","ocean_shortcode_after_title":"","ocean_shortcode_before_footer_widgets":"","ocean_shortcode_after_footer_widgets":"","ocean_shortcode_before_footer_bottom":"","ocean_shortcode_after_footer_bottom":"","ocean_display_top_bar":"default","ocean_display_header":"default","ocean_header_style":"","ocean_center_header_left_menu":"0","ocean_custom_header_template":"0","ocean_custom_logo":0,"ocean_custom_retina_logo":0,"ocean_custom_logo_max_width":0,"ocean_custom_logo_tablet_max_width":0,"ocean_custom_logo_mobile_max_width":0,"ocean_custom_logo_max_height":0,"ocean_custom_logo_tablet_max_height":0,"ocean_custom_logo_mobile_max_height":0,"ocean_header_custom_menu":"0","ocean_menu_typo_font_family":"0","ocean_menu_typo_font_subset":"","ocean_menu_typo_font_size":0,"ocean_menu_typo_font_size_tablet":0,"ocean_menu_typo_font_size_mobile":0,"ocean_menu_typo_font_size_unit":"px","ocean_menu_typo_font_weight":"","ocean_menu_typo_font_weight_tablet":"","ocean_menu_typo_font_weight_mobile":"","ocean_menu_typo_transform":"","ocean_menu_typo_transform_tablet":"","ocean_menu_typo_transform_mobile":"","ocean_menu_typo_line_height":0,"ocean_menu_typo_line_height_tablet":0,"ocean_menu_typo_line_height_mobile":0,"ocean_menu_typo_line_height_unit":"","ocean_menu_typo_spacing":0,"ocean_menu_typo_spacing_tablet":0,"ocean_menu_typo_spacing_mobile":0,"ocean_menu_typo_spacing_unit":"","ocean_menu_link_color":"","ocean_menu_link_color_hover":"","ocean_menu_link_color_active":"","ocean_menu_link_background":"","ocean_menu_link_hover_background":"","ocean_menu_link_active_background":"","ocean_menu_social_links_bg":"","ocean_menu_social_hover_links_bg":"","ocean_menu_social_links_color":"","ocean_menu_social_hover_links_color":"","ocean_disable_title":"default","ocean_disable_heading":"default","ocean_post_title":"","ocean_post_subheading":"","ocean_post_title_style":"","ocean_post_title_background_color":"","ocean_post_title_background":0,"ocean_post_title_bg_image_position":"","ocean_post_title_bg_image_attachment":"","ocean_post_title_bg_image_repeat":"","ocean_post_title_bg_image_size":"","ocean_post_title_height":0,"ocean_post_title_bg_overlay":0.5,"ocean_post_title_bg_overlay_color":"","ocean_disable_breadcrumbs":"default","ocean_breadcrumbs_color":"","ocean_breadcrumbs_separator_color":"","ocean_breadcrumbs_links_color":"","ocean_breadcrumbs_links_hover_color":"","ocean_display_footer_widgets":"default","ocean_display_footer_bottom":"default","ocean_custom_footer_template":"0","_themeisle_gutenberg_block_has_review":false},"product_brand":[],"product_cat":[92],"product_tag":[],"class_list":{"0":"post-2688","1":"product","2":"type-product","3":"status-publish","4":"has-post-thumbnail","6":"product_cat-jeux-de-cartes","8":"entry","9":"has-media","11":"first","12":"instock","13":"featured","14":"shipping-taxable","15":"purchasable","16":"product-type-simple","17":"has-product-nav","18":"col","19":"span_1_of_3","20":"owp-content-center","21":"owp-thumbs-layout-horizontal","22":"owp-btn-normal","23":"owp-tabs-layout-horizontal","24":"has-no-thumbnails","26":"circle-sale"},"jetpack_sharing_enabled":false,"_links":{"self":[{"href":"https:\/\/www.lamusereve.fr\/index.php\/wp-json\/wp\/v2\/product\/2688","targetHints":{"allow":["GET"]}}],"collection":[{"href":"https:\/\/www.lamusereve.fr\/index.php\/wp-json\/wp\/v2\/product"}],"about":[{"href":"https:\/\/www.lamusereve.fr\/index.php\/wp-json\/wp\/v2\/types\/product"}],"replies":[{"embeddable":true,"href":"https:\/\/www.lamusereve.fr\/index.php\/wp-json\/wp\/v2\/comments?post=2688"}],"wp:featuredmedia":[{"embeddable":true,"href":"https:\/\/www.lamusereve.fr\/index.php\/wp-json\/wp\/v2\/media\/2689"}],"wp:attachment":[{"href":"https:\/\/www.lamusereve.fr\/index.php\/wp-json\/wp\/v2\/media?parent=2688"}],"wp:term":[{"taxonomy":"product_brand","embeddable":true,"href":"https:\/\/www.lamusereve.fr\/index.php\/wp-json\/wp\/v2\/product_brand?post=2688"},{"taxonomy":"product_cat","embeddable":true,"href":"https:\/\/www.lamusereve.fr\/index.php\/wp-json\/wp\/v2\/product_cat?post=2688"},{"taxonomy":"product_tag","embeddable":true,"href":"https:\/\/www.lamusereve.fr\/index.php\/wp-json\/wp\/v2\/product_tag?post=2688"}],"curies":[{"name":"wp","href":"https:\/\/api.w.org\/{rel}","templated":true}]}}