{"id":2636,"date":"2025-07-01T16:18:09","date_gmt":"2025-07-01T14:18:09","guid":{"rendered":"https:\/\/www.lamusereve.fr\/?post_type=product&#038;p=2636"},"modified":"2025-08-27T21:09:11","modified_gmt":"2025-08-27T19:09:11","slug":"maped-peinture-a-doigts-x4","status":"publish","type":"product","link":"https:\/\/www.lamusereve.fr\/index.php\/produit\/maped-peinture-a-doigts-x4\/","title":{"rendered":"Maped &#8211; Peinture \u00e0 doigts x4"},"content":{"rendered":"<div class=\"container\">\n<div class=\"row flex flex-column ai-center jc-center\">\n<div class=\"content\">\n<h3>Adapt\u00e9 aux petits<\/h3>\n<p>D\u00e8s leur plus jeune \u00e2ge, les enfants ont besoin d\u2019exprimer leur cr\u00e9ativit\u00e9. Cette <a href=\"https:\/\/fr.maped.com\/product-category\/peinture\/\">peinture<\/a> \u00e0 doigt pour b\u00e9b\u00e9 est id\u00e9ale pour leurs premiers essais en tant qu\u2019artistes ! Elle est sp\u00e9cialement con\u00e7us pour convenir aux enfants \u00e0 partir de 1 an. Avec sa texture agr\u00e9able, douce et onctueuse, qui ne coule pas, les enfants vont s\u2019en donner \u00e0 c\u0153ur joie pour recouvrir leurs surfaces de dessin de multiples couleurs ! Cette peinture est un produit de qualit\u00e9 qui a \u00e9t\u00e9 test\u00e9 dermatologiquement pour ne causer aucun probl\u00e8me sur la peau des b\u00e9b\u00e9s. Elle est facilement lavable en passant les mains sous l\u2019eau.<\/p>\n<p>&nbsp;<\/p>\n<h3>Ultra-pigment\u00e9es et miscibles<\/h3>\n<p>Le lot de peinture pour doigt Maped est compos\u00e9 de 4 petits pots de gouache pr\u00eate \u00e0 l\u2019emploi aux couleurs diff\u00e9rentes : rouge, jaune, vert et bleu. Les couleurs sont ultra-pigment\u00e9es et offrent une couvrance optimale ! L\u2019enfant peut aussi s\u2019amuser \u00e0 cr\u00e9er ses propres couleurs en m\u00e9langeant les diff\u00e9rentes peintures entre-elles. Pratique, les pots se referment facilement apr\u00e8s utilisation gr\u00e2ce \u00e0 leur couvercle.<\/p>\n<p>&nbsp;<\/p>\n<h4>Caract\u00e9ristiques<\/h4>\n<p>4 pots de peinture \u00e0 doigt b\u00e9b\u00e9 de 80 grammes chacun.<br \/>\nCouleurs : rouge, jaune, vert et bleu.<br \/>\nConforme \u00e0 la r\u00e9glementation des jouets.<\/p>\n<\/div>\n<\/div>\n<\/div>\n","protected":false},"excerpt":{"rendered":"<p>Adapt\u00e9 aux petits D\u00e8s leur plus jeune \u00e2ge, les enfants ont besoin d\u2019exprimer leur cr\u00e9ativit\u00e9. Cette peinture \u00e0 doigt pour b\u00e9b\u00e9 est id\u00e9ale pour leurs premiers essais en tant qu\u2019artistes ! Elle est sp\u00e9cialement con\u00e7us pour convenir aux enfants \u00e0 partir de 1 an. Avec sa texture agr\u00e9able, douce et onctueuse, qui ne coule pas, [&hellip;]<\/p>\n","protected":false},"featured_media":2677,"comment_status":"open","ping_status":"closed","template":"","meta":{"ocean_post_layout":"","ocean_both_sidebars_style":"","ocean_both_sidebars_content_width":0,"ocean_both_sidebars_sidebars_width":0,"ocean_sidebar":"0","ocean_second_sidebar":"0","ocean_disable_margins":"enable","ocean_add_body_class":"","ocean_shortcode_before_top_bar":"","ocean_shortcode_after_top_bar":"","ocean_shortcode_before_header":"","ocean_shortcode_after_header":"","ocean_has_shortcode":"","ocean_shortcode_after_title":"","ocean_shortcode_before_footer_widgets":"","ocean_shortcode_after_footer_widgets":"","ocean_shortcode_before_footer_bottom":"","ocean_shortcode_after_footer_bottom":"","ocean_display_top_bar":"default","ocean_display_header":"default","ocean_header_style":"","ocean_center_header_left_menu":"0","ocean_custom_header_template":"0","ocean_custom_logo":0,"ocean_custom_retina_logo":0,"ocean_custom_logo_max_width":0,"ocean_custom_logo_tablet_max_width":0,"ocean_custom_logo_mobile_max_width":0,"ocean_custom_logo_max_height":0,"ocean_custom_logo_tablet_max_height":0,"ocean_custom_logo_mobile_max_height":0,"ocean_header_custom_menu":"0","ocean_menu_typo_font_family":"0","ocean_menu_typo_font_subset":"","ocean_menu_typo_font_size":0,"ocean_menu_typo_font_size_tablet":0,"ocean_menu_typo_font_size_mobile":0,"ocean_menu_typo_font_size_unit":"px","ocean_menu_typo_font_weight":"","ocean_menu_typo_font_weight_tablet":"","ocean_menu_typo_font_weight_mobile":"","ocean_menu_typo_transform":"","ocean_menu_typo_transform_tablet":"","ocean_menu_typo_transform_mobile":"","ocean_menu_typo_line_height":0,"ocean_menu_typo_line_height_tablet":0,"ocean_menu_typo_line_height_mobile":0,"ocean_menu_typo_line_height_unit":"","ocean_menu_typo_spacing":0,"ocean_menu_typo_spacing_tablet":0,"ocean_menu_typo_spacing_mobile":0,"ocean_menu_typo_spacing_unit":"","ocean_menu_link_color":"","ocean_menu_link_color_hover":"","ocean_menu_link_color_active":"","ocean_menu_link_background":"","ocean_menu_link_hover_background":"","ocean_menu_link_active_background":"","ocean_menu_social_links_bg":"","ocean_menu_social_hover_links_bg":"","ocean_menu_social_links_color":"","ocean_menu_social_hover_links_color":"","ocean_disable_title":"default","ocean_disable_heading":"default","ocean_post_title":"","ocean_post_subheading":"","ocean_post_title_style":"","ocean_post_title_background_color":"","ocean_post_title_background":0,"ocean_post_title_bg_image_position":"","ocean_post_title_bg_image_attachment":"","ocean_post_title_bg_image_repeat":"","ocean_post_title_bg_image_size":"","ocean_post_title_height":0,"ocean_post_title_bg_overlay":0.5,"ocean_post_title_bg_overlay_color":"","ocean_disable_breadcrumbs":"default","ocean_breadcrumbs_color":"","ocean_breadcrumbs_separator_color":"","ocean_breadcrumbs_links_color":"","ocean_breadcrumbs_links_hover_color":"","ocean_display_footer_widgets":"default","ocean_display_footer_bottom":"default","ocean_custom_footer_template":"0","_themeisle_gutenberg_block_has_review":false},"product_brand":[],"product_cat":[90],"product_tag":[],"class_list":{"0":"post-2636","1":"product","2":"type-product","3":"status-publish","4":"has-post-thumbnail","6":"product_cat-peintures","8":"entry","9":"has-media","11":"first","12":"instock","13":"shipping-taxable","14":"purchasable","15":"product-type-simple","16":"has-product-nav","17":"col","18":"span_1_of_3","19":"owp-content-center","20":"owp-thumbs-layout-horizontal","21":"owp-btn-normal","22":"owp-tabs-layout-horizontal","23":"has-no-thumbnails","25":"circle-sale"},"jetpack_sharing_enabled":true,"_links":{"self":[{"href":"https:\/\/www.lamusereve.fr\/index.php\/wp-json\/wp\/v2\/product\/2636","targetHints":{"allow":["GET"]}}],"collection":[{"href":"https:\/\/www.lamusereve.fr\/index.php\/wp-json\/wp\/v2\/product"}],"about":[{"href":"https:\/\/www.lamusereve.fr\/index.php\/wp-json\/wp\/v2\/types\/product"}],"replies":[{"embeddable":true,"href":"https:\/\/www.lamusereve.fr\/index.php\/wp-json\/wp\/v2\/comments?post=2636"}],"wp:featuredmedia":[{"embeddable":true,"href":"https:\/\/www.lamusereve.fr\/index.php\/wp-json\/wp\/v2\/media\/2677"}],"wp:attachment":[{"href":"https:\/\/www.lamusereve.fr\/index.php\/wp-json\/wp\/v2\/media?parent=2636"}],"wp:term":[{"taxonomy":"product_brand","embeddable":true,"href":"https:\/\/www.lamusereve.fr\/index.php\/wp-json\/wp\/v2\/product_brand?post=2636"},{"taxonomy":"product_cat","embeddable":true,"href":"https:\/\/www.lamusereve.fr\/index.php\/wp-json\/wp\/v2\/product_cat?post=2636"},{"taxonomy":"product_tag","embeddable":true,"href":"https:\/\/www.lamusereve.fr\/index.php\/wp-json\/wp\/v2\/product_tag?post=2636"}],"curies":[{"name":"wp","href":"https:\/\/api.w.org\/{rel}","templated":true}]}}