{"id":2635,"date":"2025-07-01T16:17:39","date_gmt":"2025-07-01T14:17:39","guid":{"rendered":"https:\/\/www.lamusereve.fr\/?post_type=product&#038;p=2635"},"modified":"2025-07-01T18:27:37","modified_gmt":"2025-07-01T16:27:37","slug":"stabilo-feutres-power-max-pointe-large-x12","status":"publish","type":"product","link":"https:\/\/www.lamusereve.fr\/index.php\/produit\/stabilo-feutres-power-max-pointe-large-x12\/","title":{"rendered":"Stabilo &#8211; Feutres Power max pointe large x12"},"content":{"rendered":"<div class=\"stabilo-main-text\">Fabriqu\u00e9 en Europe, STABILO power max est le feutre de coloriage pointe extra large parfait pour les enfants d\u00e8s 3 ans. Gr\u00e2ce \u00e0 son corps large, les plus petits peuvent bien le prendre en main et son trac\u00e9 de 3 mm permet de colorier rapidement de larges surfaces. Et comme il arrive d&rsquo;oublier de remettre le capuchon, ce feutre peut rester ouvert jusqu&rsquo;\u00e0 8 semaines sans s\u00e9cher ! Sa pointe est bloqu\u00e9e pour r\u00e9sister \u00e0 la pression : elle ne se casse pas et ne se tord pas pour plus de s\u00e9curit\u00e9. Son capuchon est ventil\u00e9 en cas d&rsquo;ingestion et son encre est lavable sur la plupart des textiles (lavage \u00e0 60\u00b0 en machine).<\/div>\n<p class=\"lg product-detail-description-text\">STABILO power max en \u00e9tui carton de 12 feutres de coloriage. Retrouvez le d\u00e9tail des 12 couleurs dans la rubrique caract\u00e9ristiques.<\/p>\n<ul class=\"lg\">\n<li>Protection anti-dess\u00e8chement : peut rester ouvert jusqu&rsquo;\u00e0 8 semaines sans s\u00e9cher<\/li>\n<li>Pointe XL r\u00e9sistante \u00e0 la pression<\/li>\n<li>Encre \u00e0 base d&rsquo;eau lavable d\u00e8s 60\u00b0C en machine sur la plupart des textiles<\/li>\n<li>Largeur de trac\u00e9 : 3 mm<\/li>\n<li>Le capuchon peut s&rsquo;accrocher \u00e0 l&rsquo;extr\u00e9mit\u00e9 du feutre<\/li>\n<li>Fabriqu\u00e9 par STABILO en Europe<\/li>\n<li>Disponible en 18 couleurs intenses et lumineuses<\/li>\n<\/ul>\n","protected":false},"excerpt":{"rendered":"<p>Fabriqu\u00e9 en Europe, STABILO power max est le feutre de coloriage pointe extra large parfait pour les enfants d\u00e8s 3 ans. Gr\u00e2ce \u00e0 son corps large, les plus petits peuvent bien le prendre en main et son trac\u00e9 de 3 mm permet de colorier rapidement de larges surfaces. Et comme il arrive d&rsquo;oublier de remettre [&hellip;]<\/p>\n","protected":false},"featured_media":2675,"comment_status":"open","ping_status":"closed","template":"","meta":{"ocean_post_layout":"","ocean_both_sidebars_style":"","ocean_both_sidebars_content_width":0,"ocean_both_sidebars_sidebars_width":0,"ocean_sidebar":"0","ocean_second_sidebar":"0","ocean_disable_margins":"enable","ocean_add_body_class":"","ocean_shortcode_before_top_bar":"","ocean_shortcode_after_top_bar":"","ocean_shortcode_before_header":"","ocean_shortcode_after_header":"","ocean_has_shortcode":"","ocean_shortcode_after_title":"","ocean_shortcode_before_footer_widgets":"","ocean_shortcode_after_footer_widgets":"","ocean_shortcode_before_footer_bottom":"","ocean_shortcode_after_footer_bottom":"","ocean_display_top_bar":"default","ocean_display_header":"default","ocean_header_style":"","ocean_center_header_left_menu":"0","ocean_custom_header_template":"0","ocean_custom_logo":0,"ocean_custom_retina_logo":0,"ocean_custom_logo_max_width":0,"ocean_custom_logo_tablet_max_width":0,"ocean_custom_logo_mobile_max_width":0,"ocean_custom_logo_max_height":0,"ocean_custom_logo_tablet_max_height":0,"ocean_custom_logo_mobile_max_height":0,"ocean_header_custom_menu":"0","ocean_menu_typo_font_family":"0","ocean_menu_typo_font_subset":"","ocean_menu_typo_font_size":0,"ocean_menu_typo_font_size_tablet":0,"ocean_menu_typo_font_size_mobile":0,"ocean_menu_typo_font_size_unit":"px","ocean_menu_typo_font_weight":"","ocean_menu_typo_font_weight_tablet":"","ocean_menu_typo_font_weight_mobile":"","ocean_menu_typo_transform":"","ocean_menu_typo_transform_tablet":"","ocean_menu_typo_transform_mobile":"","ocean_menu_typo_line_height":0,"ocean_menu_typo_line_height_tablet":0,"ocean_menu_typo_line_height_mobile":0,"ocean_menu_typo_line_height_unit":"","ocean_menu_typo_spacing":0,"ocean_menu_typo_spacing_tablet":0,"ocean_menu_typo_spacing_mobile":0,"ocean_menu_typo_spacing_unit":"","ocean_menu_link_color":"","ocean_menu_link_color_hover":"","ocean_menu_link_color_active":"","ocean_menu_link_background":"","ocean_menu_link_hover_background":"","ocean_menu_link_active_background":"","ocean_menu_social_links_bg":"","ocean_menu_social_hover_links_bg":"","ocean_menu_social_links_color":"","ocean_menu_social_hover_links_color":"","ocean_disable_title":"default","ocean_disable_heading":"default","ocean_post_title":"","ocean_post_subheading":"","ocean_post_title_style":"","ocean_post_title_background_color":"","ocean_post_title_background":0,"ocean_post_title_bg_image_position":"","ocean_post_title_bg_image_attachment":"","ocean_post_title_bg_image_repeat":"","ocean_post_title_bg_image_size":"","ocean_post_title_height":0,"ocean_post_title_bg_overlay":0.5,"ocean_post_title_bg_overlay_color":"","ocean_disable_breadcrumbs":"default","ocean_breadcrumbs_color":"","ocean_breadcrumbs_separator_color":"","ocean_breadcrumbs_links_color":"","ocean_breadcrumbs_links_hover_color":"","ocean_display_footer_widgets":"default","ocean_display_footer_bottom":"default","ocean_custom_footer_template":"0","_themeisle_gutenberg_block_has_review":false},"product_brand":[],"product_cat":[89],"product_tag":[],"class_list":{"0":"post-2635","1":"product","2":"type-product","3":"status-publish","4":"has-post-thumbnail","6":"product_cat-feutres","8":"entry","9":"has-media","11":"first","12":"instock","13":"shipping-taxable","14":"purchasable","15":"product-type-simple","16":"has-product-nav","17":"col","18":"span_1_of_3","19":"owp-content-center","20":"owp-thumbs-layout-horizontal","21":"owp-btn-normal","22":"owp-tabs-layout-horizontal","23":"has-no-thumbnails","25":"circle-sale"},"jetpack_sharing_enabled":true,"_links":{"self":[{"href":"https:\/\/www.lamusereve.fr\/index.php\/wp-json\/wp\/v2\/product\/2635","targetHints":{"allow":["GET"]}}],"collection":[{"href":"https:\/\/www.lamusereve.fr\/index.php\/wp-json\/wp\/v2\/product"}],"about":[{"href":"https:\/\/www.lamusereve.fr\/index.php\/wp-json\/wp\/v2\/types\/product"}],"replies":[{"embeddable":true,"href":"https:\/\/www.lamusereve.fr\/index.php\/wp-json\/wp\/v2\/comments?post=2635"}],"wp:featuredmedia":[{"embeddable":true,"href":"https:\/\/www.lamusereve.fr\/index.php\/wp-json\/wp\/v2\/media\/2675"}],"wp:attachment":[{"href":"https:\/\/www.lamusereve.fr\/index.php\/wp-json\/wp\/v2\/media?parent=2635"}],"wp:term":[{"taxonomy":"product_brand","embeddable":true,"href":"https:\/\/www.lamusereve.fr\/index.php\/wp-json\/wp\/v2\/product_brand?post=2635"},{"taxonomy":"product_cat","embeddable":true,"href":"https:\/\/www.lamusereve.fr\/index.php\/wp-json\/wp\/v2\/product_cat?post=2635"},{"taxonomy":"product_tag","embeddable":true,"href":"https:\/\/www.lamusereve.fr\/index.php\/wp-json\/wp\/v2\/product_tag?post=2635"}],"curies":[{"name":"wp","href":"https:\/\/api.w.org\/{rel}","templated":true}]}}