{"id":2626,"date":"2025-07-01T16:11:43","date_gmt":"2025-07-01T14:11:43","guid":{"rendered":"https:\/\/www.lamusereve.fr\/?post_type=product&#038;p=2626"},"modified":"2025-07-01T16:11:43","modified_gmt":"2025-07-01T14:11:43","slug":"maped-feutres-colorpeps-first-jumbo-x12","status":"publish","type":"product","link":"https:\/\/www.lamusereve.fr\/index.php\/produit\/maped-feutres-colorpeps-first-jumbo-x12\/","title":{"rendered":"Maped &#8211; Feutres Colorpep&rsquo;s First Jumbo x12"},"content":{"rendered":"<p>D\u00e8s leur plus jeune \u00e2ge, les enfants ont besoin d\u2019exprimer leur cr\u00e9ativit\u00e9 et de faire comme leur grand fr\u00e8re ou grande s\u0153ur. Les 12 <a href=\"https:\/\/fr.maped.com\/product-category\/feutres\/\">feutres<\/a> pour b\u00e9b\u00e9 Color\u2019Peps Jumbo sont id\u00e9als et s\u2019adaptent \u00e0 une premi\u00e8re utilisation des feutres de couleur !<\/p>\n<p>&nbsp;<\/p>\n<p>Avec une longueur de 15 cm et plus larges que des feutres classiques, le format des feutres de coloriage Color\u2019Peps Jumbo est sp\u00e9cialement adapt\u00e9 aux petites mains des enfants en bas \u00e2ge. Gr\u00e2ce \u00e0 la pointe s\u00e9curit\u00e9, l\u2019enfant peut appuyer aussi fort qu\u2019il le souhaite avec la mine du feutre, celle-ci ne s\u2019enfonce pas et reste parfaitement bloqu\u00e9e dans les deux sens (elle ne peut s\u2019enfoncer, ni \u00eatre arrach\u00e9e).<\/p>\n<p>&nbsp;<\/p>\n<p>Tr\u00e8s pratique pour les parents, l\u2019encre des feutres est facilement nettoyable sur la peau et m\u00eame sur les v\u00eatements de l\u2019enfant. Un stress en moins pour les parents qui permet aux enfants de s\u2019adonner en toute libert\u00e9 \u00e0 leur cr\u00e9ativit\u00e9 d\u00e9bordante !<\/p>\n","protected":false},"excerpt":{"rendered":"<p>D\u00e8s leur plus jeune \u00e2ge, les enfants ont besoin d\u2019exprimer leur cr\u00e9ativit\u00e9 et de faire comme leur grand fr\u00e8re ou grande s\u0153ur. Les 12 feutres pour b\u00e9b\u00e9 Color\u2019Peps Jumbo sont id\u00e9als et s\u2019adaptent \u00e0 une premi\u00e8re utilisation des feutres de couleur ! &nbsp; Avec une longueur de 15 cm et plus larges que des feutres [&hellip;]<\/p>\n","protected":false},"featured_media":2627,"comment_status":"open","ping_status":"closed","template":"","meta":{"ocean_post_layout":"","ocean_both_sidebars_style":"","ocean_both_sidebars_content_width":0,"ocean_both_sidebars_sidebars_width":0,"ocean_sidebar":"0","ocean_second_sidebar":"0","ocean_disable_margins":"enable","ocean_add_body_class":"","ocean_shortcode_before_top_bar":"","ocean_shortcode_after_top_bar":"","ocean_shortcode_before_header":"","ocean_shortcode_after_header":"","ocean_has_shortcode":"","ocean_shortcode_after_title":"","ocean_shortcode_before_footer_widgets":"","ocean_shortcode_after_footer_widgets":"","ocean_shortcode_before_footer_bottom":"","ocean_shortcode_after_footer_bottom":"","ocean_display_top_bar":"default","ocean_display_header":"default","ocean_header_style":"","ocean_center_header_left_menu":"0","ocean_custom_header_template":"0","ocean_custom_logo":0,"ocean_custom_retina_logo":0,"ocean_custom_logo_max_width":0,"ocean_custom_logo_tablet_max_width":0,"ocean_custom_logo_mobile_max_width":0,"ocean_custom_logo_max_height":0,"ocean_custom_logo_tablet_max_height":0,"ocean_custom_logo_mobile_max_height":0,"ocean_header_custom_menu":"0","ocean_menu_typo_font_family":"0","ocean_menu_typo_font_subset":"","ocean_menu_typo_font_size":0,"ocean_menu_typo_font_size_tablet":0,"ocean_menu_typo_font_size_mobile":0,"ocean_menu_typo_font_size_unit":"px","ocean_menu_typo_font_weight":"","ocean_menu_typo_font_weight_tablet":"","ocean_menu_typo_font_weight_mobile":"","ocean_menu_typo_transform":"","ocean_menu_typo_transform_tablet":"","ocean_menu_typo_transform_mobile":"","ocean_menu_typo_line_height":0,"ocean_menu_typo_line_height_tablet":0,"ocean_menu_typo_line_height_mobile":0,"ocean_menu_typo_line_height_unit":"","ocean_menu_typo_spacing":0,"ocean_menu_typo_spacing_tablet":0,"ocean_menu_typo_spacing_mobile":0,"ocean_menu_typo_spacing_unit":"","ocean_menu_link_color":"","ocean_menu_link_color_hover":"","ocean_menu_link_color_active":"","ocean_menu_link_background":"","ocean_menu_link_hover_background":"","ocean_menu_link_active_background":"","ocean_menu_social_links_bg":"","ocean_menu_social_hover_links_bg":"","ocean_menu_social_links_color":"","ocean_menu_social_hover_links_color":"","ocean_disable_title":"default","ocean_disable_heading":"default","ocean_post_title":"","ocean_post_subheading":"","ocean_post_title_style":"","ocean_post_title_background_color":"","ocean_post_title_background":0,"ocean_post_title_bg_image_position":"","ocean_post_title_bg_image_attachment":"","ocean_post_title_bg_image_repeat":"","ocean_post_title_bg_image_size":"","ocean_post_title_height":0,"ocean_post_title_bg_overlay":0.5,"ocean_post_title_bg_overlay_color":"","ocean_disable_breadcrumbs":"default","ocean_breadcrumbs_color":"","ocean_breadcrumbs_separator_color":"","ocean_breadcrumbs_links_color":"","ocean_breadcrumbs_links_hover_color":"","ocean_display_footer_widgets":"default","ocean_display_footer_bottom":"default","ocean_custom_footer_template":"0","_themeisle_gutenberg_block_has_review":false},"product_brand":[],"product_cat":[89],"product_tag":[],"class_list":{"0":"post-2626","1":"product","2":"type-product","3":"status-publish","4":"has-post-thumbnail","6":"product_cat-feutres","8":"entry","9":"has-media","11":"first","12":"instock","13":"shipping-taxable","14":"purchasable","15":"product-type-simple","16":"has-product-nav","17":"col","18":"span_1_of_3","19":"owp-content-center","20":"owp-thumbs-layout-horizontal","21":"owp-btn-normal","22":"owp-tabs-layout-horizontal","23":"has-no-thumbnails","25":"circle-sale"},"jetpack_sharing_enabled":true,"_links":{"self":[{"href":"https:\/\/www.lamusereve.fr\/index.php\/wp-json\/wp\/v2\/product\/2626","targetHints":{"allow":["GET"]}}],"collection":[{"href":"https:\/\/www.lamusereve.fr\/index.php\/wp-json\/wp\/v2\/product"}],"about":[{"href":"https:\/\/www.lamusereve.fr\/index.php\/wp-json\/wp\/v2\/types\/product"}],"replies":[{"embeddable":true,"href":"https:\/\/www.lamusereve.fr\/index.php\/wp-json\/wp\/v2\/comments?post=2626"}],"wp:featuredmedia":[{"embeddable":true,"href":"https:\/\/www.lamusereve.fr\/index.php\/wp-json\/wp\/v2\/media\/2627"}],"wp:attachment":[{"href":"https:\/\/www.lamusereve.fr\/index.php\/wp-json\/wp\/v2\/media?parent=2626"}],"wp:term":[{"taxonomy":"product_brand","embeddable":true,"href":"https:\/\/www.lamusereve.fr\/index.php\/wp-json\/wp\/v2\/product_brand?post=2626"},{"taxonomy":"product_cat","embeddable":true,"href":"https:\/\/www.lamusereve.fr\/index.php\/wp-json\/wp\/v2\/product_cat?post=2626"},{"taxonomy":"product_tag","embeddable":true,"href":"https:\/\/www.lamusereve.fr\/index.php\/wp-json\/wp\/v2\/product_tag?post=2626"}],"curies":[{"name":"wp","href":"https:\/\/api.w.org\/{rel}","templated":true}]}}