{"id":2604,"date":"2025-07-01T15:31:22","date_gmt":"2025-07-01T13:31:22","guid":{"rendered":"https:\/\/www.lamusereve.fr\/?post_type=product&#038;p=2604"},"modified":"2025-07-01T16:04:31","modified_gmt":"2025-07-01T14:04:31","slug":"stabilo-etui-12-crayons-trio-thick-taille-crayons","status":"publish","type":"product","link":"https:\/\/www.lamusereve.fr\/index.php\/produit\/stabilo-etui-12-crayons-trio-thick-taille-crayons\/","title":{"rendered":"Stabilo &#8211; Etui 12 crayons Trio Thick + taille-crayons"},"content":{"rendered":"<div class=\"offcanvas-body\">\n<div class=\"row\">\n<div class=\"col-xl-7\">\n<div class=\"product-detail-description tab-pane-container\">\n<div class=\"h2 product-detail-description-title headline-secondary\">Pour les futurs grands artistes<\/div>\n<div class=\"stabilo-main-text\">STABILO Trio est un crayon de couleur au corps large adapt\u00e9 aux mains des jeunes enfants. Sa forme triangulaire assure une prise en main facile et confortable. Sa mine robuste et anti-casse de 4,2 mm offre un trac\u00e9 \u00e9pais qui permet de colorier sans effort de grandes surfaces. Ses 18 couleurs sont tr\u00e8s riches en pigments, pour des dessins et des coloriages intenses et lumineux, \u00e0 l&rsquo;\u00e9cole ou \u00e0 la maison. Fabriqu\u00e9s par STABILO en Europe, les crayons sont en bois 100% certifi\u00e9, issu de for\u00eats g\u00e9r\u00e9es durablement.<\/div>\n<p class=\"lg product-detail-description-text\">STABILO Trio en \u00e9tui carton de 12 crayons de couleur + 1 taille-crayon. Retrouvez le d\u00e9tail des 12 couleurs dans la rubrique caract\u00e9ristiques.<\/p>\n<ul class=\"lg\">\n<li>Corps large et triangulaire pour une bonne prise en main<\/li>\n<li>Id\u00e9al pour les jeunes enfants \u00e0 partir de la maternelle<\/li>\n<li>Mine solide de 4,2 mm<\/li>\n<li>Couleurs intenses et brillantes<\/li>\n<li>Fabriqu\u00e9 \u00e0 partir de bois certifi\u00e9, provenant de for\u00eats g\u00e9r\u00e9es durablement<\/li>\n<li>Fabriqu\u00e9 par STABILO en Europe<\/li>\n<li>Existe aussi en version mini : STABILO Trio court<\/li>\n<\/ul>\n<\/div>\n<\/div>\n<\/div>\n<\/div>\n","protected":false},"excerpt":{"rendered":"<p>Pour les futurs grands artistes STABILO Trio est un crayon de couleur au corps large adapt\u00e9 aux mains des jeunes enfants. Sa forme triangulaire assure une prise en main facile et confortable. Sa mine robuste et anti-casse de 4,2 mm offre un trac\u00e9 \u00e9pais qui permet de colorier sans effort de grandes surfaces. Ses 18 [&hellip;]<\/p>\n","protected":false},"featured_media":2620,"comment_status":"open","ping_status":"closed","template":"","meta":{"ocean_post_layout":"","ocean_both_sidebars_style":"","ocean_both_sidebars_content_width":0,"ocean_both_sidebars_sidebars_width":0,"ocean_sidebar":"0","ocean_second_sidebar":"0","ocean_disable_margins":"enable","ocean_add_body_class":"","ocean_shortcode_before_top_bar":"","ocean_shortcode_after_top_bar":"","ocean_shortcode_before_header":"","ocean_shortcode_after_header":"","ocean_has_shortcode":"","ocean_shortcode_after_title":"","ocean_shortcode_before_footer_widgets":"","ocean_shortcode_after_footer_widgets":"","ocean_shortcode_before_footer_bottom":"","ocean_shortcode_after_footer_bottom":"","ocean_display_top_bar":"default","ocean_display_header":"default","ocean_header_style":"","ocean_center_header_left_menu":"0","ocean_custom_header_template":"0","ocean_custom_logo":0,"ocean_custom_retina_logo":0,"ocean_custom_logo_max_width":0,"ocean_custom_logo_tablet_max_width":0,"ocean_custom_logo_mobile_max_width":0,"ocean_custom_logo_max_height":0,"ocean_custom_logo_tablet_max_height":0,"ocean_custom_logo_mobile_max_height":0,"ocean_header_custom_menu":"0","ocean_menu_typo_font_family":"0","ocean_menu_typo_font_subset":"","ocean_menu_typo_font_size":0,"ocean_menu_typo_font_size_tablet":0,"ocean_menu_typo_font_size_mobile":0,"ocean_menu_typo_font_size_unit":"px","ocean_menu_typo_font_weight":"","ocean_menu_typo_font_weight_tablet":"","ocean_menu_typo_font_weight_mobile":"","ocean_menu_typo_transform":"","ocean_menu_typo_transform_tablet":"","ocean_menu_typo_transform_mobile":"","ocean_menu_typo_line_height":0,"ocean_menu_typo_line_height_tablet":0,"ocean_menu_typo_line_height_mobile":0,"ocean_menu_typo_line_height_unit":"","ocean_menu_typo_spacing":0,"ocean_menu_typo_spacing_tablet":0,"ocean_menu_typo_spacing_mobile":0,"ocean_menu_typo_spacing_unit":"","ocean_menu_link_color":"","ocean_menu_link_color_hover":"","ocean_menu_link_color_active":"","ocean_menu_link_background":"","ocean_menu_link_hover_background":"","ocean_menu_link_active_background":"","ocean_menu_social_links_bg":"","ocean_menu_social_hover_links_bg":"","ocean_menu_social_links_color":"","ocean_menu_social_hover_links_color":"","ocean_disable_title":"default","ocean_disable_heading":"default","ocean_post_title":"","ocean_post_subheading":"","ocean_post_title_style":"","ocean_post_title_background_color":"","ocean_post_title_background":0,"ocean_post_title_bg_image_position":"","ocean_post_title_bg_image_attachment":"","ocean_post_title_bg_image_repeat":"","ocean_post_title_bg_image_size":"","ocean_post_title_height":0,"ocean_post_title_bg_overlay":0.5,"ocean_post_title_bg_overlay_color":"","ocean_disable_breadcrumbs":"default","ocean_breadcrumbs_color":"","ocean_breadcrumbs_separator_color":"","ocean_breadcrumbs_links_color":"","ocean_breadcrumbs_links_hover_color":"","ocean_display_footer_widgets":"default","ocean_display_footer_bottom":"default","ocean_custom_footer_template":"0","_themeisle_gutenberg_block_has_review":false},"product_brand":[],"product_cat":[88],"product_tag":[],"class_list":{"0":"post-2604","1":"product","2":"type-product","3":"status-publish","4":"has-post-thumbnail","6":"product_cat-crayons","8":"entry","9":"has-media","11":"first","12":"instock","13":"shipping-taxable","14":"purchasable","15":"product-type-simple","16":"has-product-nav","17":"col","18":"span_1_of_3","19":"owp-content-center","20":"owp-thumbs-layout-horizontal","21":"owp-btn-normal","22":"owp-tabs-layout-horizontal","23":"has-no-thumbnails","25":"circle-sale"},"jetpack_sharing_enabled":true,"_links":{"self":[{"href":"https:\/\/www.lamusereve.fr\/index.php\/wp-json\/wp\/v2\/product\/2604","targetHints":{"allow":["GET"]}}],"collection":[{"href":"https:\/\/www.lamusereve.fr\/index.php\/wp-json\/wp\/v2\/product"}],"about":[{"href":"https:\/\/www.lamusereve.fr\/index.php\/wp-json\/wp\/v2\/types\/product"}],"replies":[{"embeddable":true,"href":"https:\/\/www.lamusereve.fr\/index.php\/wp-json\/wp\/v2\/comments?post=2604"}],"wp:featuredmedia":[{"embeddable":true,"href":"https:\/\/www.lamusereve.fr\/index.php\/wp-json\/wp\/v2\/media\/2620"}],"wp:attachment":[{"href":"https:\/\/www.lamusereve.fr\/index.php\/wp-json\/wp\/v2\/media?parent=2604"}],"wp:term":[{"taxonomy":"product_brand","embeddable":true,"href":"https:\/\/www.lamusereve.fr\/index.php\/wp-json\/wp\/v2\/product_brand?post=2604"},{"taxonomy":"product_cat","embeddable":true,"href":"https:\/\/www.lamusereve.fr\/index.php\/wp-json\/wp\/v2\/product_cat?post=2604"},{"taxonomy":"product_tag","embeddable":true,"href":"https:\/\/www.lamusereve.fr\/index.php\/wp-json\/wp\/v2\/product_tag?post=2604"}],"curies":[{"name":"wp","href":"https:\/\/api.w.org\/{rel}","templated":true}]}}