{"id":2599,"date":"2025-07-01T15:27:54","date_gmt":"2025-07-01T13:27:54","guid":{"rendered":"https:\/\/www.lamusereve.fr\/?post_type=product&#038;p=2599"},"modified":"2025-07-01T15:57:54","modified_gmt":"2025-07-01T13:57:54","slug":"crayons-aquarellables-arty-x12","status":"publish","type":"product","link":"https:\/\/www.lamusereve.fr\/index.php\/produit\/crayons-aquarellables-arty-x12\/","title":{"rendered":"Stabilo &#8211; Crayons aquarellables Arty x12"},"content":{"rendered":"<div class=\"stabilo-main-text\">Le crayon de couleur aquarellable STABILOaquacolor permet d&rsquo;obtenir d&rsquo;impressionnants effets de peinture. Ces crayons de haute qualit\u00e9 poss\u00e8dent une mine robuste de diam\u00e8tre 2,8 mm et une riche palette de 36 coloris lumineux permettant une application intense de la couleur. Les crayons STABILOaquacolor peuvent s&rsquo;utiliser \u00e0 sec ou avec de l&rsquo;eau pour exp\u00e9rimenter d&rsquo;harmonieux m\u00e9langes de couleurs et de subtils effets de peinture, de nuance ou de d\u00e9grad\u00e9. Il est \u00e9galement possible d&rsquo;exploiter la couleur pr\u00e9lev\u00e9e avec un pinceau directement sur la mine du crayon. Fabriqu\u00e9s par STABILO en Europe, ces crayons sont fabriqu\u00e9s \u00e0 100% en bois certifi\u00e9 issu de for\u00eats g\u00e9r\u00e9es durablement.<\/div>\n<p class=\"lg product-detail-description-text\">STABILOaquacolor ARTY en \u00e9tui carton de 12 crayons de couleur aquarellables. Retrouvez le d\u00e9tail des 12 couleurs dans la rubrique caract\u00e9ristiques.<\/p>\n<ul class=\"lg\">\n<li>Crayon de qualit\u00e9 permettant de r\u00e9aliser des effets d&rsquo;aquarelle<\/li>\n<li>Large palette de 36 coloris riches en pigments pour une application g\u00e9n\u00e9reuse et intense de la couleur<\/li>\n<li>Diam\u00e8tre de la mine : 2,8 mm<\/li>\n<li>Fabriqu\u00e9 \u00e0 partir de bois certifi\u00e9, provenant de for\u00eats g\u00e9r\u00e9es durablement<\/li>\n<\/ul>\n","protected":false},"excerpt":{"rendered":"<p>Le crayon de couleur aquarellable STABILOaquacolor permet d&rsquo;obtenir d&rsquo;impressionnants effets de peinture. Ces crayons de haute qualit\u00e9 poss\u00e8dent une mine robuste de diam\u00e8tre 2,8 mm et une riche palette de 36 coloris lumineux permettant une application intense de la couleur. Les crayons STABILOaquacolor peuvent s&rsquo;utiliser \u00e0 sec ou avec de l&rsquo;eau pour exp\u00e9rimenter d&rsquo;harmonieux m\u00e9langes [&hellip;]<\/p>\n","protected":false},"featured_media":2615,"comment_status":"open","ping_status":"closed","template":"","meta":{"ocean_post_layout":"","ocean_both_sidebars_style":"","ocean_both_sidebars_content_width":0,"ocean_both_sidebars_sidebars_width":0,"ocean_sidebar":"0","ocean_second_sidebar":"0","ocean_disable_margins":"enable","ocean_add_body_class":"","ocean_shortcode_before_top_bar":"","ocean_shortcode_after_top_bar":"","ocean_shortcode_before_header":"","ocean_shortcode_after_header":"","ocean_has_shortcode":"","ocean_shortcode_after_title":"","ocean_shortcode_before_footer_widgets":"","ocean_shortcode_after_footer_widgets":"","ocean_shortcode_before_footer_bottom":"","ocean_shortcode_after_footer_bottom":"","ocean_display_top_bar":"default","ocean_display_header":"default","ocean_header_style":"","ocean_center_header_left_menu":"0","ocean_custom_header_template":"0","ocean_custom_logo":0,"ocean_custom_retina_logo":0,"ocean_custom_logo_max_width":0,"ocean_custom_logo_tablet_max_width":0,"ocean_custom_logo_mobile_max_width":0,"ocean_custom_logo_max_height":0,"ocean_custom_logo_tablet_max_height":0,"ocean_custom_logo_mobile_max_height":0,"ocean_header_custom_menu":"0","ocean_menu_typo_font_family":"0","ocean_menu_typo_font_subset":"","ocean_menu_typo_font_size":0,"ocean_menu_typo_font_size_tablet":0,"ocean_menu_typo_font_size_mobile":0,"ocean_menu_typo_font_size_unit":"px","ocean_menu_typo_font_weight":"","ocean_menu_typo_font_weight_tablet":"","ocean_menu_typo_font_weight_mobile":"","ocean_menu_typo_transform":"","ocean_menu_typo_transform_tablet":"","ocean_menu_typo_transform_mobile":"","ocean_menu_typo_line_height":0,"ocean_menu_typo_line_height_tablet":0,"ocean_menu_typo_line_height_mobile":0,"ocean_menu_typo_line_height_unit":"","ocean_menu_typo_spacing":0,"ocean_menu_typo_spacing_tablet":0,"ocean_menu_typo_spacing_mobile":0,"ocean_menu_typo_spacing_unit":"","ocean_menu_link_color":"","ocean_menu_link_color_hover":"","ocean_menu_link_color_active":"","ocean_menu_link_background":"","ocean_menu_link_hover_background":"","ocean_menu_link_active_background":"","ocean_menu_social_links_bg":"","ocean_menu_social_hover_links_bg":"","ocean_menu_social_links_color":"","ocean_menu_social_hover_links_color":"","ocean_disable_title":"default","ocean_disable_heading":"default","ocean_post_title":"","ocean_post_subheading":"","ocean_post_title_style":"","ocean_post_title_background_color":"","ocean_post_title_background":0,"ocean_post_title_bg_image_position":"","ocean_post_title_bg_image_attachment":"","ocean_post_title_bg_image_repeat":"","ocean_post_title_bg_image_size":"","ocean_post_title_height":0,"ocean_post_title_bg_overlay":0.5,"ocean_post_title_bg_overlay_color":"","ocean_disable_breadcrumbs":"default","ocean_breadcrumbs_color":"","ocean_breadcrumbs_separator_color":"","ocean_breadcrumbs_links_color":"","ocean_breadcrumbs_links_hover_color":"","ocean_display_footer_widgets":"default","ocean_display_footer_bottom":"default","ocean_custom_footer_template":"0","_themeisle_gutenberg_block_has_review":false},"product_brand":[],"product_cat":[88],"product_tag":[],"class_list":{"0":"post-2599","1":"product","2":"type-product","3":"status-publish","4":"has-post-thumbnail","6":"product_cat-crayons","8":"entry","9":"has-media","11":"first","12":"instock","13":"shipping-taxable","14":"purchasable","15":"product-type-simple","16":"has-product-nav","17":"col","18":"span_1_of_3","19":"owp-content-center","20":"owp-thumbs-layout-horizontal","21":"owp-btn-normal","22":"owp-tabs-layout-horizontal","23":"has-no-thumbnails","25":"circle-sale"},"jetpack_sharing_enabled":true,"_links":{"self":[{"href":"https:\/\/www.lamusereve.fr\/index.php\/wp-json\/wp\/v2\/product\/2599","targetHints":{"allow":["GET"]}}],"collection":[{"href":"https:\/\/www.lamusereve.fr\/index.php\/wp-json\/wp\/v2\/product"}],"about":[{"href":"https:\/\/www.lamusereve.fr\/index.php\/wp-json\/wp\/v2\/types\/product"}],"replies":[{"embeddable":true,"href":"https:\/\/www.lamusereve.fr\/index.php\/wp-json\/wp\/v2\/comments?post=2599"}],"wp:featuredmedia":[{"embeddable":true,"href":"https:\/\/www.lamusereve.fr\/index.php\/wp-json\/wp\/v2\/media\/2615"}],"wp:attachment":[{"href":"https:\/\/www.lamusereve.fr\/index.php\/wp-json\/wp\/v2\/media?parent=2599"}],"wp:term":[{"taxonomy":"product_brand","embeddable":true,"href":"https:\/\/www.lamusereve.fr\/index.php\/wp-json\/wp\/v2\/product_brand?post=2599"},{"taxonomy":"product_cat","embeddable":true,"href":"https:\/\/www.lamusereve.fr\/index.php\/wp-json\/wp\/v2\/product_cat?post=2599"},{"taxonomy":"product_tag","embeddable":true,"href":"https:\/\/www.lamusereve.fr\/index.php\/wp-json\/wp\/v2\/product_tag?post=2599"}],"curies":[{"name":"wp","href":"https:\/\/api.w.org\/{rel}","templated":true}]}}