{"id":2598,"date":"2025-07-01T15:27:37","date_gmt":"2025-07-01T13:27:37","guid":{"rendered":"https:\/\/www.lamusereve.fr\/?post_type=product&#038;p=2598"},"modified":"2025-07-01T15:51:53","modified_gmt":"2025-07-01T13:51:53","slug":"woody-3-en-1-x10-taille-crayons","status":"publish","type":"product","link":"https:\/\/www.lamusereve.fr\/index.php\/produit\/woody-3-en-1-x10-taille-crayons\/","title":{"rendered":"Stabilo &#8211; Woody 3 en 1 x10 + taille-crayons"},"content":{"rendered":"<div class=\"offcanvas-body\">\n<div class=\"row\">\n<div class=\"col-xl-7\">\n<div class=\"product-detail-description tab-pane-container\">\n<div class=\"h2 product-detail-description-title headline-secondary\">Le crayon 3 en 1<\/div>\n<div class=\"stabilo-main-text\">STABILO woody 3 in 1 est l\u2019incontournable crayon multi-talents fabriqu\u00e9 \u00e0 100% en bois certifi\u00e9 PEFC issu de for\u00eats g\u00e9r\u00e9es durablement. Il peut s\u2019utiliser sur de nombreuses surfaces : papier, carton, verre et vitre, plastique, m\u00e9tal, c\u00e9ramique&#8230; et s\u2019efface tr\u00e8s facilement \u00e0 l\u2019aide d\u2019un chiffon humide sur les surfaces lisses non poreuses comme les vitres ou les miroirs. Disponible en 24 couleurs riches en pigments dont 6 couleurs pastel, il peut s\u2019utiliser comme une craie grasse, un crayon de couleur, et il est \u00e9galement aquarellable. Les possibilit\u00e9s cr\u00e9atives sont presque infinies : les couleurs sont aquarellables et miscibles avec de l&rsquo;eau, la couleur peut \u00e9galement s&rsquo;\u00e9taler ou se m\u00e9langer avec les doigts. Avec un corps court et large et une mine XXL de 10 mm ultra solide, il est id\u00e9alement con\u00e7u pour les petits artistes en herbe.<\/div>\n<p class=\"lg product-detail-description-text\">STABILO woody 3 in 1 en \u00e9tui carton de 10 crayons multi-talents + 1 taille-crayon. Retrouvez le d\u00e9tail des 10 couleurs dans la rubrique caract\u00e9ristiques.<\/p>\n<\/div>\n<\/div>\n<\/div>\n<\/div>\n<p><!--more--><\/p>\n<ul class=\"lg\">\n<li>Multi-talents : \u00e0 la fois crayon de couleur, crayon aquarellable et craie grasse<\/li>\n<li>Fort pouvoir couvrant et couleurs intenses m\u00eame sur papier noir ou fonc\u00e9<\/li>\n<li>Il peut \u00eatre utilis\u00e9 sur presque toutes les surfaces : le papier, le carton, le m\u00e9tal, le verre, le plastique, \u2026<\/li>\n<li>Sur les surfaces lisses non poreuses, comme le verre, le plastique, la c\u00e9ramique ou le m\u00e9tal, il s&rsquo;efface d&rsquo;un simple coup de chiffon humide<\/li>\n<li>Parfait pour colorier de grandes surfaces et essayer diff\u00e9rentes techniques cr\u00e9atives<\/li>\n<li>La mine contient 8 fois plus de pigments qu&rsquo;un crayon de couleur classique<\/li>\n<li>Crayon gros module large et rond adapt\u00e9 \u00e0 une main d&rsquo;enfant<\/li>\n<li>Mine XXL ultra solide de 10 mm de diam\u00e8tre<\/li>\n<li>Disponible en 24 couleurs intenses dont 6 pastel<\/li>\n<li>Fabriqu\u00e9 en bois certifi\u00e9 PEFC issu de for\u00eats g\u00e9r\u00e9es durablement<\/li>\n<\/ul>\n","protected":false},"excerpt":{"rendered":"<p>Le crayon 3 en 1 STABILO woody 3 in 1 est l\u2019incontournable crayon multi-talents fabriqu\u00e9 \u00e0 100% en bois certifi\u00e9 PEFC issu de for\u00eats g\u00e9r\u00e9es durablement. Il peut s\u2019utiliser sur de nombreuses surfaces : papier, carton, verre et vitre, plastique, m\u00e9tal, c\u00e9ramique&#8230; et s\u2019efface tr\u00e8s facilement \u00e0 l\u2019aide d\u2019un chiffon humide sur les surfaces lisses [&hellip;]<\/p>\n","protected":false},"featured_media":2611,"comment_status":"open","ping_status":"closed","template":"","meta":{"ocean_post_layout":"","ocean_both_sidebars_style":"","ocean_both_sidebars_content_width":0,"ocean_both_sidebars_sidebars_width":0,"ocean_sidebar":"0","ocean_second_sidebar":"0","ocean_disable_margins":"enable","ocean_add_body_class":"","ocean_shortcode_before_top_bar":"","ocean_shortcode_after_top_bar":"","ocean_shortcode_before_header":"","ocean_shortcode_after_header":"","ocean_has_shortcode":"","ocean_shortcode_after_title":"","ocean_shortcode_before_footer_widgets":"","ocean_shortcode_after_footer_widgets":"","ocean_shortcode_before_footer_bottom":"","ocean_shortcode_after_footer_bottom":"","ocean_display_top_bar":"default","ocean_display_header":"default","ocean_header_style":"","ocean_center_header_left_menu":"0","ocean_custom_header_template":"0","ocean_custom_logo":0,"ocean_custom_retina_logo":0,"ocean_custom_logo_max_width":0,"ocean_custom_logo_tablet_max_width":0,"ocean_custom_logo_mobile_max_width":0,"ocean_custom_logo_max_height":0,"ocean_custom_logo_tablet_max_height":0,"ocean_custom_logo_mobile_max_height":0,"ocean_header_custom_menu":"0","ocean_menu_typo_font_family":"0","ocean_menu_typo_font_subset":"","ocean_menu_typo_font_size":0,"ocean_menu_typo_font_size_tablet":0,"ocean_menu_typo_font_size_mobile":0,"ocean_menu_typo_font_size_unit":"px","ocean_menu_typo_font_weight":"","ocean_menu_typo_font_weight_tablet":"","ocean_menu_typo_font_weight_mobile":"","ocean_menu_typo_transform":"","ocean_menu_typo_transform_tablet":"","ocean_menu_typo_transform_mobile":"","ocean_menu_typo_line_height":0,"ocean_menu_typo_line_height_tablet":0,"ocean_menu_typo_line_height_mobile":0,"ocean_menu_typo_line_height_unit":"","ocean_menu_typo_spacing":0,"ocean_menu_typo_spacing_tablet":0,"ocean_menu_typo_spacing_mobile":0,"ocean_menu_typo_spacing_unit":"","ocean_menu_link_color":"","ocean_menu_link_color_hover":"","ocean_menu_link_color_active":"","ocean_menu_link_background":"","ocean_menu_link_hover_background":"","ocean_menu_link_active_background":"","ocean_menu_social_links_bg":"","ocean_menu_social_hover_links_bg":"","ocean_menu_social_links_color":"","ocean_menu_social_hover_links_color":"","ocean_disable_title":"default","ocean_disable_heading":"default","ocean_post_title":"","ocean_post_subheading":"","ocean_post_title_style":"","ocean_post_title_background_color":"","ocean_post_title_background":0,"ocean_post_title_bg_image_position":"","ocean_post_title_bg_image_attachment":"","ocean_post_title_bg_image_repeat":"","ocean_post_title_bg_image_size":"","ocean_post_title_height":0,"ocean_post_title_bg_overlay":0.5,"ocean_post_title_bg_overlay_color":"","ocean_disable_breadcrumbs":"default","ocean_breadcrumbs_color":"","ocean_breadcrumbs_separator_color":"","ocean_breadcrumbs_links_color":"","ocean_breadcrumbs_links_hover_color":"","ocean_display_footer_widgets":"default","ocean_display_footer_bottom":"default","ocean_custom_footer_template":"0","_themeisle_gutenberg_block_has_review":false},"product_brand":[],"product_cat":[88],"product_tag":[],"class_list":{"0":"post-2598","1":"product","2":"type-product","3":"status-publish","4":"has-post-thumbnail","6":"product_cat-crayons","8":"entry","9":"has-media","11":"first","12":"instock","13":"shipping-taxable","14":"purchasable","15":"product-type-simple","16":"has-product-nav","17":"col","18":"span_1_of_3","19":"owp-content-center","20":"owp-thumbs-layout-horizontal","21":"owp-btn-normal","22":"owp-tabs-layout-horizontal","23":"has-no-thumbnails","25":"circle-sale"},"jetpack_sharing_enabled":true,"_links":{"self":[{"href":"https:\/\/www.lamusereve.fr\/index.php\/wp-json\/wp\/v2\/product\/2598","targetHints":{"allow":["GET"]}}],"collection":[{"href":"https:\/\/www.lamusereve.fr\/index.php\/wp-json\/wp\/v2\/product"}],"about":[{"href":"https:\/\/www.lamusereve.fr\/index.php\/wp-json\/wp\/v2\/types\/product"}],"replies":[{"embeddable":true,"href":"https:\/\/www.lamusereve.fr\/index.php\/wp-json\/wp\/v2\/comments?post=2598"}],"wp:featuredmedia":[{"embeddable":true,"href":"https:\/\/www.lamusereve.fr\/index.php\/wp-json\/wp\/v2\/media\/2611"}],"wp:attachment":[{"href":"https:\/\/www.lamusereve.fr\/index.php\/wp-json\/wp\/v2\/media?parent=2598"}],"wp:term":[{"taxonomy":"product_brand","embeddable":true,"href":"https:\/\/www.lamusereve.fr\/index.php\/wp-json\/wp\/v2\/product_brand?post=2598"},{"taxonomy":"product_cat","embeddable":true,"href":"https:\/\/www.lamusereve.fr\/index.php\/wp-json\/wp\/v2\/product_cat?post=2598"},{"taxonomy":"product_tag","embeddable":true,"href":"https:\/\/www.lamusereve.fr\/index.php\/wp-json\/wp\/v2\/product_tag?post=2598"}],"curies":[{"name":"wp","href":"https:\/\/api.w.org\/{rel}","templated":true}]}}