{"id":2529,"date":"2025-06-18T23:05:30","date_gmt":"2025-06-18T21:05:30","guid":{"rendered":"https:\/\/www.lamusereve.fr\/?post_type=product&#038;p=2529"},"modified":"2025-10-20T16:33:01","modified_gmt":"2025-10-20T14:33:01","slug":"inscription-stage-artymuse-maxi-6-12-ans","status":"publish","type":"product","link":"https:\/\/www.lamusereve.fr\/index.php\/produit\/inscription-stage-artymuse-maxi-6-12-ans\/","title":{"rendered":"Inscription demi-journ\u00e9e stage Artymuse Maxi | 6-12 ans"},"content":{"rendered":"<h3><span style=\"color: #e1b772;\"><em>Les stages Artymuse : 3 jours en immersion avec des histoires, des jeux et de l\u2019art !<\/em><\/span><\/h3>\n<p>La muse r\u00eave propose <strong>des stages courts d\u2019initiation \u00e0 l\u2019histoire de l\u2019art et aux arts plastiques<\/strong>, pour <strong>les enfants \u00e2g\u00e9s de 3 \u00e0 12 ans<\/strong>.<\/p>\n<p>Ces stages se d\u00e9roulent sur <strong>3 demi-journ\u00e9es cons\u00e9cutives<\/strong> de la semaine, pendant <strong>les vacances scolaires<\/strong>.<\/p>\n<p>Pour r\u00e9sumer, un stage <strong>Artymuse<\/strong> <strong>Maxi<\/strong>, c\u2019est :<\/p>\n<ul class=\"wp-block-list\">\n<li><strong>3 apr\u00e8s-midis en immersion dans l&rsquo;art, les histoires et les jeux<\/strong><\/li>\n<li><strong>des d\u00e9couvertes artistiques, des \u00e9changes conviviaux, de la cr\u00e9ativit\u00e9 et du fun !<\/strong><\/li>\n<li><strong>des productions personnelles et plein de choses \u00e0 raconter et \u00e0 rapporter \u00e0 la maison !<\/strong><\/li>\n<\/ul>\n<p>&nbsp;<\/p>\n<p>Dur\u00e9e : <strong>2h30 par s\u00e9ance <\/strong>(soit 7h30 pour le stage complet)<\/p>\n<p><strong>Mat\u00e9riel fourni et petite collation de bienvenue offerte.<\/strong><\/p>\n<p><em>Possibilit\u00e9 de r\u00e9server pour le stage complet de 3 demi-journ\u00e9es (voir Abonnement stage Artymuse Maxi).<\/em><\/p>\n<p>&nbsp;<\/p>\n<p><strong>Programme disponible d\u00e9but juin<\/strong> (pour \u00eatre les premiers \u00e0 le recevoir, inscrivez-vous \u00e0 notre newsletter en bas de page &#8211; Attention : <strong>PLACES LIMIT\u00c9ES<\/strong>).<\/p>\n<p>&nbsp;<\/p>\n<hr \/>\n<h4><span style=\"color: #a6553c;\">Informations importantes<\/span><\/h4>\n<ul>\n<li><span style=\"color: #a6553c;\">En cas d&rsquo;annulation de derni\u00e8re minute, le stage ne vous sera pas rembours\u00e9. Le remboursement ou l&rsquo;\u00e9change n&rsquo;est possible que lorsque l&rsquo;annulation est effectu\u00e9e au plus tard 24h avant l&rsquo;atelier, et notifi\u00e9e par \u00e9crit. L&rsquo;\u00e9change de p\u00e9riode de stage n&rsquo;est possible qu&rsquo;une seule fois.<\/span><\/li>\n<li><span style=\"color: #a6553c;\">La muse r\u00eave peut se voir contrainte d&rsquo;annuler une s\u00e9ance la veille du jour J si le nombre de participants est inf\u00e9rieur \u00e0 3. Dans ce cas, la s\u00e9ance vous sera rembours\u00e9e.<\/span><\/li>\n<li><span style=\"color: #a6553c;\">En cas de retard au-del\u00e0 de 10 minutes, La muse r\u00eave se r\u00e9serve le droit de vous refuser l\u2019acc\u00e8s \u00e0 la s\u00e9ance pour ne pas perturber le bon d\u00e9roulement de celui-ci pour le public d\u00e9j\u00e0 pr\u00e9sent.<\/span><\/li>\n<\/ul>\n","protected":false},"excerpt":{"rendered":"<p>39 \u20ac pour l&rsquo;enfant (le stage se d\u00e9roule sans l\u2019adulte accompagnateur) pour 1 demi-journ\u00e9e<\/p>\n<p>O\u00f9 : chez La muse r\u00eave, 32 rue Vieille Monnaie, 73000 Chamb\u00e9ry<\/p>\n<hr \/>\n<h4>Comment m&rsquo;inscrire et profiter de mon stage ?<\/h4>\n<ol>\n<li><strong>Je renseigne le pr\u00e9nom de l&rsquo;enfant<\/strong> et s\u00e9lectionne la p\u00e9riode qui m&rsquo;int\u00e9resse dans le menu d\u00e9roulant.<\/li>\n<li><strong>Je clique sur \u00ab\u00a0Envoyer\u00a0\u00bb<\/strong>. ATTENTION : \u00e0 ce stade, votre place pour le stage n&rsquo;est pas encore r\u00e9serv\u00e9e.<\/li>\n<li><strong>J&rsquo;ajoute le stage \u00e0 mon panier<\/strong> en cliquant sur \u00ab\u00a0Ajouter au panier\u00a0\u00bb.<\/li>\n<li><strong>Je valide mon panier<\/strong> et r\u00e8gle ma commande.<\/li>\n<\/ol>\n<p><em>Avant le stage, merci de prendre connaissance des informations importantes en bas de page, apr\u00e8s la section Description.<\/em><\/p>\n<hr \/>\n<div data-test='contact-form'\n\t\t\tid='contact-form-2529'\n\t\t\tclass='wp-block-jetpack-contact-form-container '\n\t\t\tdata-wp-interactive='jetpack\/form' data-wp-context='{\"formId\":\"2529\",\"formHash\":\"4b06c1f1db607dc3853484891959125b2d585775\",\"showErrors\":false,\"errors\":[],\"fields\":[],\"isMultiStep\":false,\"useAjax\":true,\"submissionData\":null,\"formattedSubmissionData\":[],\"submissionSuccess\":false,\"submissionError\":null,\"elementId\":\"jp-form-4b06c1f1db607dc3853484891959125b2d585775\",\"isSingleInputForm\":false}'\n\t\t\tdata-wp-watch--scroll-to-wrapper=\"callbacks.scrollToWrapper\"\n\t\t>\n<div class=\"contact-form-submission contact-form-ajax-submission\" data-wp-class--submission-success=\"context.submissionSuccess\"><p class=\"go-back-message\"><a class=\"link\" role=\"button\" tabindex=\"0\" data-wp-on--click=\"actions.goBack\" href=\"\/index.php\/wp-json\/wp\/v2\/product\/2529\">Retour<\/a><\/p><h4 id=\"contact-form-success-header\">Votre message a \u00e9t\u00e9 envoy\u00e9<\/h4>\n\n<template data-wp-each--submission=\"context.formattedSubmissionData\">\n\t\t\t\t\t<div class=\"jetpack_forms_contact-form-success-summary\">\n\t\t\t\t\t\t<div class=\"field-name\" data-wp-text=\"context.submission.label\" data-wp-bind--hidden=\"!context.submission.label\"><\/div>\n\t\t\t\t\t\t<div class=\"field-value\" data-wp-text=\"context.submission.value\"><\/div>\n\t\t\t\t\t\t<div class=\"field-images\" data-wp-bind--hidden=\"!context.submission.images\">\n\t\t\t\t\t\t\t<template data-wp-each--image=\"context.submission.images\">\n\t\t\t\t\t\t\t\t<figure class=\"field-image\" data-wp-class--is-empty=\"!context.image\">\n\t\t\t\t\t\t\t\t\t<img data-wp-bind--src=\"context.image\" data-wp-bind--hidden=\"!context.image\" \/>\n\t\t\t\t\t\t\t\t\t<img decoding=\"async\" src=\"data:image\/gif;base64,R0lGODlhAQABAAD\/ACwAAAAAAQABAAACADs=\" data-wp-bind--hidden=\"context.image\" \/>\n\t\t\t\t\t\t\t\t<\/figure>\n\t\t\t\t\t\t\t<\/template>\n\t\t\t\t\t\t<\/div>\n\t\t\t\t\t<\/div>\n\t\t\t\t<\/template><\/div><form action='https:\/\/www.lamusereve.fr\/index.php\/produit\/inscription-stage-artymuse-maxi-6-12-ans\/'\n\t\t\t\tid='jp-form-4b06c1f1db607dc3853484891959125b2d585775'\n\t\t\t\tmethod='post'\n\t\t\t\tclass='contact-form commentsblock' aria-label=\"Inscription demi-journ\u00e9e stage Artymuse Maxi | 6-12 ans\"\n\t\t\t\tdata-wp-on--submit=\"actions.onFormSubmit\"\n\t\t\t\tdata-wp-on--reset=\"actions.onFormReset\"\n\t\t\t\tdata-wp-class--submission-success=\"context.submissionSuccess\"\n\t\t\t\tdata-wp-class--is-first-step=\"state.isFirstStep\"\n\t\t\t\tdata-wp-class--is-last-step=\"state.isLastStep\"\n\t\t\t\tdata-wp-class--is-ajax-form=\"context.useAjax\"\n\t\t\t\tnovalidate >\n<input type='hidden' name='jetpack_contact_form_jwt' value='eyJ0eXAiOiJKV1QiLCJhbGciOiJIUzI1NiJ9.eyJlbmNyeXB0ZWRfYXR0cmlidXRlcyI6ImZzR1hjVDg2aU9tVFdFeXErUXJaa01wN3IzQ1RwemZGYzM4aGpZWlU4czA0WHlGeW5wYlhkdDlMRUN3RWJpSXVWR0V4cENYN0ZEYWlvU1lFM2pHTm9kcTlsN25tNHVEN0toOTYxaG12amZaSGVNbDM2VklGVms0RnFzdG1zenpZUXdlTytBR3psbXlIQmppYXcxSStpVE5pWDUwNzlaaHBVYXlwS0dvSXh5TnRnK0VtWTlTSWM3NmE5d0pxZDhqcTJDMXZrNGIxTXFnY1wvSlU4YWErUThQWlJqQVRmUXVmeXBBRGpLbSt4QWlFc1B5akx4Z1FDckh6KzZaUWhmdHZpTzl0a2ZvR01aZXJKMFwvVmwxS3BqMUgzT25nRnQyb3htVmRDazAzR2I5RnJrWG5sTHBBRDhTTEd4YVd6S29zOEwzSnlPUmVNc20xRkhUZlp0VldMS3E1RCtHVHF1aXA3OVJHWENmXC9YYjNLeUpqNHVpRTFmNDBUbWR3bFhJbW9oSCtuSXp2WjBhS1lIVHFcL0ZkYkZWVTBpNjVmQ29wZlhmeXdZdVBDY1VRN1FOcFpyczd0cGZlRDBnT2VuVm00bG83emxMTXNZNmxnZjBXV3lkY25PV01uVkpETEdNUzh2eUo4RTVzdnh2TDhSS250cjFVaTJHWUJadDFWTnlJdnZKVTQ5b1JublI2a1NuZnBBTndRcWpGZlhJeEE0dnFcLzJ3QVBtd1JlZ2FOUUQyOGtjcHVkajhqb255ays4bW4wV2xQQ3FJVHNmcHpkTnR1UmpKOURocTBPZzhOb1JaeXR0ZHRZRUFoang0aGVqMldYaGxoRmdxOGZMUG8rbGpOeUdpY0xWQU15bTVzdFkwaG9DbDh6TXhPQjRFbEdUZHNYOHBSUWJQSnRqbmtiK3J6c1VUV0wzZjFvUGdsdkh1OGlJSzQ4ZXFOTWF5eXBSUTJOUVdqZXpRWFNuRlE0QUlWTFVcL1pKUnhQNmlKTEtndTY4ZzhvdEdQSUJycHAwVzdPankyUzZ0c1ZcL1wvQ2Z0WGJcL0pFY3BEM29nRkh2ZlpHYyt4R1NKYXJsM2JyYnRpS3Q0UjRGSWF5RHAwV2NcL1JqaG5mayt2dTBrWEZYKzVkNk0wVkFtaENFNEVZVHZseXVOV21Keld3RVwvblFIZ2pqYkp5VnJucmdkVDMzVExLRVI0VmloRllVMktYTlE9PSIsImNvbnRlbnQiOiJbY29udGFjdC1maWVsZCBsYWJlbD1cIkRhdGVcIiB0eXBlPVwic2VsZWN0XCIgcmVxdWlyZWQ9XCIxXCIgb3B0aW9ucz1cIk1hcmRpIDI2IGFvXHUwMGZidCAyMDI1IGRlIDE0aDMwIFx1MDBlMCAxNmgzMCxNZXJjcmVkaSAyNyBhb1x1MDBmYnQgMjAyNSBkZSAxNGgzMCBcdTAwZTAgMTZoMzAsSmV1ZGkgMjggYW9cdTAwZmJ0IDIwMjUgZGUgMTRoMzAgXHUwMGUwIDE2aDMwLE1hcmRpIDIxIG9jdG9icmUgMjAyNSBkZSAxNGgzMCBcdTAwZTAgMTZoMzAsTWVyY3JlZGkgMjIgb2N0b2JyZSAyMDI1IGRlIDE0aDMwIFx1MDBlMCAxNmgzMCxKZXVkaSAyMyBvY3RvYnJlIDIwMjUgZGUgMTRoMzAgXHUwMGUwIDE2aDMwXCJdW2NvbnRhY3QtZmllbGQgbGFiZWw9XCJQclx1MDBlOW5vbSBkZSBsJ2VuZmFudFwiIHR5cGU9XCJuYW1lXCIgcmVxdWlyZWQ9XCIxXCJdW2NvbnRhY3QtZmllbGQgbGFiZWw9XCJcdTAwYzJnZVwiIHR5cGU9XCJzZWxlY3RcIiByZXF1aXJlZD1cIjFcIiBvcHRpb25zPVwiNiBhbnMsNyBhbnMsOCBhbnMsOSBhbnMsMTAgYW5zLDExIGFucywxMiBhbnNcIl0iLCJoYXNoIjoiNGIwNmMxZjFkYjYwN2RjMzg1MzQ4NDg5MTk1OTEyNWIyZDU4NTc3NSIsInNvdXJjZSI6eyJlbnRyeV90aXRsZSI6Ikluc2NyaXB0aW9uIGRlbWktam91cm5cdTAwZTllIHN0YWdlIEFydHltdXNlIE1heGkgfCA2LTEyIGFucyIsImVudHJ5X3BhZ2UiOjEsInNvdXJjZV9pZCI6MjUyOSwic291cmNlX3R5cGUiOiJzaW5nbGUiLCJyZXF1ZXN0X3VybCI6Imh0dHBzOlwvXC93d3cubGFtdXNlcmV2ZS5mclwvd3AtanNvblwvd3BcL3YyXC9wcm9kdWN0XC8yNTI5In0sInZlcnNpb24iOjIsImNpcGhlciI6ImFlcy0yNTYtZ2NtIn0.2_dOYwawpHK9qUnGx7qT8pDzp95FHqjG77o98Vl5vWY' \/>\n\n<div style=\"\"  data-wp-interactive=\"jetpack\/form\" data-wp-context='{\"fieldId\":\"g2529-date\",\"fieldType\":\"select\",\"fieldLabel\":\"Date\",\"fieldValue\":\"\",\"fieldPlaceholder\":\"\",\"fieldIsRequired\":\"1\",\"fieldErrorMessage\":\"\",\"fieldExtra\":[],\"formHash\":\"4b06c1f1db607dc3853484891959125b2d585775\"}'  class='grunion-field-select-wrap grunion-field-wrap'  data-wp-init='callbacks.initializeField' data-wp-on--jetpack-form-reset='callbacks.initializeField' >\n<label\n\t\t\t\tfor='g2529-date' class=\"grunion-field-label select\" >Date<span class=\"grunion-label-required\" aria-hidden=\"true\">(obligatoire)<\/span><\/label>\n<div class=\"contact-form__select-wrapper select  grunion-field\"  style=''>\t<span class='contact-form__select-element-wrapper'><select name='g2529-date' id='g2529-date' required aria-required='true' data-wp-on--change='actions.onFieldChange' data-wp-bind--aria-invalid='state.fieldHasErrors' >\n\t\t<option value='Mardi 26 ao\u00fbt 2025 de 14h30 \u00e0 16h30'>Mardi 26 ao\u00fbt 2025 de 14h30 \u00e0 16h30<\/option>\n\t\t<option value='Mercredi 27 ao\u00fbt 2025 de 14h30 \u00e0 16h30'>Mercredi 27 ao\u00fbt 2025 de 14h30 \u00e0 16h30<\/option>\n\t\t<option value='Jeudi 28 ao\u00fbt 2025 de 14h30 \u00e0 16h30'>Jeudi 28 ao\u00fbt 2025 de 14h30 \u00e0 16h30<\/option>\n\t\t<option value='Mardi 21 octobre 2025 de 14h30 \u00e0 16h30'>Mardi 21 octobre 2025 de 14h30 \u00e0 16h30<\/option>\n\t\t<option value='Mercredi 22 octobre 2025 de 14h30 \u00e0 16h30'>Mercredi 22 octobre 2025 de 14h30 \u00e0 16h30<\/option>\n\t\t<option value='Jeudi 23 octobre 2025 de 14h30 \u00e0 16h30'>Jeudi 23 octobre 2025 de 14h30 \u00e0 16h30<\/option>\n\t<\/select><span class='jetpack-field-dropdown__icon'><\/span><\/span>\n<\/div>\n\n\t\t\t<div id=\"g2529-date-select-error\" class=\"contact-form__input-error\" data-wp-class--has-errors=\"state.fieldHasErrors\">\n\t\t\t\t<span class=\"contact-form__warning-icon\">\n\t\t\t\t\t<svg width=\"16\" height=\"16\" viewBox=\"0 0 16 16\" fill=\"none\" xmlns=\"http:\/\/www.w3.org\/2000\/svg\">\n\t\t\t\t\t\t<path d=\"M8.50015 11.6402H7.50015V10.6402H8.50015V11.6402Z\" \/>\n\t\t\t\t\t\t<path d=\"M7.50015 9.64018H8.50015V6.30684H7.50015V9.64018Z\" \/>\n\t\t\t\t\t\t<path fill-rule=\"evenodd\" clip-rule=\"evenodd\" d=\"M6.98331 3.0947C7.42933 2.30177 8.57096 2.30177 9.01698 3.09469L13.8771 11.7349C14.3145 12.5126 13.7525 13.4735 12.8602 13.4735H3.14004C2.24774 13.4735 1.68575 12.5126 2.12321 11.7349L6.98331 3.0947ZM8.14541 3.58496C8.08169 3.47168 7.9186 3.47168 7.85488 3.58496L2.99478 12.2251C2.93229 12.3362 3.01257 12.4735 3.14004 12.4735H12.8602C12.9877 12.4735 13.068 12.3362 13.0055 12.2251L8.14541 3.58496Z\" \/>\n\t\t\t\t\t<\/svg>\n\t\t\t\t\t<span class=\"visually-hidden\">Attention<\/span>\n\t\t\t\t<\/span>\n\t\t\t\t<span data-wp-text=\"state.errorMessage\" id=\"g2529-date-select-error-message\"><\/span>\n\t\t\t<\/div>\t<\/div>\n\n<div style=\"\"  data-wp-interactive=\"jetpack\/form\" data-wp-context='{\"fieldId\":\"g2529-prnomdelenfant\",\"fieldType\":\"name\",\"fieldLabel\":\"Pr\\u00e9nom de l\\u0027enfant\",\"fieldValue\":\"\",\"fieldPlaceholder\":\"\",\"fieldIsRequired\":\"1\",\"fieldErrorMessage\":\"\",\"fieldExtra\":[],\"formHash\":\"4b06c1f1db607dc3853484891959125b2d585775\"}'  class='grunion-field-name-wrap grunion-field-wrap'  data-wp-init='callbacks.initializeField' data-wp-on--jetpack-form-reset='callbacks.initializeField' >\n<label\n\t\t\t\tfor='g2529-prnomdelenfant' class=\"grunion-field-label name\" >Pr\u00e9nom de l'enfant<span class=\"grunion-label-required\" aria-hidden=\"true\">(obligatoire)<\/span><\/label>\n<input\n\t\t\t\t\ttype='text'\n\t\t\t\t\tname='g2529-prnomdelenfant'\n\t\t\t\t\tid='g2529-prnomdelenfant'\n\t\t\t\t\tvalue=''\n\n\t\t\t\t\tdata-wp-bind--aria-invalid='state.fieldHasErrors'\n\t\t\t\t\tdata-wp-bind--value='state.getFieldValue'\n\t\t\t\t\taria-errormessage='g2529-prnomdelenfant-text-error-message'\n\t\t\t\t\tdata-wp-on--input='actions.onFieldChange'\n\t\t\t\t\tdata-wp-on--blur='actions.onFieldBlur'\n\t\t\t\t\tdata-wp-class--has-value='state.hasFieldValue'\n\n\t\t\t\t\tclass='name  grunion-field' \n\t\t\t\t\trequired='true' aria-required='true'  \/>\n \n\t\t\t<div id=\"g2529-prnomdelenfant-text-error\" class=\"contact-form__input-error\" data-wp-class--has-errors=\"state.fieldHasErrors\">\n\t\t\t\t<span class=\"contact-form__warning-icon\">\n\t\t\t\t\t<svg width=\"16\" height=\"16\" viewBox=\"0 0 16 16\" fill=\"none\" xmlns=\"http:\/\/www.w3.org\/2000\/svg\">\n\t\t\t\t\t\t<path d=\"M8.50015 11.6402H7.50015V10.6402H8.50015V11.6402Z\" \/>\n\t\t\t\t\t\t<path d=\"M7.50015 9.64018H8.50015V6.30684H7.50015V9.64018Z\" \/>\n\t\t\t\t\t\t<path fill-rule=\"evenodd\" clip-rule=\"evenodd\" d=\"M6.98331 3.0947C7.42933 2.30177 8.57096 2.30177 9.01698 3.09469L13.8771 11.7349C14.3145 12.5126 13.7525 13.4735 12.8602 13.4735H3.14004C2.24774 13.4735 1.68575 12.5126 2.12321 11.7349L6.98331 3.0947ZM8.14541 3.58496C8.08169 3.47168 7.9186 3.47168 7.85488 3.58496L2.99478 12.2251C2.93229 12.3362 3.01257 12.4735 3.14004 12.4735H12.8602C12.9877 12.4735 13.068 12.3362 13.0055 12.2251L8.14541 3.58496Z\" \/>\n\t\t\t\t\t<\/svg>\n\t\t\t\t\t<span class=\"visually-hidden\">Attention<\/span>\n\t\t\t\t<\/span>\n\t\t\t\t<span data-wp-text=\"state.errorMessage\" id=\"g2529-prnomdelenfant-text-error-message\"><\/span>\n\t\t\t<\/div> \n\t<\/div>\n\n<div style=\"\"  data-wp-interactive=\"jetpack\/form\" data-wp-context='{\"fieldId\":\"g2529-ge\",\"fieldType\":\"select\",\"fieldLabel\":\"\\u00c2ge\",\"fieldValue\":\"\",\"fieldPlaceholder\":\"\",\"fieldIsRequired\":\"1\",\"fieldErrorMessage\":\"\",\"fieldExtra\":[],\"formHash\":\"4b06c1f1db607dc3853484891959125b2d585775\"}'  class='grunion-field-select-wrap grunion-field-wrap'  data-wp-init='callbacks.initializeField' data-wp-on--jetpack-form-reset='callbacks.initializeField' >\n<label\n\t\t\t\tfor='g2529-ge' class=\"grunion-field-label select\" >\u00c2ge<span class=\"grunion-label-required\" aria-hidden=\"true\">(obligatoire)<\/span><\/label>\n<div class=\"contact-form__select-wrapper select  grunion-field\"  style=''>\t<span class='contact-form__select-element-wrapper'><select name='g2529-ge' id='g2529-ge' required aria-required='true' data-wp-on--change='actions.onFieldChange' data-wp-bind--aria-invalid='state.fieldHasErrors' >\n\t\t<option value='6 ans'>6 ans<\/option>\n\t\t<option value='7 ans'>7 ans<\/option>\n\t\t<option value='8 ans'>8 ans<\/option>\n\t\t<option value='9 ans'>9 ans<\/option>\n\t\t<option value='10 ans'>10 ans<\/option>\n\t\t<option value='11 ans'>11 ans<\/option>\n\t\t<option value='12 ans'>12 ans<\/option>\n\t<\/select><span class='jetpack-field-dropdown__icon'><\/span><\/span>\n<\/div>\n\n\t\t\t<div id=\"g2529-ge-select-error\" class=\"contact-form__input-error\" data-wp-class--has-errors=\"state.fieldHasErrors\">\n\t\t\t\t<span class=\"contact-form__warning-icon\">\n\t\t\t\t\t<svg width=\"16\" height=\"16\" viewBox=\"0 0 16 16\" fill=\"none\" xmlns=\"http:\/\/www.w3.org\/2000\/svg\">\n\t\t\t\t\t\t<path d=\"M8.50015 11.6402H7.50015V10.6402H8.50015V11.6402Z\" \/>\n\t\t\t\t\t\t<path d=\"M7.50015 9.64018H8.50015V6.30684H7.50015V9.64018Z\" \/>\n\t\t\t\t\t\t<path fill-rule=\"evenodd\" clip-rule=\"evenodd\" d=\"M6.98331 3.0947C7.42933 2.30177 8.57096 2.30177 9.01698 3.09469L13.8771 11.7349C14.3145 12.5126 13.7525 13.4735 12.8602 13.4735H3.14004C2.24774 13.4735 1.68575 12.5126 2.12321 11.7349L6.98331 3.0947ZM8.14541 3.58496C8.08169 3.47168 7.9186 3.47168 7.85488 3.58496L2.99478 12.2251C2.93229 12.3362 3.01257 12.4735 3.14004 12.4735H12.8602C12.9877 12.4735 13.068 12.3362 13.0055 12.2251L8.14541 3.58496Z\" \/>\n\t\t\t\t\t<\/svg>\n\t\t\t\t\t<span class=\"visually-hidden\">Attention<\/span>\n\t\t\t\t<\/span>\n\t\t\t\t<span data-wp-text=\"state.errorMessage\" id=\"g2529-ge-select-error-message\"><\/span>\n\t\t\t<\/div>\t<\/div>\n\t<p class='contact-submit'>\n<div class=\"contact-form__error\" data-wp-class--show-errors=\"state.showFormErrors\"><span class=\"contact-form__warning-icon\"><span class=\"visually-hidden\">Attention.<\/span><i aria-hidden=\"true\"><\/i><\/span>\n\t\t\t\t<span data-wp-text=\"state.getFormErrorMessage\"><\/span>\n\t\t\t\t<ul>\n\t\t\t\t<template data-wp-each=\"state.getErrorList\" data-wp-key=\"context.item.id\">\n\t\t\t\t\t<li><a data-wp-bind--href=\"context.item.anchor\" data-wp-on--click=\"actions.scrollIntoView\" data-wp-text=\"context.item.label\"><\/a><\/li>\n\t\t\t\t<\/template>\n\t\t\t\t<\/ul><\/div><div class=\"contact-form__error\" data-wp-class--show-errors=\"state.showSubmissionError\" data-wp-text=\"context.submissionError\"><\/div>\t\t<button type='submit' class='pushbutton-wide'>Envoyer<\/button>\t\t<input type='hidden' name='contact-form-id' value='2529' \/>\n\t\t<input type='hidden' name='action' value='grunion-contact-form' \/>\n\t\t<input type='hidden' name='contact-form-hash' value='4b06c1f1db607dc3853484891959125b2d585775' \/>\n\t<\/p>\n<\/form>\n<\/div>\n","protected":false},"featured_media":1675,"comment_status":"closed","ping_status":"closed","template":"","meta":{"ocean_post_layout":"full-width","ocean_both_sidebars_style":"","ocean_both_sidebars_content_width":0,"ocean_both_sidebars_sidebars_width":0,"ocean_sidebar":"woo_sidebar","ocean_second_sidebar":"0","ocean_disable_margins":"enable","ocean_add_body_class":"","ocean_shortcode_before_top_bar":"","ocean_shortcode_after_top_bar":"","ocean_shortcode_before_header":"","ocean_shortcode_after_header":"","ocean_has_shortcode":"","ocean_shortcode_after_title":"","ocean_shortcode_before_footer_widgets":"","ocean_shortcode_after_footer_widgets":"","ocean_shortcode_before_footer_bottom":"","ocean_shortcode_after_footer_bottom":"","ocean_display_top_bar":"default","ocean_display_header":"default","ocean_header_style":"","ocean_center_header_left_menu":"0","ocean_custom_header_template":"0","ocean_custom_logo":0,"ocean_custom_retina_logo":0,"ocean_custom_logo_max_width":0,"ocean_custom_logo_tablet_max_width":0,"ocean_custom_logo_mobile_max_width":0,"ocean_custom_logo_max_height":0,"ocean_custom_logo_tablet_max_height":0,"ocean_custom_logo_mobile_max_height":0,"ocean_header_custom_menu":"0","ocean_menu_typo_font_family":"0","ocean_menu_typo_font_subset":"","ocean_menu_typo_font_size":0,"ocean_menu_typo_font_size_tablet":0,"ocean_menu_typo_font_size_mobile":0,"ocean_menu_typo_font_size_unit":"px","ocean_menu_typo_font_weight":"","ocean_menu_typo_font_weight_tablet":"","ocean_menu_typo_font_weight_mobile":"","ocean_menu_typo_transform":"","ocean_menu_typo_transform_tablet":"","ocean_menu_typo_transform_mobile":"","ocean_menu_typo_line_height":0,"ocean_menu_typo_line_height_tablet":0,"ocean_menu_typo_line_height_mobile":0,"ocean_menu_typo_line_height_unit":"","ocean_menu_typo_spacing":0,"ocean_menu_typo_spacing_tablet":0,"ocean_menu_typo_spacing_mobile":0,"ocean_menu_typo_spacing_unit":"","ocean_menu_link_color":"","ocean_menu_link_color_hover":"","ocean_menu_link_color_active":"","ocean_menu_link_background":"","ocean_menu_link_hover_background":"","ocean_menu_link_active_background":"","ocean_menu_social_links_bg":"","ocean_menu_social_hover_links_bg":"","ocean_menu_social_links_color":"","ocean_menu_social_hover_links_color":"","ocean_disable_title":"default","ocean_disable_heading":"default","ocean_post_title":"","ocean_post_subheading":"","ocean_post_title_style":"","ocean_post_title_background_color":"","ocean_post_title_background":0,"ocean_post_title_bg_image_position":"","ocean_post_title_bg_image_attachment":"","ocean_post_title_bg_image_repeat":"","ocean_post_title_bg_image_size":"","ocean_post_title_height":0,"ocean_post_title_bg_overlay":0.5,"ocean_post_title_bg_overlay_color":"","ocean_disable_breadcrumbs":"default","ocean_breadcrumbs_color":"","ocean_breadcrumbs_separator_color":"","ocean_breadcrumbs_links_color":"","ocean_breadcrumbs_links_hover_color":"","ocean_display_footer_widgets":"default","ocean_display_footer_bottom":"default","ocean_custom_footer_template":"0","_themeisle_gutenberg_block_has_review":false},"product_brand":[],"product_cat":[39,73],"product_tag":[77,46,45,80,79,76,78,74,75],"class_list":{"0":"post-2529","1":"product","2":"type-product","3":"status-publish","4":"has-post-thumbnail","6":"product_cat-ateliers","7":"product_cat-stages","8":"product_tag-arts-plastiques","9":"product_tag-education-artistique","10":"product_tag-enfant","11":"product_tag-exposition","12":"product_tag-histoires","13":"product_tag-immersion","14":"product_tag-jeu","15":"product_tag-stage","16":"product_tag-vacances","18":"entry","19":"has-media","21":"first","22":"instock","23":"virtual","24":"sold-individually","25":"purchasable","26":"product-type-simple","27":"has-product-nav","28":"col","29":"span_1_of_3","30":"owp-content-center","31":"owp-thumbs-layout-horizontal","32":"owp-btn-normal","33":"owp-tabs-layout-horizontal","34":"has-no-thumbnails","36":"circle-sale"},"jetpack_sharing_enabled":true,"_links":{"self":[{"href":"https:\/\/www.lamusereve.fr\/index.php\/wp-json\/wp\/v2\/product\/2529","targetHints":{"allow":["GET"]}}],"collection":[{"href":"https:\/\/www.lamusereve.fr\/index.php\/wp-json\/wp\/v2\/product"}],"about":[{"href":"https:\/\/www.lamusereve.fr\/index.php\/wp-json\/wp\/v2\/types\/product"}],"replies":[{"embeddable":true,"href":"https:\/\/www.lamusereve.fr\/index.php\/wp-json\/wp\/v2\/comments?post=2529"}],"wp:featuredmedia":[{"embeddable":true,"href":"https:\/\/www.lamusereve.fr\/index.php\/wp-json\/wp\/v2\/media\/1675"}],"wp:attachment":[{"href":"https:\/\/www.lamusereve.fr\/index.php\/wp-json\/wp\/v2\/media?parent=2529"}],"wp:term":[{"taxonomy":"product_brand","embeddable":true,"href":"https:\/\/www.lamusereve.fr\/index.php\/wp-json\/wp\/v2\/product_brand?post=2529"},{"taxonomy":"product_cat","embeddable":true,"href":"https:\/\/www.lamusereve.fr\/index.php\/wp-json\/wp\/v2\/product_cat?post=2529"},{"taxonomy":"product_tag","embeddable":true,"href":"https:\/\/www.lamusereve.fr\/index.php\/wp-json\/wp\/v2\/product_tag?post=2529"}],"curies":[{"name":"wp","href":"https:\/\/api.w.org\/{rel}","templated":true}]}}