{"id":1857,"date":"2025-05-02T23:08:18","date_gmt":"2025-05-02T21:08:18","guid":{"rendered":"https:\/\/www.lamusereve.fr\/?post_type=product&#038;p=1857"},"modified":"2026-03-30T15:11:13","modified_gmt":"2026-03-30T13:11:13","slug":"inscription-atelier-maximuse-6-12-ans","status":"publish","type":"product","link":"https:\/\/www.lamusereve.fr\/index.php\/produit\/inscription-atelier-maximuse-6-12-ans\/","title":{"rendered":"Inscription atelier Maximuse | 6-12 ans"},"content":{"rendered":"\r\n<p>Pour r\u00e9sumer, un atelier <strong>Maximuse<\/strong>, c&rsquo;est :<\/p>\r\n\r\n\r\n\r\n<ul class=\"wp-block-list\">\r\n<li>1 visite de l&rsquo;exposition et\/ou 1 histoire illustr\u00e9e et une observation d\u2019\u0153uvres de l&rsquo;Histoire de l&rsquo;Art<\/li>\r\n\r\n\r\n\r\n<li>1 temps d&rsquo;observation ludique<\/li>\r\n\r\n\r\n\r\n<li>1 atelier de pratique artistique<\/li>\r\n<\/ul>\r\n\r\n<p>&nbsp;<\/p>\r\n<p>Dur\u00e9e : 1 h 15<\/p>\r\n<hr \/>\r\n<h4><span style=\"color: #a6553c;\">Informations importantes<\/span><\/h4>\r\n<ul>\r\n<li><span style=\"color: #a6553c;\">En cas d&rsquo;annulation de derni\u00e8re minute, l&rsquo;atelier ne vous sera pas rembours\u00e9. Le remboursement ou l&rsquo;\u00e9change n&rsquo;est possible que lorsque l&rsquo;annulation est effectu\u00e9e au plus tard 24h avant l&rsquo;atelier, et notifi\u00e9e par \u00e9crit. L&rsquo;\u00e9change de date n&rsquo;est possible qu&rsquo;une seule fois.<\/span><\/li>\r\n<li><span style=\"color: #a6553c;\">La muse r\u00eave peut se voir contrainte d&rsquo;annuler l&rsquo;atelier la veille du jour J si le nombre de participants est inf\u00e9rieur \u00e0 2. Dans ce cas, l&rsquo;atelier vous sera rembours\u00e9.<\/span><\/li>\r\n<li><span style=\"color: #a6553c;\">En cas de retard au-del\u00e0 de 10 minutes, La muse r\u00eave se r\u00e9serve le droit de vous refuser l\u2019acc\u00e8s \u00e0 l\u2019atelier pour ne pas perturber le bon d\u00e9roulement de celui-ci pour le public d\u00e9j\u00e0 pr\u00e9sent.<\/span><\/li>\r\n<\/ul>","protected":false},"excerpt":{"rendered":"<p>21 \u20ac pour l&rsquo;enfant (l\u2019atelier se d\u00e9roule sans l\u2019adulte accompagnateur)<\/p>\n<p>O\u00f9 : chez La muse r\u00eave, 32 rue Vieille Monnaie, 73000 Chamb\u00e9ry<\/p>\n<hr \/>\n<h4><span style=\"color: #a6553c;\">Comment m&rsquo;inscrire et profiter de mon atelier ?<\/span><\/h4>\n<ol>\n<li><span style=\"color: #a6553c;\"><strong>Je s\u00e9lectionne la date<\/strong> qui m&rsquo;int\u00e9resse dans le menu d\u00e9roulant et <strong>renseigne le pr\u00e9nom et l&rsquo;\u00e2ge de l&rsquo;enfant<\/strong>.<\/span><\/li>\n<li><span style=\"color: #a6553c;\"><strong>Je clique sur \u00ab\u00a0Envoyer\u00a0\u00bb<\/strong>. ATTENTION : \u00e0 ce stade, votre place pour l&rsquo;atelier n&rsquo;est pas encore r\u00e9serv\u00e9e.<\/span><\/li>\n<li><span style=\"color: #a6553c;\"><strong>J&rsquo;ajoute l&rsquo;atelier \u00e0 mon panier<\/strong> en cliquant sur \u00ab\u00a0Ajouter au panier\u00a0\u00bb.<\/span><\/li>\n<li><span style=\"color: #a6553c;\"><strong>Je valide mon panier<\/strong> et r\u00e8gle ma commande.<\/span><\/li>\n<\/ol>\n<p><span style=\"color: #a6553c;\"><em>Avant l&rsquo;atelier, merci de prendre connaissance des informations importantes en bas de page, apr\u00e8s la section Description.<\/em><\/span><\/p>\n<hr \/>\n<div data-test='contact-form'\n\t\t\tid='contact-form-1857'\n\t\t\tclass='wp-block-jetpack-contact-form-container '\n\t\t\tdata-wp-interactive='jetpack\/form' data-wp-context='{\"formId\":\"1857\",\"formHash\":\"9bae2f06a4ec232c2567d4e828a75d90f184960b\",\"showErrors\":false,\"errors\":[],\"fields\":[],\"isMultiStep\":false,\"useAjax\":true,\"submissionData\":null,\"formattedSubmissionData\":[],\"submissionSuccess\":false,\"submissionError\":null,\"elementId\":\"jp-form-9bae2f06a4ec232c2567d4e828a75d90f184960b\",\"isSingleInputForm\":false}'\n\t\t\tdata-wp-watch--scroll-to-wrapper=\"callbacks.scrollToWrapper\"\n\t\t>\n<div class=\"contact-form-submission contact-form-ajax-submission\" data-wp-class--submission-success=\"context.submissionSuccess\"><p class=\"go-back-message\"><a class=\"link\" role=\"button\" tabindex=\"0\" data-wp-on--click=\"actions.goBack\" href=\"\/index.php\/wp-json\/wp\/v2\/product\/1857\">Retour<\/a><\/p><h4 id=\"contact-form-success-header\">Votre message a \u00e9t\u00e9 envoy\u00e9<\/h4>\n\n<template data-wp-each--submission=\"context.formattedSubmissionData\">\n\t\t\t\t\t<div class=\"jetpack_forms_contact-form-success-summary\">\n\t\t\t\t\t\t<div class=\"field-name\" data-wp-text=\"context.submission.label\" data-wp-bind--hidden=\"!context.submission.label\"><\/div>\n\t\t\t\t\t\t<div class=\"field-value\" data-wp-text=\"context.submission.value\"><\/div>\n\t\t\t\t\t\t<div class=\"field-images\" data-wp-bind--hidden=\"!context.submission.images\">\n\t\t\t\t\t\t\t<template data-wp-each--image=\"context.submission.images\">\n\t\t\t\t\t\t\t\t<figure class=\"field-image\" data-wp-class--is-empty=\"!context.image\">\n\t\t\t\t\t\t\t\t\t<img data-wp-bind--src=\"context.image\" data-wp-bind--hidden=\"!context.image\" \/>\n\t\t\t\t\t\t\t\t\t<img decoding=\"async\" src=\"data:image\/gif;base64,R0lGODlhAQABAAD\/ACwAAAAAAQABAAACADs=\" data-wp-bind--hidden=\"context.image\" \/>\n\t\t\t\t\t\t\t\t<\/figure>\n\t\t\t\t\t\t\t<\/template>\n\t\t\t\t\t\t<\/div>\n\t\t\t\t\t<\/div>\n\t\t\t\t<\/template><\/div><form action='https:\/\/www.lamusereve.fr\/index.php\/produit\/inscription-atelier-maximuse-6-12-ans\/'\n\t\t\t\tid='jp-form-9bae2f06a4ec232c2567d4e828a75d90f184960b'\n\t\t\t\tmethod='post'\n\t\t\t\tclass='contact-form commentsblock' aria-label=\"Inscription atelier Maximuse | 6-12 ans\"\n\t\t\t\tdata-wp-on--submit=\"actions.onFormSubmit\"\n\t\t\t\tdata-wp-on--reset=\"actions.onFormReset\"\n\t\t\t\tdata-wp-class--submission-success=\"context.submissionSuccess\"\n\t\t\t\tdata-wp-class--is-first-step=\"state.isFirstStep\"\n\t\t\t\tdata-wp-class--is-last-step=\"state.isLastStep\"\n\t\t\t\tdata-wp-class--is-ajax-form=\"context.useAjax\"\n\t\t\t\tnovalidate >\n<input type='hidden' name='jetpack_contact_form_jwt' value='eyJ0eXAiOiJKV1QiLCJhbGciOiJIUzI1NiJ9.eyJlbmNyeXB0ZWRfYXR0cmlidXRlcyI6ImQ2ekFsZXB3bVBrREp4R1RTK1dpMzhmTnZoOU1qa0FCRzdGRXR6aEVBYUpnY0ZpNEpwZ2FOV1lBdUQ5MGgxR2hTcFpzMVByUHNId0pVZkk0STVMaTIwdldJYjM1Q0p4TjJ6TDZuckJ1QmczQ29ReHJ1eHJ3Qk9yamZRTWdRZEtHMG15TVlqV2ZUQTJJVlp2N2hQdGo3VlpoTndsK2s4UGRBYVA3UEZOVXJtTWVqUksyTlRSeG5NV3BiaUl4aUw3RHNHZnpQM0EzUE5iQWJDMGswYzlPdHl2NHhFMXZDQWR4R0I4K2c5dHZLcW1cL1pvN3NaVHQzYjhFYkttNFlpYklHeVM5VGNkaU9tOXhVc0k3VWtvVFdoRnJVZ0MzMExUK2ZDYmh6c0ZldTlCYVFkdnpqNmlyazBEdE5mSzBzc2pubE9JdWpDaE5mTXJnMWhFK1J0Qk1nM3RObUY3aUdwNzZDTm94cHpTTGZlMjgzUmNSQ2RtY09jVTBSaWRiT2hFK2JkN3NMOHV2b1dieWhzSmk3Rm94VTJ6VUVZVmdZTjVyazdOTnpvVTdJWlhuZVhjc3BOUW1MZUh3RHNTRTRIMnk4aW5cLzkzbW42RDVvTGkxT3grMzF4VUdXa2dJaEhIWG9JdmZGZ3NPdExWQTZOb1pYODZURVhZU3NIQWMrVExmTmpZRVBlRExEcVk2RmoyVzhUMHlSMkN2YkI4WXFyRFYxcDBveVZ2OWpFZzRyb2NcL0N1OFwvbUFDOFlaQ3g3SXZzOTVTeUJpbjhkVDU1VFliQkl2Q1lhb1NjXC81WVBwS1JGMlIzSENodE5SdDNZYXo4RGtyTjUxZGpMbEtjMEV0RDA3VWZHbHR2TGg4U2F0Y3h3VVV0aXBhalRlSUgybTd5dzhGMXJwYVJOWjRTTmxacFBnVE5ZbkI3cGk4UVBFbEpwNjJmZlpZU0t5R2paY0JZbis3QnNzWDB4azRBcXc0cmxlREYweEk2MXFQcmRhaVpvXC9oOURmUlFtN0xqcnliN2s3VlwvRmdRZzh5dlh2WW9kZ2Q3QUlSTzZ0Q1ZKZmM5VzNOVXdFOHkwdDE0b21KRVoxSUtWMmFxZHNuQkh3REFUb0RqNDV3Vjh6XC9Vd3ZoR3huamZ2bWVnSEJMMU11Y0ZwMENzQnFrK1laZXBFVEdMcEJvMk5kMHRuc25LdjVOQVdxMFF5NnVPU0E9PSIsImNvbnRlbnQiOiJbY29udGFjdC1maWVsZCBsYWJlbD1cIkRhdGVcIiB0eXBlPVwic2VsZWN0XCIgcmVxdWlyZWQ9XCIxXCIgb3B0aW9ucz1cIk1lcmNyZWRpIDExIG1hcnMgMjAyNiBkZSAxNGgzMCBcdTAwZTAgMTVoNDUsVmVuZHJlZGkgMTMgbWFycyAyMDI2IGRlIDE2aDQ1IFx1MDBlMCAxOGgsVmVuZHJlZGkgMjAgbWFycyAyMDI2IGRlIDE2aDQ1IFx1MDBlMCAxOGggLE1lcmNyZWRpIDFlciBhdnJpbCAyMDI2IGRlIDE0aDMwIFx1MDBlMCAxNWg0NSxWZW5kcmVkaSAzIGF2cmlsIDIwMjYgZGUgMTZoNDUgXHUwMGUwIDE4aCxNZXJjcmVkaSAyMiBhdnJpbCAyMDI2IGRlIDE0aDMwIFx1MDBlMCAxNWg0NSxWZW5kcmVkaSAyNCBhdnJpbCBkZSAxNmg0NSBcdTAwZTAgMThoLE1lcmNyZWRpIDYgbWFpIDIwMjYgZGUgMTRoMzAgXHUwMGUwIDE1aDQ1LFZlbmRyZWRpIDggbWFpIDIwMjYgZGUgMTZoNDUgXHUwMGUwIDE4aCxNZXJjcmVkaSAxMyBtYWkgMjAyNiBkZSAxNGgzMCBcdTAwZTAgMTVoNDUsTWVyY3JlZGkgMjAgbWFpIDIwMjYgZGUgMTRoMzAgXHUwMGUwIDE1aDQ1LFZlbmRyZWRpIDIyIG1haSAyMDI2IGRlIDE2aDQ1IFx1MDBlMCAxOGgsTWVyY3JlZGkgMjcgbWFpIDIwMjYgZGUgMTRoMzAgXHUwMGUwIDE1aDQ1LFZlbmRyZWRpIDI5IG1haSAyMDI2IGRlIDE2aDQ1IFx1MDBlMCAxOGhcIl1bY29udGFjdC1maWVsZCBsYWJlbD1cIlByXHUwMGU5bm9tIGRlIGwnZW5mYW50XCIgdHlwZT1cIm5hbWVcIiByZXF1aXJlZD1cIjFcIl1bY29udGFjdC1maWVsZCBsYWJlbD1cIlx1MDBjMmdlXCIgdHlwZT1cInNlbGVjdFwiIHJlcXVpcmVkPVwiMVwiIG9wdGlvbnM9XCJTXHUwMGU5bGVjdGlvbm5leiBsJ1x1MDBlMmdlIGRlIHZvdHJlIGVuZmFudCw2IGFucyw3IGFucyw4IGFucyw5IGFucywxMCBhbnMsMTEgYW5zLDEyIGFuc1wiXVtjb250YWN0LWZpZWxkIGxhYmVsPVwiQWRyZXNzZSBlbWFpbFwiIHR5cGU9XCJlbWFpbFwiIHJlcXVpcmVkPVwiMVwiXSIsImhhc2giOiI5YmFlMmYwNmE0ZWMyMzJjMjU2N2Q0ZTgyOGE3NWQ5MGYxODQ5NjBiIiwic291cmNlIjp7ImVudHJ5X3RpdGxlIjoiSW5zY3JpcHRpb24gYXRlbGllciBNYXhpbXVzZSB8IDYtMTIgYW5zIiwiZW50cnlfcGFnZSI6MSwic291cmNlX2lkIjoxODU3LCJzb3VyY2VfdHlwZSI6InNpbmdsZSIsInJlcXVlc3RfdXJsIjoiaHR0cHM6XC9cL3d3dy5sYW11c2VyZXZlLmZyXC93cC1qc29uXC93cFwvdjJcL3Byb2R1Y3RcLzE4NTcifSwidmVyc2lvbiI6MiwiY2lwaGVyIjoiYWVzLTI1Ni1nY20ifQ.2S913x8d63CmJlNqOmang34vju1sM_LkY36cXuebjfE' \/>\n\n<div style=\"\"  data-wp-interactive=\"jetpack\/form\" data-wp-context='{\"fieldId\":\"g1857-date\",\"fieldType\":\"select\",\"fieldLabel\":\"Date\",\"fieldValue\":\"\",\"fieldPlaceholder\":\"\",\"fieldIsRequired\":\"1\",\"fieldErrorMessage\":\"\",\"fieldExtra\":[],\"formHash\":\"9bae2f06a4ec232c2567d4e828a75d90f184960b\"}'  class='grunion-field-select-wrap grunion-field-wrap'  data-wp-init='callbacks.initializeField' data-wp-on--jetpack-form-reset='callbacks.initializeField' >\n<label\n\t\t\t\tfor='g1857-date' class=\"grunion-field-label select\" >Date<span class=\"grunion-label-required\" aria-hidden=\"true\">(obligatoire)<\/span><\/label>\n<div class=\"contact-form__select-wrapper select  grunion-field\"  style=''>\t<span class='contact-form__select-element-wrapper'><select name='g1857-date' id='g1857-date' required aria-required='true' data-wp-on--change='actions.onFieldChange' data-wp-bind--aria-invalid='state.fieldHasErrors' >\n\t\t<option value='Mercredi 11 mars 2026 de 14h30 \u00e0 15h45'>Mercredi 11 mars 2026 de 14h30 \u00e0 15h45<\/option>\n\t\t<option value='Vendredi 13 mars 2026 de 16h45 \u00e0 18h'>Vendredi 13 mars 2026 de 16h45 \u00e0 18h<\/option>\n\t\t<option value='Vendredi 20 mars 2026 de 16h45 \u00e0 18h'>Vendredi 20 mars 2026 de 16h45 \u00e0 18h<\/option>\n\t\t<option value='Mercredi 1er avril 2026 de 14h30 \u00e0 15h45'>Mercredi 1er avril 2026 de 14h30 \u00e0 15h45<\/option>\n\t\t<option value='Vendredi 3 avril 2026 de 16h45 \u00e0 18h'>Vendredi 3 avril 2026 de 16h45 \u00e0 18h<\/option>\n\t\t<option value='Mercredi 22 avril 2026 de 14h30 \u00e0 15h45'>Mercredi 22 avril 2026 de 14h30 \u00e0 15h45<\/option>\n\t\t<option value='Vendredi 24 avril de 16h45 \u00e0 18h'>Vendredi 24 avril de 16h45 \u00e0 18h<\/option>\n\t\t<option value='Mercredi 6 mai 2026 de 14h30 \u00e0 15h45'>Mercredi 6 mai 2026 de 14h30 \u00e0 15h45<\/option>\n\t\t<option value='Vendredi 8 mai 2026 de 16h45 \u00e0 18h'>Vendredi 8 mai 2026 de 16h45 \u00e0 18h<\/option>\n\t\t<option value='Mercredi 13 mai 2026 de 14h30 \u00e0 15h45'>Mercredi 13 mai 2026 de 14h30 \u00e0 15h45<\/option>\n\t\t<option value='Mercredi 20 mai 2026 de 14h30 \u00e0 15h45'>Mercredi 20 mai 2026 de 14h30 \u00e0 15h45<\/option>\n\t\t<option value='Vendredi 22 mai 2026 de 16h45 \u00e0 18h'>Vendredi 22 mai 2026 de 16h45 \u00e0 18h<\/option>\n\t\t<option value='Mercredi 27 mai 2026 de 14h30 \u00e0 15h45'>Mercredi 27 mai 2026 de 14h30 \u00e0 15h45<\/option>\n\t\t<option value='Vendredi 29 mai 2026 de 16h45 \u00e0 18h'>Vendredi 29 mai 2026 de 16h45 \u00e0 18h<\/option>\n\t<\/select><span class='jetpack-field-dropdown__icon'><\/span><\/span>\n<\/div>\n\n\t\t\t<div id=\"g1857-date-select-error\" class=\"contact-form__input-error\" data-wp-class--has-errors=\"state.fieldHasErrors\">\n\t\t\t\t<span class=\"contact-form__warning-icon\">\n\t\t\t\t\t<svg width=\"16\" height=\"16\" viewBox=\"0 0 16 16\" fill=\"none\" xmlns=\"http:\/\/www.w3.org\/2000\/svg\">\n\t\t\t\t\t\t<path d=\"M8.50015 11.6402H7.50015V10.6402H8.50015V11.6402Z\" \/>\n\t\t\t\t\t\t<path d=\"M7.50015 9.64018H8.50015V6.30684H7.50015V9.64018Z\" \/>\n\t\t\t\t\t\t<path fill-rule=\"evenodd\" clip-rule=\"evenodd\" d=\"M6.98331 3.0947C7.42933 2.30177 8.57096 2.30177 9.01698 3.09469L13.8771 11.7349C14.3145 12.5126 13.7525 13.4735 12.8602 13.4735H3.14004C2.24774 13.4735 1.68575 12.5126 2.12321 11.7349L6.98331 3.0947ZM8.14541 3.58496C8.08169 3.47168 7.9186 3.47168 7.85488 3.58496L2.99478 12.2251C2.93229 12.3362 3.01257 12.4735 3.14004 12.4735H12.8602C12.9877 12.4735 13.068 12.3362 13.0055 12.2251L8.14541 3.58496Z\" \/>\n\t\t\t\t\t<\/svg>\n\t\t\t\t\t<span class=\"visually-hidden\">Attention<\/span>\n\t\t\t\t<\/span>\n\t\t\t\t<span data-wp-text=\"state.errorMessage\" id=\"g1857-date-select-error-message\"><\/span>\n\t\t\t<\/div>\t<\/div>\n\n<div style=\"\"  data-wp-interactive=\"jetpack\/form\" data-wp-context='{\"fieldId\":\"g1857-prnomdelenfant\",\"fieldType\":\"name\",\"fieldLabel\":\"Pr\\u00e9nom de l\\u0027enfant\",\"fieldValue\":\"\",\"fieldPlaceholder\":\"\",\"fieldIsRequired\":\"1\",\"fieldErrorMessage\":\"\",\"fieldExtra\":[],\"formHash\":\"9bae2f06a4ec232c2567d4e828a75d90f184960b\"}'  class='grunion-field-name-wrap grunion-field-wrap'  data-wp-init='callbacks.initializeField' data-wp-on--jetpack-form-reset='callbacks.initializeField' >\n<label\n\t\t\t\tfor='g1857-prnomdelenfant' class=\"grunion-field-label name\" >Pr\u00e9nom de l'enfant<span class=\"grunion-label-required\" aria-hidden=\"true\">(obligatoire)<\/span><\/label>\n<input\n\t\t\t\t\ttype='text'\n\t\t\t\t\tname='g1857-prnomdelenfant'\n\t\t\t\t\tid='g1857-prnomdelenfant'\n\t\t\t\t\tvalue=''\n\n\t\t\t\t\tdata-wp-bind--aria-invalid='state.fieldHasErrors'\n\t\t\t\t\tdata-wp-bind--value='state.getFieldValue'\n\t\t\t\t\taria-errormessage='g1857-prnomdelenfant-text-error-message'\n\t\t\t\t\tdata-wp-on--input='actions.onFieldChange'\n\t\t\t\t\tdata-wp-on--blur='actions.onFieldBlur'\n\t\t\t\t\tdata-wp-class--has-value='state.hasFieldValue'\n\n\t\t\t\t\tclass='name  grunion-field' \n\t\t\t\t\trequired='true' aria-required='true'  \/>\n \n\t\t\t<div id=\"g1857-prnomdelenfant-text-error\" class=\"contact-form__input-error\" data-wp-class--has-errors=\"state.fieldHasErrors\">\n\t\t\t\t<span class=\"contact-form__warning-icon\">\n\t\t\t\t\t<svg width=\"16\" height=\"16\" viewBox=\"0 0 16 16\" fill=\"none\" xmlns=\"http:\/\/www.w3.org\/2000\/svg\">\n\t\t\t\t\t\t<path d=\"M8.50015 11.6402H7.50015V10.6402H8.50015V11.6402Z\" \/>\n\t\t\t\t\t\t<path d=\"M7.50015 9.64018H8.50015V6.30684H7.50015V9.64018Z\" \/>\n\t\t\t\t\t\t<path fill-rule=\"evenodd\" clip-rule=\"evenodd\" d=\"M6.98331 3.0947C7.42933 2.30177 8.57096 2.30177 9.01698 3.09469L13.8771 11.7349C14.3145 12.5126 13.7525 13.4735 12.8602 13.4735H3.14004C2.24774 13.4735 1.68575 12.5126 2.12321 11.7349L6.98331 3.0947ZM8.14541 3.58496C8.08169 3.47168 7.9186 3.47168 7.85488 3.58496L2.99478 12.2251C2.93229 12.3362 3.01257 12.4735 3.14004 12.4735H12.8602C12.9877 12.4735 13.068 12.3362 13.0055 12.2251L8.14541 3.58496Z\" \/>\n\t\t\t\t\t<\/svg>\n\t\t\t\t\t<span class=\"visually-hidden\">Attention<\/span>\n\t\t\t\t<\/span>\n\t\t\t\t<span data-wp-text=\"state.errorMessage\" id=\"g1857-prnomdelenfant-text-error-message\"><\/span>\n\t\t\t<\/div> \n\t<\/div>\n\n<div style=\"\"  data-wp-interactive=\"jetpack\/form\" data-wp-context='{\"fieldId\":\"g1857-ge\",\"fieldType\":\"select\",\"fieldLabel\":\"\\u00c2ge\",\"fieldValue\":\"\",\"fieldPlaceholder\":\"\",\"fieldIsRequired\":\"1\",\"fieldErrorMessage\":\"\",\"fieldExtra\":[],\"formHash\":\"9bae2f06a4ec232c2567d4e828a75d90f184960b\"}'  class='grunion-field-select-wrap grunion-field-wrap'  data-wp-init='callbacks.initializeField' data-wp-on--jetpack-form-reset='callbacks.initializeField' >\n<label\n\t\t\t\tfor='g1857-ge' class=\"grunion-field-label select\" >\u00c2ge<span class=\"grunion-label-required\" aria-hidden=\"true\">(obligatoire)<\/span><\/label>\n<div class=\"contact-form__select-wrapper select  grunion-field\"  style=''>\t<span class='contact-form__select-element-wrapper'><select name='g1857-ge' id='g1857-ge' required aria-required='true' data-wp-on--change='actions.onFieldChange' data-wp-bind--aria-invalid='state.fieldHasErrors' >\n\t\t<option value='S\u00e9lectionnez l&#039;\u00e2ge de votre enfant'>S\u00e9lectionnez l&#039;\u00e2ge de votre enfant<\/option>\n\t\t<option value='6 ans'>6 ans<\/option>\n\t\t<option value='7 ans'>7 ans<\/option>\n\t\t<option value='8 ans'>8 ans<\/option>\n\t\t<option value='9 ans'>9 ans<\/option>\n\t\t<option value='10 ans'>10 ans<\/option>\n\t\t<option value='11 ans'>11 ans<\/option>\n\t\t<option value='12 ans'>12 ans<\/option>\n\t<\/select><span class='jetpack-field-dropdown__icon'><\/span><\/span>\n<\/div>\n\n\t\t\t<div id=\"g1857-ge-select-error\" class=\"contact-form__input-error\" data-wp-class--has-errors=\"state.fieldHasErrors\">\n\t\t\t\t<span class=\"contact-form__warning-icon\">\n\t\t\t\t\t<svg width=\"16\" height=\"16\" viewBox=\"0 0 16 16\" fill=\"none\" xmlns=\"http:\/\/www.w3.org\/2000\/svg\">\n\t\t\t\t\t\t<path d=\"M8.50015 11.6402H7.50015V10.6402H8.50015V11.6402Z\" \/>\n\t\t\t\t\t\t<path d=\"M7.50015 9.64018H8.50015V6.30684H7.50015V9.64018Z\" \/>\n\t\t\t\t\t\t<path fill-rule=\"evenodd\" clip-rule=\"evenodd\" d=\"M6.98331 3.0947C7.42933 2.30177 8.57096 2.30177 9.01698 3.09469L13.8771 11.7349C14.3145 12.5126 13.7525 13.4735 12.8602 13.4735H3.14004C2.24774 13.4735 1.68575 12.5126 2.12321 11.7349L6.98331 3.0947ZM8.14541 3.58496C8.08169 3.47168 7.9186 3.47168 7.85488 3.58496L2.99478 12.2251C2.93229 12.3362 3.01257 12.4735 3.14004 12.4735H12.8602C12.9877 12.4735 13.068 12.3362 13.0055 12.2251L8.14541 3.58496Z\" \/>\n\t\t\t\t\t<\/svg>\n\t\t\t\t\t<span class=\"visually-hidden\">Attention<\/span>\n\t\t\t\t<\/span>\n\t\t\t\t<span data-wp-text=\"state.errorMessage\" id=\"g1857-ge-select-error-message\"><\/span>\n\t\t\t<\/div>\t<\/div>\n\n<div style=\"\"  data-wp-interactive=\"jetpack\/form\" data-wp-context='{\"fieldId\":\"g1857-adresseemail\",\"fieldType\":\"email\",\"fieldLabel\":\"Adresse email\",\"fieldValue\":\"\",\"fieldPlaceholder\":\"\",\"fieldIsRequired\":\"1\",\"fieldErrorMessage\":\"\",\"fieldExtra\":[],\"formHash\":\"9bae2f06a4ec232c2567d4e828a75d90f184960b\"}'  class='grunion-field-email-wrap grunion-field-wrap'  data-wp-init='callbacks.initializeField' data-wp-on--jetpack-form-reset='callbacks.initializeField' >\n<label\n\t\t\t\tfor='g1857-adresseemail' class=\"grunion-field-label email\" >Adresse email<span class=\"grunion-label-required\" aria-hidden=\"true\">(obligatoire)<\/span><\/label>\n<input\n\t\t\t\t\ttype='email'\n\t\t\t\t\tname='g1857-adresseemail'\n\t\t\t\t\tid='g1857-adresseemail'\n\t\t\t\t\tvalue=''\n\n\t\t\t\t\tdata-wp-bind--aria-invalid='state.fieldHasErrors'\n\t\t\t\t\tdata-wp-bind--value='state.getFieldValue'\n\t\t\t\t\taria-errormessage='g1857-adresseemail-email-error-message'\n\t\t\t\t\tdata-wp-on--input='actions.onFieldChange'\n\t\t\t\t\tdata-wp-on--blur='actions.onFieldBlur'\n\t\t\t\t\tdata-wp-class--has-value='state.hasFieldValue'\n\n\t\t\t\t\tclass='email  grunion-field' \n\t\t\t\t\trequired='true' aria-required='true'  \/>\n \n\t\t\t<div id=\"g1857-adresseemail-email-error\" class=\"contact-form__input-error\" data-wp-class--has-errors=\"state.fieldHasErrors\">\n\t\t\t\t<span class=\"contact-form__warning-icon\">\n\t\t\t\t\t<svg width=\"16\" height=\"16\" viewBox=\"0 0 16 16\" fill=\"none\" xmlns=\"http:\/\/www.w3.org\/2000\/svg\">\n\t\t\t\t\t\t<path d=\"M8.50015 11.6402H7.50015V10.6402H8.50015V11.6402Z\" \/>\n\t\t\t\t\t\t<path d=\"M7.50015 9.64018H8.50015V6.30684H7.50015V9.64018Z\" \/>\n\t\t\t\t\t\t<path fill-rule=\"evenodd\" clip-rule=\"evenodd\" d=\"M6.98331 3.0947C7.42933 2.30177 8.57096 2.30177 9.01698 3.09469L13.8771 11.7349C14.3145 12.5126 13.7525 13.4735 12.8602 13.4735H3.14004C2.24774 13.4735 1.68575 12.5126 2.12321 11.7349L6.98331 3.0947ZM8.14541 3.58496C8.08169 3.47168 7.9186 3.47168 7.85488 3.58496L2.99478 12.2251C2.93229 12.3362 3.01257 12.4735 3.14004 12.4735H12.8602C12.9877 12.4735 13.068 12.3362 13.0055 12.2251L8.14541 3.58496Z\" \/>\n\t\t\t\t\t<\/svg>\n\t\t\t\t\t<span class=\"visually-hidden\">Attention<\/span>\n\t\t\t\t<\/span>\n\t\t\t\t<span data-wp-text=\"state.errorMessage\" id=\"g1857-adresseemail-email-error-message\"><\/span>\n\t\t\t<\/div> \n\t<\/div>\n\t<p class='contact-submit'>\n<div class=\"contact-form__error\" data-wp-class--show-errors=\"state.showFormErrors\"><span class=\"contact-form__warning-icon\"><span class=\"visually-hidden\">Attention.<\/span><i aria-hidden=\"true\"><\/i><\/span>\n\t\t\t\t<span data-wp-text=\"state.getFormErrorMessage\"><\/span>\n\t\t\t\t<ul>\n\t\t\t\t<template data-wp-each=\"state.getErrorList\" data-wp-key=\"context.item.id\">\n\t\t\t\t\t<li><a data-wp-bind--href=\"context.item.anchor\" data-wp-on--click=\"actions.scrollIntoView\" data-wp-text=\"context.item.label\"><\/a><\/li>\n\t\t\t\t<\/template>\n\t\t\t\t<\/ul><\/div><div class=\"contact-form__error\" data-wp-class--show-errors=\"state.showSubmissionError\" data-wp-text=\"context.submissionError\"><\/div>\t\t<button type='submit' class='pushbutton-wide'>Envoyer<\/button>\t\t<input type='hidden' name='contact-form-id' value='1857' \/>\n\t\t<input type='hidden' name='action' value='grunion-contact-form' \/>\n\t\t<input type='hidden' name='contact-form-hash' value='9bae2f06a4ec232c2567d4e828a75d90f184960b' \/>\n\t<\/p>\n<\/form>\n<\/div>\n","protected":false},"featured_media":1339,"comment_status":"open","ping_status":"closed","template":"","meta":{"ocean_post_layout":"full-width","ocean_both_sidebars_style":"","ocean_both_sidebars_content_width":0,"ocean_both_sidebars_sidebars_width":0,"ocean_sidebar":"woo_sidebar","ocean_second_sidebar":"0","ocean_disable_margins":"enable","ocean_add_body_class":"","ocean_shortcode_before_top_bar":"","ocean_shortcode_after_top_bar":"","ocean_shortcode_before_header":"","ocean_shortcode_after_header":"","ocean_has_shortcode":"","ocean_shortcode_after_title":"","ocean_shortcode_before_footer_widgets":"","ocean_shortcode_after_footer_widgets":"","ocean_shortcode_before_footer_bottom":"","ocean_shortcode_after_footer_bottom":"","ocean_display_top_bar":"default","ocean_display_header":"default","ocean_header_style":"","ocean_center_header_left_menu":"0","ocean_custom_header_template":"0","ocean_custom_logo":0,"ocean_custom_retina_logo":0,"ocean_custom_logo_max_width":0,"ocean_custom_logo_tablet_max_width":0,"ocean_custom_logo_mobile_max_width":0,"ocean_custom_logo_max_height":0,"ocean_custom_logo_tablet_max_height":0,"ocean_custom_logo_mobile_max_height":0,"ocean_header_custom_menu":"0","ocean_menu_typo_font_family":"0","ocean_menu_typo_font_subset":"","ocean_menu_typo_font_size":0,"ocean_menu_typo_font_size_tablet":0,"ocean_menu_typo_font_size_mobile":0,"ocean_menu_typo_font_size_unit":"px","ocean_menu_typo_font_weight":"","ocean_menu_typo_font_weight_tablet":"","ocean_menu_typo_font_weight_mobile":"","ocean_menu_typo_transform":"","ocean_menu_typo_transform_tablet":"","ocean_menu_typo_transform_mobile":"","ocean_menu_typo_line_height":0,"ocean_menu_typo_line_height_tablet":0,"ocean_menu_typo_line_height_mobile":0,"ocean_menu_typo_line_height_unit":"","ocean_menu_typo_spacing":0,"ocean_menu_typo_spacing_tablet":0,"ocean_menu_typo_spacing_mobile":0,"ocean_menu_typo_spacing_unit":"","ocean_menu_link_color":"","ocean_menu_link_color_hover":"","ocean_menu_link_color_active":"","ocean_menu_link_background":"","ocean_menu_link_hover_background":"","ocean_menu_link_active_background":"","ocean_menu_social_links_bg":"","ocean_menu_social_hover_links_bg":"","ocean_menu_social_links_color":"","ocean_menu_social_hover_links_color":"","ocean_disable_title":"default","ocean_disable_heading":"default","ocean_post_title":"","ocean_post_subheading":"","ocean_post_title_style":"","ocean_post_title_background_color":"","ocean_post_title_background":0,"ocean_post_title_bg_image_position":"","ocean_post_title_bg_image_attachment":"","ocean_post_title_bg_image_repeat":"","ocean_post_title_bg_image_size":"","ocean_post_title_height":0,"ocean_post_title_bg_overlay":0.5,"ocean_post_title_bg_overlay_color":"","ocean_disable_breadcrumbs":"default","ocean_breadcrumbs_color":"","ocean_breadcrumbs_separator_color":"","ocean_breadcrumbs_links_color":"","ocean_breadcrumbs_links_hover_color":"","ocean_display_footer_widgets":"default","ocean_display_footer_bottom":"default","ocean_custom_footer_template":"0","_themeisle_gutenberg_block_has_review":false},"product_brand":[],"product_cat":[39],"product_tag":[46,45],"class_list":{"0":"post-1857","1":"product","2":"type-product","3":"status-publish","4":"has-post-thumbnail","6":"product_cat-ateliers","7":"product_tag-education-artistique","8":"product_tag-enfant","10":"entry","11":"has-media","13":"first","14":"instock","15":"virtual","16":"purchasable","17":"product-type-simple","18":"has-product-nav","19":"col","20":"span_1_of_3","21":"owp-content-center","22":"owp-thumbs-layout-horizontal","23":"owp-btn-normal","24":"owp-tabs-layout-horizontal","26":"circle-sale"},"jetpack_sharing_enabled":true,"_links":{"self":[{"href":"https:\/\/www.lamusereve.fr\/index.php\/wp-json\/wp\/v2\/product\/1857","targetHints":{"allow":["GET"]}}],"collection":[{"href":"https:\/\/www.lamusereve.fr\/index.php\/wp-json\/wp\/v2\/product"}],"about":[{"href":"https:\/\/www.lamusereve.fr\/index.php\/wp-json\/wp\/v2\/types\/product"}],"replies":[{"embeddable":true,"href":"https:\/\/www.lamusereve.fr\/index.php\/wp-json\/wp\/v2\/comments?post=1857"}],"wp:featuredmedia":[{"embeddable":true,"href":"https:\/\/www.lamusereve.fr\/index.php\/wp-json\/wp\/v2\/media\/1339"}],"wp:attachment":[{"href":"https:\/\/www.lamusereve.fr\/index.php\/wp-json\/wp\/v2\/media?parent=1857"}],"wp:term":[{"taxonomy":"product_brand","embeddable":true,"href":"https:\/\/www.lamusereve.fr\/index.php\/wp-json\/wp\/v2\/product_brand?post=1857"},{"taxonomy":"product_cat","embeddable":true,"href":"https:\/\/www.lamusereve.fr\/index.php\/wp-json\/wp\/v2\/product_cat?post=1857"},{"taxonomy":"product_tag","embeddable":true,"href":"https:\/\/www.lamusereve.fr\/index.php\/wp-json\/wp\/v2\/product_tag?post=1857"}],"curies":[{"name":"wp","href":"https:\/\/api.w.org\/{rel}","templated":true}]}}