{"id":1700,"date":"2025-04-07T21:43:39","date_gmt":"2025-04-07T19:43:39","guid":{"rendered":"https:\/\/www.lamusereve.fr\/?post_type=product&#038;p=1700"},"modified":"2026-03-06T12:50:41","modified_gmt":"2026-03-06T11:50:41","slug":"inscription-atelier-babymuse-0-3-ans","status":"publish","type":"product","link":"https:\/\/www.lamusereve.fr\/index.php\/produit\/inscription-atelier-babymuse-0-3-ans\/","title":{"rendered":"Inscription atelier Babymuse | 0-3 Ans"},"content":{"rendered":"<p>Un atelier <strong>Babymuse<\/strong>, c\u2019est :<\/p>\n<ul class=\"wp-block-list\">\n<li>1 d\u00e9couverte d\u2019albums jeunesse en lien avec l&rsquo;exposition et\/ou sur l\u2019art et les notions qui l\u2019entourent (formes, couleurs, \u2026), avec comptines, jeux de doigts ou autre chose, selon l&rsquo;inspiration de la m\u00e9diatrice !<\/li>\n<li>1 moment d\u2019exploration sensorielle, ludique et artistique adapt\u00e9 \u00e0 b\u00e9b\u00e9 (et prot\u00e9g\u00e9 de la t\u00eate au pied, si n\u00e9cessaire !)<\/li>\n<\/ul>\n<p>&nbsp;<\/p>\n<p>Dur\u00e9e : 40 mn environ<\/p>\n<hr \/>\n<h4><span style=\"color: #a6553c;\">Informations importantes<\/span><\/h4>\n<ul>\n<li><span style=\"color: #a6553c;\">En cas d&rsquo;annulation de derni\u00e8re minute, l&rsquo;atelier ne vous sera pas rembours\u00e9. Le remboursement ou l&rsquo;\u00e9change n&rsquo;est possible que lorsque l&rsquo;annulation est effectu\u00e9e au plus tard 24h avant l&rsquo;atelier, et notifi\u00e9e par \u00e9crit. L&rsquo;\u00e9change de date n&rsquo;est possible qu&rsquo;une seule fois.<\/span><\/li>\n<li><span style=\"color: #a6553c;\">La muse r\u00eave peut se voir contrainte d&rsquo;annuler l&rsquo;atelier la veille du jour J si le nombre d&rsquo;inscriptions est inf\u00e9rieur \u00e0 2. Dans ce cas, l&rsquo;atelier vous sera rembours\u00e9.<\/span><\/li>\n<li><span style=\"color: #a6553c;\">En cas de retard au-del\u00e0 de 10 minutes, La muse r\u00eave se r\u00e9serve le droit de vous refuser l\u2019acc\u00e8s \u00e0 l\u2019atelier pour ne pas perturber le bon d\u00e9roulement de celui-ci pour le public d\u00e9j\u00e0 pr\u00e9sent.<\/span><\/li>\n<\/ul>\n","protected":false},"excerpt":{"rendered":"<p>15 \u20ac pour un enfant et son adulte accompagnateur<br \/>\n7 \u20ac pour un adulte suppl\u00e9mentaire (\u00e0 r\u00e9gler sur place)<\/p>\n<hr \/>\n<h4><span style=\"color: #a6553c;\">Comment m&rsquo;inscrire et profiter de mon atelier ?<\/span><\/h4>\n<ol>\n<li><span style=\"color: #a6553c;\"><strong>Je renseigne le pr\u00e9nom de l&rsquo;enfant<\/strong> et s\u00e9lectionne la date qui m&rsquo;int\u00e9resse dans le menu d\u00e9roulant.<\/span><\/li>\n<li><span style=\"color: #a6553c;\"><strong>Je clique sur \u00ab\u00a0Envoyer\u00a0\u00bb<\/strong>. ATTENTION : \u00e0 ce stade, votre place pour l&rsquo;atelier n&rsquo;est pas encore r\u00e9serv\u00e9e. Cette action permet juste \u00e0 l\u2019\u00e9quipe d\u2019avoir vos principales infos. Un r\u00e9capitulatif (non automatique) vous sera transmis par mail apr\u00e8s r\u00e8glement de votre panier.<\/span><\/li>\n<li><span style=\"color: #a6553c;\"><strong>J&rsquo;ajoute l&rsquo;atelier \u00e0 mon panier<\/strong> en cliquant sur \u00ab\u00a0Ajouter au panier\u00a0\u00bb.<\/span><\/li>\n<li><span style=\"color: #a6553c;\"><strong>Je valide mon panier<\/strong> et r\u00e8gle ma commande.<\/span><\/li>\n<\/ol>\n<p><span style=\"color: #a6553c;\"><em>Avant l&rsquo;atelier, merci de prendre connaissance des informations importantes en bas de page, apr\u00e8s la section Description.<\/em><\/span><\/p>\n<hr \/>\n<div data-test='contact-form'\n\t\t\tid='contact-form-1700'\n\t\t\tclass='wp-block-jetpack-contact-form-container '\n\t\t\tdata-wp-interactive='jetpack\/form' data-wp-context='{\"formId\":\"1700\",\"formHash\":\"f0a95daa793e374c021a1d9c9219a79b290ea04d\",\"showErrors\":false,\"errors\":[],\"fields\":[],\"isMultiStep\":false,\"useAjax\":true,\"submissionData\":null,\"formattedSubmissionData\":[],\"submissionSuccess\":false,\"submissionError\":null,\"elementId\":\"jp-form-f0a95daa793e374c021a1d9c9219a79b290ea04d\",\"isSingleInputForm\":false}'\n\t\t\tdata-wp-watch--scroll-to-wrapper=\"callbacks.scrollToWrapper\"\n\t\t>\n<div class=\"contact-form-submission contact-form-ajax-submission\" data-wp-class--submission-success=\"context.submissionSuccess\"><p class=\"go-back-message\"><a class=\"link\" role=\"button\" tabindex=\"0\" data-wp-on--click=\"actions.goBack\" href=\"\/index.php\/wp-json\/wp\/v2\/product\/1700\">Retour<\/a><\/p><h4 id=\"contact-form-success-header\">Votre message a \u00e9t\u00e9 envoy\u00e9<\/h4>\n\n<template data-wp-each--submission=\"context.formattedSubmissionData\">\n\t\t\t\t\t<div class=\"jetpack_forms_contact-form-success-summary\">\n\t\t\t\t\t\t<div class=\"field-name\" data-wp-text=\"context.submission.label\" data-wp-bind--hidden=\"!context.submission.label\"><\/div>\n\t\t\t\t\t\t<div class=\"field-value\" data-wp-text=\"context.submission.value\"><\/div>\n\t\t\t\t\t\t<div class=\"field-images\" data-wp-bind--hidden=\"!context.submission.images\">\n\t\t\t\t\t\t\t<template data-wp-each--image=\"context.submission.images\">\n\t\t\t\t\t\t\t\t<figure class=\"field-image\" data-wp-class--is-empty=\"!context.image\">\n\t\t\t\t\t\t\t\t\t<img data-wp-bind--src=\"context.image\" data-wp-bind--hidden=\"!context.image\" \/>\n\t\t\t\t\t\t\t\t\t<img decoding=\"async\" src=\"data:image\/gif;base64,R0lGODlhAQABAAD\/ACwAAAAAAQABAAACADs=\" data-wp-bind--hidden=\"context.image\" \/>\n\t\t\t\t\t\t\t\t<\/figure>\n\t\t\t\t\t\t\t<\/template>\n\t\t\t\t\t\t<\/div>\n\t\t\t\t\t<\/div>\n\t\t\t\t<\/template><\/div><form action='https:\/\/www.lamusereve.fr\/index.php\/produit\/inscription-atelier-babymuse-0-3-ans\/'\n\t\t\t\tid='jp-form-f0a95daa793e374c021a1d9c9219a79b290ea04d'\n\t\t\t\tmethod='post'\n\t\t\t\tclass='contact-form commentsblock' aria-label=\"Inscription atelier Babymuse | 0-3 Ans\"\n\t\t\t\tdata-wp-on--submit=\"actions.onFormSubmit\"\n\t\t\t\tdata-wp-on--reset=\"actions.onFormReset\"\n\t\t\t\tdata-wp-class--submission-success=\"context.submissionSuccess\"\n\t\t\t\tdata-wp-class--is-first-step=\"state.isFirstStep\"\n\t\t\t\tdata-wp-class--is-last-step=\"state.isLastStep\"\n\t\t\t\tdata-wp-class--is-ajax-form=\"context.useAjax\"\n\t\t\t\tnovalidate >\n<input type='hidden' name='jetpack_contact_form_jwt' value='eyJ0eXAiOiJKV1QiLCJhbGciOiJIUzI1NiJ9.eyJlbmNyeXB0ZWRfYXR0cmlidXRlcyI6Im1jTlVFYjVWN2pYQ0NLbEF5TU5SOGYxVmRvUFwvK0FicVpEK0pJMVlka2ZsRUg5empCMmZCRGE2WjhydHNrT0U0SmRRTGhYMWFhRGE4NnlJVjVYdTJXUzVtYXFxRUpOOXhuSTlUaHlzUER5WkNDc0FnT0xMeUdJSlRFYk9UZXZ1bHRsRXNmTjZjc05FNkNmNmR4ekpJZlhsM3prSGRRZFN2VHZxYVpEQWVHUUFPQnJGbWFORXZkRnVuc0FyNzdVUm5uN2cweWMrK1oxTlIyRUY4MlJsSlVKa2ZcL2ZCZ2ZyTWt2RTh1enRGOXhETlk1dWJHUjdPNnF6M21BSThTNERoYVwvVDJXNXI4dFQrb2hCWjcrUFhqZzVzdmYrRlhJcjFNTEpsQnFMaWpTWUlBOXNSQkhiZ0YyRjJHS0lKMmRraUx2YThLMmZhU09JT3ZxZEQweTFNZE1ra3U4NWRYZzl1S3ExNzR1NlFtS1d5QlZBc1BkS3RreHl0c2hUZUpwYW5zRFpteEVVd2VrTGthbG1qN1IweVZramdocmxOWHZtc21kMm1TN2xYTE1kc3RhQUM0Q01pSmx4Z1U0MitmSW1nbmlORm9xTU9EUU82eTUxNEdtOE9vb1hhUHQza3pCQ3RiTHpIWFZialYwUjFwVTlrZU81VUlmeWNCTXBhOEpHNjlKQUZyOXNEK2FFSGFXcFVDT0pWS3hFbHpwSFlNZHRhekVTOFJEMEpWcEkwZHlcLzI4WWhCRUpkNkxSWWpPcXppODdPQitGZW9Nc3RaMHQwdmdKYkhWZnBXUjNuNEliMDZCUFhKOTNYaWRDNXd3VmthZVp2OFpJMkJkNVdDTWRnd21lUVI4SUpvejZmaXkybkdqaElLcVhFc1ZxaGdcL0tlcGpjQ2NpTHFwTmpkNTVBaHU5YVN5aXUrM2lxdlNZbDUwYTFITEE5UmhBcDNcL3NRNEd4TVRzd0t3Umt5aHE5UlQ0SmQ3QlZSa0oxUFJGeUYyTjl6UUptN2RrbVhITTM4V0NSb3hGc20xc1ZlTCtiWjk3djUzK2V1UXFYYzVzRGRXaHloczgzNDZTNmlQVVQ0OXZaY21BUDlQaWYrRGFtXC9vSEZ5Qkp4YTNhMnF6UkcrVXNoRWlwOVRscW85d3BGSTdaTE9wYVlpZjlNUWdwTmIzbFZYdTBqRVVBNjdYNVhCeWJ2OGZOajhRdz09IiwiY29udGVudCI6Iltjb250YWN0LWZpZWxkIGxhYmVsPVwiRGF0ZVwiIHR5cGU9XCJzZWxlY3RcIiByZXF1aXJlZD1cIjFcIiBvcHRpb25zPVwiSmV1ZGkgMTIgbWFycyAyMDI2IGRlIDloMzAgXHUwMGUwIDEwaDEwLFZlbmRyZWRpIDEzIG1hcnMgMjAyNiBkZSA5aDMwIFx1MDBlMCAxMGgxMCxTYW1lZGkgMTQgbWFycyAyMDI2IGRlIDEwaCBcdTAwZTAgMTBoNDAsSmV1ZGkgMTkgbWFycyAyMDI2IGRlIDloMzAgXHUwMGUwIDEwaDEwLFZlbmRyZWRpIDI3IG1hcnMgMjAyNiBkZSA5aDMwIFx1MDBlMCAxMGgxMCAsU2FtZWRpIDI4IG1hcnMgMjAyNiBkZSAxMGggXHUwMGUwIDEwaDQwLEpldWRpIDIgYXZyaWwgMjAyNiBkZSA5aDMwIFx1MDBlMCAxMGgxMCxWZW5kcmVkaSAzIGF2cmlsIDIwMjYgZGUgOWgzMCBcdTAwZTAgMTBoMTAsVmVuZHJlZGkgMTAgYXZyaWwgMjAyNiBkZSA5aDMwIFx1MDBlMCAxMGgxMCxTYW1lZGkgMTEgYXZyaWwgMjAyNiBkZSAxMGggXHUwMGUwIDEwaDQwLEpldWRpIDIzIGF2cmlsIDIwMjYgZGUgOWgzMCBcdTAwZTAgMTBoMTAsVmVuZHJlZGkgMjQgYXZyaWwgMjAyNiBkZSA5aDMwIFx1MDBlMCAxMGgxMCxTYW1lZGkgMjUgYXZyaWwgMjAyNiBkZSAxMGggXHUwMGUwIDEwaDQwXCJdW2NvbnRhY3QtZmllbGQgbGFiZWw9XCJQclx1MDBlOW5vbSBkZSBsJ2VuZmFudFwiIHR5cGU9XCJuYW1lXCIgcmVxdWlyZWQ9XCIxXCJdW2NvbnRhY3QtZmllbGQgbGFiZWw9XCJcdTAwYzJnZVwiIHR5cGU9XCJzZWxlY3RcIiByZXF1aXJlZD1cIjFcIiBvcHRpb25zPVwiU1x1MDBlOWxlY3Rpb25uZXogbCdcdTAwZTJnZSBkZSB2b3RyZSBlbmZhbnQsNi0xMiBtb2lzLDEyLTE4IG1vaXMsMTgtMjQgbW9pcywyNC0zNiBtb2lzXCJdW2NvbnRhY3QtZmllbGQgbGFiZWw9XCJBZHJlc3NlIGVtYWlsXCIgdHlwZT1cImVtYWlsXCIgcmVxdWlyZWQ9XCIxXCJdIiwiaGFzaCI6ImYwYTk1ZGFhNzkzZTM3NGMwMjFhMWQ5YzkyMTlhNzliMjkwZWEwNGQiLCJzb3VyY2UiOnsiZW50cnlfdGl0bGUiOiJJbnNjcmlwdGlvbiBhdGVsaWVyIEJhYnltdXNlIHwgMC0zIEFucyIsImVudHJ5X3BhZ2UiOjEsInNvdXJjZV9pZCI6MTcwMCwic291cmNlX3R5cGUiOiJzaW5nbGUiLCJyZXF1ZXN0X3VybCI6Imh0dHBzOlwvXC93d3cubGFtdXNlcmV2ZS5mclwvd3AtanNvblwvd3BcL3YyXC9wcm9kdWN0XC8xNzAwIn0sInZlcnNpb24iOjIsImNpcGhlciI6ImFlcy0yNTYtZ2NtIn0.T8qJ7P2fDRcACTxpxIg21aQ9x3tlC5KWa_r3XceXJDI' \/>\n\n<div style=\"\"  data-wp-interactive=\"jetpack\/form\" data-wp-context='{\"fieldId\":\"g1700-date\",\"fieldType\":\"select\",\"fieldLabel\":\"Date\",\"fieldValue\":\"\",\"fieldPlaceholder\":\"\",\"fieldIsRequired\":\"1\",\"fieldErrorMessage\":\"\",\"fieldExtra\":[],\"formHash\":\"f0a95daa793e374c021a1d9c9219a79b290ea04d\"}'  class='grunion-field-select-wrap grunion-field-wrap'  data-wp-init='callbacks.initializeField' data-wp-on--jetpack-form-reset='callbacks.initializeField' >\n<label\n\t\t\t\tfor='g1700-date' class=\"grunion-field-label select\" >Date<span class=\"grunion-label-required\" aria-hidden=\"true\">(obligatoire)<\/span><\/label>\n<div class=\"contact-form__select-wrapper select  grunion-field\"  style=''>\t<span class='contact-form__select-element-wrapper'><select name='g1700-date' id='g1700-date' required aria-required='true' data-wp-on--change='actions.onFieldChange' data-wp-bind--aria-invalid='state.fieldHasErrors' >\n\t\t<option value='Jeudi 12 mars 2026 de 9h30 \u00e0 10h10'>Jeudi 12 mars 2026 de 9h30 \u00e0 10h10<\/option>\n\t\t<option value='Vendredi 13 mars 2026 de 9h30 \u00e0 10h10'>Vendredi 13 mars 2026 de 9h30 \u00e0 10h10<\/option>\n\t\t<option value='Samedi 14 mars 2026 de 10h \u00e0 10h40'>Samedi 14 mars 2026 de 10h \u00e0 10h40<\/option>\n\t\t<option value='Jeudi 19 mars 2026 de 9h30 \u00e0 10h10'>Jeudi 19 mars 2026 de 9h30 \u00e0 10h10<\/option>\n\t\t<option value='Vendredi 27 mars 2026 de 9h30 \u00e0 10h10'>Vendredi 27 mars 2026 de 9h30 \u00e0 10h10<\/option>\n\t\t<option value='Samedi 28 mars 2026 de 10h \u00e0 10h40'>Samedi 28 mars 2026 de 10h \u00e0 10h40<\/option>\n\t\t<option value='Jeudi 2 avril 2026 de 9h30 \u00e0 10h10'>Jeudi 2 avril 2026 de 9h30 \u00e0 10h10<\/option>\n\t\t<option value='Vendredi 3 avril 2026 de 9h30 \u00e0 10h10'>Vendredi 3 avril 2026 de 9h30 \u00e0 10h10<\/option>\n\t\t<option value='Vendredi 10 avril 2026 de 9h30 \u00e0 10h10'>Vendredi 10 avril 2026 de 9h30 \u00e0 10h10<\/option>\n\t\t<option value='Samedi 11 avril 2026 de 10h \u00e0 10h40'>Samedi 11 avril 2026 de 10h \u00e0 10h40<\/option>\n\t\t<option value='Jeudi 23 avril 2026 de 9h30 \u00e0 10h10'>Jeudi 23 avril 2026 de 9h30 \u00e0 10h10<\/option>\n\t\t<option value='Vendredi 24 avril 2026 de 9h30 \u00e0 10h10'>Vendredi 24 avril 2026 de 9h30 \u00e0 10h10<\/option>\n\t\t<option value='Samedi 25 avril 2026 de 10h \u00e0 10h40'>Samedi 25 avril 2026 de 10h \u00e0 10h40<\/option>\n\t<\/select><span class='jetpack-field-dropdown__icon'><\/span><\/span>\n<\/div>\n\n\t\t\t<div id=\"g1700-date-select-error\" class=\"contact-form__input-error\" data-wp-class--has-errors=\"state.fieldHasErrors\">\n\t\t\t\t<span class=\"contact-form__warning-icon\">\n\t\t\t\t\t<svg width=\"16\" height=\"16\" viewBox=\"0 0 16 16\" fill=\"none\" xmlns=\"http:\/\/www.w3.org\/2000\/svg\">\n\t\t\t\t\t\t<path d=\"M8.50015 11.6402H7.50015V10.6402H8.50015V11.6402Z\" \/>\n\t\t\t\t\t\t<path d=\"M7.50015 9.64018H8.50015V6.30684H7.50015V9.64018Z\" \/>\n\t\t\t\t\t\t<path fill-rule=\"evenodd\" clip-rule=\"evenodd\" d=\"M6.98331 3.0947C7.42933 2.30177 8.57096 2.30177 9.01698 3.09469L13.8771 11.7349C14.3145 12.5126 13.7525 13.4735 12.8602 13.4735H3.14004C2.24774 13.4735 1.68575 12.5126 2.12321 11.7349L6.98331 3.0947ZM8.14541 3.58496C8.08169 3.47168 7.9186 3.47168 7.85488 3.58496L2.99478 12.2251C2.93229 12.3362 3.01257 12.4735 3.14004 12.4735H12.8602C12.9877 12.4735 13.068 12.3362 13.0055 12.2251L8.14541 3.58496Z\" \/>\n\t\t\t\t\t<\/svg>\n\t\t\t\t\t<span class=\"visually-hidden\">Attention<\/span>\n\t\t\t\t<\/span>\n\t\t\t\t<span data-wp-text=\"state.errorMessage\" id=\"g1700-date-select-error-message\"><\/span>\n\t\t\t<\/div>\t<\/div>\n\n<div style=\"\"  data-wp-interactive=\"jetpack\/form\" data-wp-context='{\"fieldId\":\"g1700-prnomdelenfant\",\"fieldType\":\"name\",\"fieldLabel\":\"Pr\\u00e9nom de l\\u0027enfant\",\"fieldValue\":\"\",\"fieldPlaceholder\":\"\",\"fieldIsRequired\":\"1\",\"fieldErrorMessage\":\"\",\"fieldExtra\":[],\"formHash\":\"f0a95daa793e374c021a1d9c9219a79b290ea04d\"}'  class='grunion-field-name-wrap grunion-field-wrap'  data-wp-init='callbacks.initializeField' data-wp-on--jetpack-form-reset='callbacks.initializeField' >\n<label\n\t\t\t\tfor='g1700-prnomdelenfant' class=\"grunion-field-label name\" >Pr\u00e9nom de l'enfant<span class=\"grunion-label-required\" aria-hidden=\"true\">(obligatoire)<\/span><\/label>\n<input\n\t\t\t\t\ttype='text'\n\t\t\t\t\tname='g1700-prnomdelenfant'\n\t\t\t\t\tid='g1700-prnomdelenfant'\n\t\t\t\t\tvalue=''\n\n\t\t\t\t\tdata-wp-bind--aria-invalid='state.fieldHasErrors'\n\t\t\t\t\tdata-wp-bind--value='state.getFieldValue'\n\t\t\t\t\taria-errormessage='g1700-prnomdelenfant-text-error-message'\n\t\t\t\t\tdata-wp-on--input='actions.onFieldChange'\n\t\t\t\t\tdata-wp-on--blur='actions.onFieldBlur'\n\t\t\t\t\tdata-wp-class--has-value='state.hasFieldValue'\n\n\t\t\t\t\tclass='name  grunion-field' \n\t\t\t\t\trequired='true' aria-required='true'  \/>\n \n\t\t\t<div id=\"g1700-prnomdelenfant-text-error\" class=\"contact-form__input-error\" data-wp-class--has-errors=\"state.fieldHasErrors\">\n\t\t\t\t<span class=\"contact-form__warning-icon\">\n\t\t\t\t\t<svg width=\"16\" height=\"16\" viewBox=\"0 0 16 16\" fill=\"none\" xmlns=\"http:\/\/www.w3.org\/2000\/svg\">\n\t\t\t\t\t\t<path d=\"M8.50015 11.6402H7.50015V10.6402H8.50015V11.6402Z\" \/>\n\t\t\t\t\t\t<path d=\"M7.50015 9.64018H8.50015V6.30684H7.50015V9.64018Z\" \/>\n\t\t\t\t\t\t<path fill-rule=\"evenodd\" clip-rule=\"evenodd\" d=\"M6.98331 3.0947C7.42933 2.30177 8.57096 2.30177 9.01698 3.09469L13.8771 11.7349C14.3145 12.5126 13.7525 13.4735 12.8602 13.4735H3.14004C2.24774 13.4735 1.68575 12.5126 2.12321 11.7349L6.98331 3.0947ZM8.14541 3.58496C8.08169 3.47168 7.9186 3.47168 7.85488 3.58496L2.99478 12.2251C2.93229 12.3362 3.01257 12.4735 3.14004 12.4735H12.8602C12.9877 12.4735 13.068 12.3362 13.0055 12.2251L8.14541 3.58496Z\" \/>\n\t\t\t\t\t<\/svg>\n\t\t\t\t\t<span class=\"visually-hidden\">Attention<\/span>\n\t\t\t\t<\/span>\n\t\t\t\t<span data-wp-text=\"state.errorMessage\" id=\"g1700-prnomdelenfant-text-error-message\"><\/span>\n\t\t\t<\/div> \n\t<\/div>\n\n<div style=\"\"  data-wp-interactive=\"jetpack\/form\" data-wp-context='{\"fieldId\":\"g1700-ge\",\"fieldType\":\"select\",\"fieldLabel\":\"\\u00c2ge\",\"fieldValue\":\"\",\"fieldPlaceholder\":\"\",\"fieldIsRequired\":\"1\",\"fieldErrorMessage\":\"\",\"fieldExtra\":[],\"formHash\":\"f0a95daa793e374c021a1d9c9219a79b290ea04d\"}'  class='grunion-field-select-wrap grunion-field-wrap'  data-wp-init='callbacks.initializeField' data-wp-on--jetpack-form-reset='callbacks.initializeField' >\n<label\n\t\t\t\tfor='g1700-ge' class=\"grunion-field-label select\" >\u00c2ge<span class=\"grunion-label-required\" aria-hidden=\"true\">(obligatoire)<\/span><\/label>\n<div class=\"contact-form__select-wrapper select  grunion-field\"  style=''>\t<span class='contact-form__select-element-wrapper'><select name='g1700-ge' id='g1700-ge' required aria-required='true' data-wp-on--change='actions.onFieldChange' data-wp-bind--aria-invalid='state.fieldHasErrors' >\n\t\t<option value='S\u00e9lectionnez l&#039;\u00e2ge de votre enfant'>S\u00e9lectionnez l&#039;\u00e2ge de votre enfant<\/option>\n\t\t<option value='6-12 mois'>6-12 mois<\/option>\n\t\t<option value='12-18 mois'>12-18 mois<\/option>\n\t\t<option value='18-24 mois'>18-24 mois<\/option>\n\t\t<option value='24-36 mois'>24-36 mois<\/option>\n\t<\/select><span class='jetpack-field-dropdown__icon'><\/span><\/span>\n<\/div>\n\n\t\t\t<div id=\"g1700-ge-select-error\" class=\"contact-form__input-error\" data-wp-class--has-errors=\"state.fieldHasErrors\">\n\t\t\t\t<span class=\"contact-form__warning-icon\">\n\t\t\t\t\t<svg width=\"16\" height=\"16\" viewBox=\"0 0 16 16\" fill=\"none\" xmlns=\"http:\/\/www.w3.org\/2000\/svg\">\n\t\t\t\t\t\t<path d=\"M8.50015 11.6402H7.50015V10.6402H8.50015V11.6402Z\" \/>\n\t\t\t\t\t\t<path d=\"M7.50015 9.64018H8.50015V6.30684H7.50015V9.64018Z\" \/>\n\t\t\t\t\t\t<path fill-rule=\"evenodd\" clip-rule=\"evenodd\" d=\"M6.98331 3.0947C7.42933 2.30177 8.57096 2.30177 9.01698 3.09469L13.8771 11.7349C14.3145 12.5126 13.7525 13.4735 12.8602 13.4735H3.14004C2.24774 13.4735 1.68575 12.5126 2.12321 11.7349L6.98331 3.0947ZM8.14541 3.58496C8.08169 3.47168 7.9186 3.47168 7.85488 3.58496L2.99478 12.2251C2.93229 12.3362 3.01257 12.4735 3.14004 12.4735H12.8602C12.9877 12.4735 13.068 12.3362 13.0055 12.2251L8.14541 3.58496Z\" \/>\n\t\t\t\t\t<\/svg>\n\t\t\t\t\t<span class=\"visually-hidden\">Attention<\/span>\n\t\t\t\t<\/span>\n\t\t\t\t<span data-wp-text=\"state.errorMessage\" id=\"g1700-ge-select-error-message\"><\/span>\n\t\t\t<\/div>\t<\/div>\n\n<div style=\"\"  data-wp-interactive=\"jetpack\/form\" data-wp-context='{\"fieldId\":\"g1700-adresseemail\",\"fieldType\":\"email\",\"fieldLabel\":\"Adresse email\",\"fieldValue\":\"\",\"fieldPlaceholder\":\"\",\"fieldIsRequired\":\"1\",\"fieldErrorMessage\":\"\",\"fieldExtra\":[],\"formHash\":\"f0a95daa793e374c021a1d9c9219a79b290ea04d\"}'  class='grunion-field-email-wrap grunion-field-wrap'  data-wp-init='callbacks.initializeField' data-wp-on--jetpack-form-reset='callbacks.initializeField' >\n<label\n\t\t\t\tfor='g1700-adresseemail' class=\"grunion-field-label email\" >Adresse email<span class=\"grunion-label-required\" aria-hidden=\"true\">(obligatoire)<\/span><\/label>\n<input\n\t\t\t\t\ttype='email'\n\t\t\t\t\tname='g1700-adresseemail'\n\t\t\t\t\tid='g1700-adresseemail'\n\t\t\t\t\tvalue=''\n\n\t\t\t\t\tdata-wp-bind--aria-invalid='state.fieldHasErrors'\n\t\t\t\t\tdata-wp-bind--value='state.getFieldValue'\n\t\t\t\t\taria-errormessage='g1700-adresseemail-email-error-message'\n\t\t\t\t\tdata-wp-on--input='actions.onFieldChange'\n\t\t\t\t\tdata-wp-on--blur='actions.onFieldBlur'\n\t\t\t\t\tdata-wp-class--has-value='state.hasFieldValue'\n\n\t\t\t\t\tclass='email  grunion-field' \n\t\t\t\t\trequired='true' aria-required='true'  \/>\n \n\t\t\t<div id=\"g1700-adresseemail-email-error\" class=\"contact-form__input-error\" data-wp-class--has-errors=\"state.fieldHasErrors\">\n\t\t\t\t<span class=\"contact-form__warning-icon\">\n\t\t\t\t\t<svg width=\"16\" height=\"16\" viewBox=\"0 0 16 16\" fill=\"none\" xmlns=\"http:\/\/www.w3.org\/2000\/svg\">\n\t\t\t\t\t\t<path d=\"M8.50015 11.6402H7.50015V10.6402H8.50015V11.6402Z\" \/>\n\t\t\t\t\t\t<path d=\"M7.50015 9.64018H8.50015V6.30684H7.50015V9.64018Z\" \/>\n\t\t\t\t\t\t<path fill-rule=\"evenodd\" clip-rule=\"evenodd\" d=\"M6.98331 3.0947C7.42933 2.30177 8.57096 2.30177 9.01698 3.09469L13.8771 11.7349C14.3145 12.5126 13.7525 13.4735 12.8602 13.4735H3.14004C2.24774 13.4735 1.68575 12.5126 2.12321 11.7349L6.98331 3.0947ZM8.14541 3.58496C8.08169 3.47168 7.9186 3.47168 7.85488 3.58496L2.99478 12.2251C2.93229 12.3362 3.01257 12.4735 3.14004 12.4735H12.8602C12.9877 12.4735 13.068 12.3362 13.0055 12.2251L8.14541 3.58496Z\" \/>\n\t\t\t\t\t<\/svg>\n\t\t\t\t\t<span class=\"visually-hidden\">Attention<\/span>\n\t\t\t\t<\/span>\n\t\t\t\t<span data-wp-text=\"state.errorMessage\" id=\"g1700-adresseemail-email-error-message\"><\/span>\n\t\t\t<\/div> \n\t<\/div>\n\t<p class='contact-submit'>\n<div class=\"contact-form__error\" data-wp-class--show-errors=\"state.showFormErrors\"><span class=\"contact-form__warning-icon\"><span class=\"visually-hidden\">Attention.<\/span><i aria-hidden=\"true\"><\/i><\/span>\n\t\t\t\t<span data-wp-text=\"state.getFormErrorMessage\"><\/span>\n\t\t\t\t<ul>\n\t\t\t\t<template data-wp-each=\"state.getErrorList\" data-wp-key=\"context.item.id\">\n\t\t\t\t\t<li><a data-wp-bind--href=\"context.item.anchor\" data-wp-on--click=\"actions.scrollIntoView\" data-wp-text=\"context.item.label\"><\/a><\/li>\n\t\t\t\t<\/template>\n\t\t\t\t<\/ul><\/div><div class=\"contact-form__error\" data-wp-class--show-errors=\"state.showSubmissionError\" data-wp-text=\"context.submissionError\"><\/div>\t\t<button type='submit' class='pushbutton-wide'>Envoyer<\/button>\t\t<input type='hidden' name='contact-form-id' value='1700' \/>\n\t\t<input type='hidden' name='action' value='grunion-contact-form' \/>\n\t\t<input type='hidden' name='contact-form-hash' value='f0a95daa793e374c021a1d9c9219a79b290ea04d' \/>\n\t<\/p>\n<\/form>\n<\/div>\n<div id=\"cf-turnstile-0x4AAAAAABeSvRYed7cpUYij\" class=\"cf-turnstile\" data-error-callback=\"errorCallbackForTurnstileErrors\" data-sitekey=\"0x4AAAAAABeSvRYed7cpUYij\" data-theme=\"auto\"><\/div>\n<div data-error-callback=\"errorCallbackForTurnstileErrors\" data-sitekey=\"0x4AAAAAABeSvRYed7cpUYij\" data-theme=\"auto\"><\/div>\n","protected":false},"featured_media":1341,"comment_status":"open","ping_status":"closed","template":"","meta":{"ocean_post_layout":"full-width","ocean_both_sidebars_style":"","ocean_both_sidebars_content_width":0,"ocean_both_sidebars_sidebars_width":0,"ocean_sidebar":"woo_sidebar","ocean_second_sidebar":"0","ocean_disable_margins":"enable","ocean_add_body_class":"","ocean_shortcode_before_top_bar":"","ocean_shortcode_after_top_bar":"","ocean_shortcode_before_header":"","ocean_shortcode_after_header":"","ocean_has_shortcode":"","ocean_shortcode_after_title":"","ocean_shortcode_before_footer_widgets":"","ocean_shortcode_after_footer_widgets":"","ocean_shortcode_before_footer_bottom":"","ocean_shortcode_after_footer_bottom":"","ocean_display_top_bar":"default","ocean_display_header":"default","ocean_header_style":"","ocean_center_header_left_menu":"0","ocean_custom_header_template":"0","ocean_custom_logo":0,"ocean_custom_retina_logo":0,"ocean_custom_logo_max_width":0,"ocean_custom_logo_tablet_max_width":0,"ocean_custom_logo_mobile_max_width":0,"ocean_custom_logo_max_height":0,"ocean_custom_logo_tablet_max_height":0,"ocean_custom_logo_mobile_max_height":0,"ocean_header_custom_menu":"0","ocean_menu_typo_font_family":"0","ocean_menu_typo_font_subset":"","ocean_menu_typo_font_size":0,"ocean_menu_typo_font_size_tablet":0,"ocean_menu_typo_font_size_mobile":0,"ocean_menu_typo_font_size_unit":"px","ocean_menu_typo_font_weight":"","ocean_menu_typo_font_weight_tablet":"","ocean_menu_typo_font_weight_mobile":"","ocean_menu_typo_transform":"","ocean_menu_typo_transform_tablet":"","ocean_menu_typo_transform_mobile":"","ocean_menu_typo_line_height":0,"ocean_menu_typo_line_height_tablet":0,"ocean_menu_typo_line_height_mobile":0,"ocean_menu_typo_line_height_unit":"","ocean_menu_typo_spacing":0,"ocean_menu_typo_spacing_tablet":0,"ocean_menu_typo_spacing_mobile":0,"ocean_menu_typo_spacing_unit":"","ocean_menu_link_color":"","ocean_menu_link_color_hover":"","ocean_menu_link_color_active":"","ocean_menu_link_background":"","ocean_menu_link_hover_background":"","ocean_menu_link_active_background":"","ocean_menu_social_links_bg":"","ocean_menu_social_hover_links_bg":"","ocean_menu_social_links_color":"","ocean_menu_social_hover_links_color":"","ocean_disable_title":"default","ocean_disable_heading":"default","ocean_post_title":"","ocean_post_subheading":"","ocean_post_title_style":"","ocean_post_title_background_color":"","ocean_post_title_background":0,"ocean_post_title_bg_image_position":"","ocean_post_title_bg_image_attachment":"","ocean_post_title_bg_image_repeat":"","ocean_post_title_bg_image_size":"","ocean_post_title_height":0,"ocean_post_title_bg_overlay":0.5,"ocean_post_title_bg_overlay_color":"","ocean_disable_breadcrumbs":"default","ocean_breadcrumbs_color":"","ocean_breadcrumbs_separator_color":"","ocean_breadcrumbs_links_color":"","ocean_breadcrumbs_links_hover_color":"","ocean_display_footer_widgets":"default","ocean_display_footer_bottom":"default","ocean_custom_footer_template":"0","_themeisle_gutenberg_block_has_review":false},"product_brand":[],"product_cat":[39],"product_tag":[40,43,41,42],"class_list":{"0":"post-1700","1":"product","2":"type-product","3":"status-publish","4":"has-post-thumbnail","6":"product_cat-ateliers","7":"product_tag-bebe","8":"product_tag-eveil","9":"product_tag-parent","10":"product_tag-petite-enfance","12":"entry","13":"has-media","15":"first","16":"instock","17":"virtual","18":"purchasable","19":"product-type-simple","20":"has-product-nav","21":"col","22":"span_1_of_3","23":"owp-content-center","24":"owp-thumbs-layout-horizontal","25":"owp-btn-normal","26":"owp-tabs-layout-horizontal","28":"circle-sale"},"jetpack_sharing_enabled":true,"_links":{"self":[{"href":"https:\/\/www.lamusereve.fr\/index.php\/wp-json\/wp\/v2\/product\/1700","targetHints":{"allow":["GET"]}}],"collection":[{"href":"https:\/\/www.lamusereve.fr\/index.php\/wp-json\/wp\/v2\/product"}],"about":[{"href":"https:\/\/www.lamusereve.fr\/index.php\/wp-json\/wp\/v2\/types\/product"}],"replies":[{"embeddable":true,"href":"https:\/\/www.lamusereve.fr\/index.php\/wp-json\/wp\/v2\/comments?post=1700"}],"wp:featuredmedia":[{"embeddable":true,"href":"https:\/\/www.lamusereve.fr\/index.php\/wp-json\/wp\/v2\/media\/1341"}],"wp:attachment":[{"href":"https:\/\/www.lamusereve.fr\/index.php\/wp-json\/wp\/v2\/media?parent=1700"}],"wp:term":[{"taxonomy":"product_brand","embeddable":true,"href":"https:\/\/www.lamusereve.fr\/index.php\/wp-json\/wp\/v2\/product_brand?post=1700"},{"taxonomy":"product_cat","embeddable":true,"href":"https:\/\/www.lamusereve.fr\/index.php\/wp-json\/wp\/v2\/product_cat?post=1700"},{"taxonomy":"product_tag","embeddable":true,"href":"https:\/\/www.lamusereve.fr\/index.php\/wp-json\/wp\/v2\/product_tag?post=1700"}],"curies":[{"name":"wp","href":"https:\/\/api.w.org\/{rel}","templated":true}]}}