{"id":958,"date":"2024-01-18T22:45:56","date_gmt":"2024-01-18T21:45:56","guid":{"rendered":"https:\/\/www.lamusereve.fr\/?page_id=958"},"modified":"2025-09-16T12:28:41","modified_gmt":"2025-09-16T10:28:41","slug":"formules","status":"publish","type":"page","link":"https:\/\/www.lamusereve.fr\/index.php\/accueil\/formules\/","title":{"rendered":"Formules"},"content":{"rendered":"\n<p style=\"font-size:18px\">Vous aimez nos activit\u00e9s et avez envie de profiter de <strong>La muse r\u00eave<\/strong> un peu, beaucoup, passionn\u00e9ment, \u00e0 la folie ? C&rsquo;est possible ! Parce que l&rsquo;on sait qu&rsquo;il est parfois difficile de se d\u00e9cider entre d\u00e9sir et porte-monnaie&#8230; Choisissez la formule de votre choix, en fonction !<\/p>\n\n\n\n<div style=\"height:50px\" aria-hidden=\"true\" class=\"wp-block-spacer\"><\/div>\n\n\n\n<div class=\"wp-block-buttons is-layout-flex wp-block-buttons-is-layout-flex\">\n<div class=\"wp-block-button\"><a class=\"wp-block-button__link has-medium-font-size has-custom-font-size wp-element-button\" href=\"https:\/\/www.lamusereve.fr\/wp-content\/uploads\/2025\/09\/Abonnements-et-cartes-La-muse-reve-2025-2026.pdf\">Je t\u00e9l\u00e9charge le programme d&rsquo;abonnements<\/a><\/div>\n<\/div>\n\n\n\n<div style=\"height:50px\" aria-hidden=\"true\" class=\"wp-block-spacer\"><\/div>\n\n\n\n<div class=\"wp-block-media-text is-stacked-on-mobile is-vertically-aligned-top\" style=\"grid-template-columns:20% auto\"><figure class=\"wp-block-media-text__media\"><img fetchpriority=\"high\" decoding=\"async\" width=\"400\" height=\"400\" src=\"https:\/\/www.lamusereve.fr\/wp-content\/uploads\/2025\/05\/8.png\" alt=\"\" class=\"wp-image-2269 size-full\" srcset=\"https:\/\/www.lamusereve.fr\/wp-content\/uploads\/2025\/05\/8.png 400w, https:\/\/www.lamusereve.fr\/wp-content\/uploads\/2025\/05\/8-300x300.png 300w, https:\/\/www.lamusereve.fr\/wp-content\/uploads\/2025\/05\/8-150x150.png 150w, https:\/\/www.lamusereve.fr\/wp-content\/uploads\/2025\/05\/8-100x100.png 100w\" sizes=\"(max-width: 400px) 100vw, 400px\" \/><\/figure><div class=\"wp-block-media-text__content\">\n<h2 class=\"wp-block-heading has-text-color has-link-color wp-elements-177747210dfc933415aa4598376c8bc2\" style=\"color:#e1b772\"><em><strong>Un peu&#8230;<\/strong> <\/em>&lt;&gt; Formule atelier ponctuel <\/h2>\n\n\n\n<p class=\"has-text-color has-link-color wp-elements-948fc8a31f4c2decb093f5fae2e49e0d\" style=\"color:#e1b772;font-size:16px\"><strong>Tarif \u00e0 l&rsquo;unit\u00e9 en fonction du type d&rsquo;atelier (\u00e0 partir de 15 \u20ac)<\/strong><\/p>\n\n\n\n<p style=\"font-size:18px\">Mon enfant ne souhaite faire qu&rsquo;<strong>un atelier \u00e0 une date donn\u00e9e<\/strong> :<\/p>\n\n\n\n<ol class=\"wp-block-list\">\n<li style=\"font-size:18px\">je s\u00e9lectionne la date de mon choix parmi celles propos\u00e9es<\/li>\n\n\n\n<li style=\"font-size:18px\">je r\u00e9serve mon cr\u00e9neau<\/li>\n\n\n\n<li style=\"font-size:18px\">je r\u00e8gle en ligne (ou sur place si l&rsquo;inscription est faite sur site)<\/li>\n\n\n\n<li style=\"font-size:18px\">je me pr\u00e9sente le jour J chez La muse r\u00eave pour profiter de mon activit\u00e9, seul\u00b7e ou accompagn\u00e9\u00b7e !<\/li>\n<\/ol>\n\n\n\n<p style=\"font-size:18px\">Je peux renouveler quand je veux et autant de fois que je veux cette option. Il suffit de r\u00e9server une nouvelle date.<\/p>\n<\/div><\/div>\n\n\n\n<div style=\"height:70px\" aria-hidden=\"true\" class=\"wp-block-spacer\"><\/div>\n\n\n\n<div class=\"wp-block-media-text is-stacked-on-mobile is-vertically-aligned-top\" style=\"grid-template-columns:20% auto\"><figure class=\"wp-block-media-text__media\"><img decoding=\"async\" width=\"400\" height=\"400\" data-src=\"https:\/\/www.lamusereve.fr\/wp-content\/uploads\/2025\/05\/7.png\" alt=\"\" class=\"wp-image-2271 size-full lazyload\" data-srcset=\"https:\/\/www.lamusereve.fr\/wp-content\/uploads\/2025\/05\/7.png 400w, https:\/\/www.lamusereve.fr\/wp-content\/uploads\/2025\/05\/7-300x300.png 300w, https:\/\/www.lamusereve.fr\/wp-content\/uploads\/2025\/05\/7-150x150.png 150w, https:\/\/www.lamusereve.fr\/wp-content\/uploads\/2025\/05\/7-100x100.png 100w\" data-sizes=\"(max-width: 400px) 100vw, 400px\" src=\"data:image\/svg+xml;base64,PHN2ZyB3aWR0aD0iMSIgaGVpZ2h0PSIxIiB4bWxucz0iaHR0cDovL3d3dy53My5vcmcvMjAwMC9zdmciPjwvc3ZnPg==\" style=\"--smush-placeholder-width: 400px; --smush-placeholder-aspect-ratio: 400\/400;\" \/><\/figure><div class=\"wp-block-media-text__content\">\n<h2 class=\"wp-block-heading has-text-color has-link-color wp-elements-783da5668658d9e484a5855f03b9f1a9\" style=\"color:#e1b772\"><em><strong>Beaucoup&#8230;<\/strong> &lt;&gt;<\/em> Formule <strong>abonnement p\u00e9riodique<\/strong>*<\/h2>\n\n\n\n<p class=\"has-text-color has-link-color wp-elements-69b389ccc0145586c2016dae50db9ba6\" style=\"color:#e1b772;font-size:16px\"><strong>Tarif \u00e0 la p\u00e9riode ateliers Kidymuse : 143 \u20ac (soit<strong> 15 \u20ac<\/strong> l&rsquo;atelier au lieu de 18 \u20ac \u00e0 l&rsquo;unit\u00e9)<\/strong><\/p>\n\n\n\n<p class=\"has-text-color has-link-color wp-elements-11d2e4f6da7d51f929ff68a40027444a\" style=\"color:#e1b772;font-size:16px\"><strong><strong>Tarif \u00e0 la p\u00e9riode<\/strong><\/strong> <strong>ateliers Maximuse : 171 \u20ac (soit <strong><strong>18 \u20ac<\/strong><\/strong><\/strong> <strong><strong>l&rsquo;atelier<\/strong> au lieu de 21 \u20ac \u00e0 l&rsquo;unit\u00e9)<\/strong><\/p>\n\n\n\n<p style=\"font-size:18px\">Mon enfant souhaite faire <strong>plusieurs ateliers<\/strong> &#8211;&gt; je peux opter pour un <strong>cycle d&rsquo;ateliers<\/strong> propos\u00e9 sur une <strong>p\u00e9riode donn\u00e9e<\/strong>** :<\/p>\n\n\n\n<ol class=\"wp-block-list\">\n<li style=\"font-size:18px\">je choisis la p\u00e9riode qui m&rsquo;int\u00e9resse<\/li>\n\n\n\n<li style=\"font-size:18px\">je s\u00e9lectionne l&rsquo;abonnement correspondant<\/li>\n\n\n\n<li style=\"font-size:18px\">je r\u00e8gle sur place (r\u00e8glement en ligne indisponible pour le moment)<\/li>\n\n\n\n<li style=\"font-size:18px\">je me pr\u00e9sente aux dates planifi\u00e9es pour ce cycle pour profiter de mon activit\u00e9 ! (je prends bien note que je ne recevrai pas de rappel de La muse r\u00eave avant les jour J)<\/li>\n<\/ol>\n\n\n\n<p class=\"has-text-color has-link-color wp-elements-2cef7a237cb2e5eda30cb1784a7f9434\" style=\"color:#a6553c;font-size:18px\"><strong>N.B. : Cette formule n&rsquo;est disponible qu&rsquo;\u00e0 partir de 3 ans, soit pour les ateliers Kidymuse et Maximuse uniquement.<\/strong> Une r\u00e9flexion est en cours pour l&rsquo;\u00e9largir aux enfants \u00e0 partir de 2 ans, soit pour les ateliers Minimuse \u00e9galement. <\/p>\n<\/div><\/div>\n\n\n\n<div style=\"height:50px\" aria-hidden=\"true\" class=\"wp-block-spacer\"><\/div>\n\n\n\n<p class=\"has-text-color has-link-color wp-elements-ba193203471ebe15a3a824b0d01c1be7\" style=\"color:#188282;font-size:18px\">**Chez La muse r\u00eave, nous suivons le calendrier scolaire pour notre programmation. Aussi, les p\u00e9riodes sont-elles d\u00e9coup\u00e9es par trimestre, suivant l&rsquo;alternance des vacances de la zone A :<\/p>\n\n\n\n<p class=\"has-text-color has-link-color wp-elements-57904a1318014ef93bbeb1ff82c4f660\" style=\"color:#188282;font-size:18px\"><strong>P\u00e9riode 1 : de septembre \u00e0 d\u00e9cembre <\/strong>(hors vacances scolaires et jours f\u00e9ri\u00e9s)<\/p>\n\n\n\n<p class=\"has-text-color has-link-color wp-elements-0e7e643cf510ac3b8e4c96027f390a17\" style=\"color:#188282;font-size:18px\"><strong>P\u00e9riode 2 : de janvier \u00e0 mars <\/strong>(hors vacances scolaires et jours f\u00e9ri\u00e9s)<\/p>\n\n\n\n<p class=\"has-text-color has-link-color wp-elements-c7aebf2550b4212e134a2acbce461d29\" style=\"color:#188282;font-size:18px\"><strong>P\u00e9riode 3 : d&rsquo;avril \u00e0 juin <\/strong>(hors vacances scolaires et jours f\u00e9ri\u00e9s)<\/p>\n\n\n\n<p style=\"font-size:18px\">Chaque ann\u00e9e, les dates sont mises \u00e0 jour sur la page des <a href=\"https:\/\/www.lamusereve.fr\/index.php\/deroule-dun-atelier\/\">ateliers<\/a>.<\/p>\n\n\n\n<div style=\"height:70px\" aria-hidden=\"true\" class=\"wp-block-spacer\"><\/div>\n\n\n\n<div class=\"wp-block-media-text is-stacked-on-mobile is-vertically-aligned-top\" style=\"grid-template-columns:20% auto\"><figure class=\"wp-block-media-text__media\"><img decoding=\"async\" width=\"400\" height=\"400\" data-src=\"https:\/\/www.lamusereve.fr\/wp-content\/uploads\/2025\/05\/6.png\" alt=\"\" class=\"wp-image-2273 size-full lazyload\" data-srcset=\"https:\/\/www.lamusereve.fr\/wp-content\/uploads\/2025\/05\/6.png 400w, https:\/\/www.lamusereve.fr\/wp-content\/uploads\/2025\/05\/6-300x300.png 300w, https:\/\/www.lamusereve.fr\/wp-content\/uploads\/2025\/05\/6-150x150.png 150w, https:\/\/www.lamusereve.fr\/wp-content\/uploads\/2025\/05\/6-100x100.png 100w\" data-sizes=\"(max-width: 400px) 100vw, 400px\" src=\"data:image\/svg+xml;base64,PHN2ZyB3aWR0aD0iMSIgaGVpZ2h0PSIxIiB4bWxucz0iaHR0cDovL3d3dy53My5vcmcvMjAwMC9zdmciPjwvc3ZnPg==\" style=\"--smush-placeholder-width: 400px; --smush-placeholder-aspect-ratio: 400\/400;\" \/><\/figure><div class=\"wp-block-media-text__content\">\n<h2 class=\"wp-block-heading has-text-color has-link-color wp-elements-e5a2c6804e9c25dedb442f05f1947548\" style=\"color:#e1b772\"><em><strong>Passionn\u00e9ment&#8230;<\/strong> <\/em>&lt;&gt; Formule <strong>abonnement annuel<\/strong>*<\/h2>\n\n\n\n<p class=\"has-text-color has-link-color wp-elements-3916b5fa6d7c1d31079a03ef282742d4\" style=\"color:#e1b772;font-size:16px\"><strong>Tarif \u00e0 l&rsquo;ann\u00e9e ateliers Kidymuse : 364 \u20ac par an (soit <strong>13 \u20ac<\/strong> l&rsquo;atelier au lieu de 18 \u20ac \u00e0 l&rsquo;unit\u00e9)<\/strong> (abonnement payable en 2 ou 3 fois)<\/p>\n\n\n\n<p class=\"has-text-color has-link-color wp-elements-732e499a12eb910a39c43e2034a3527e\" style=\"color:#e1b772;font-size:16px\"><strong><strong>Tarif \u00e0 l&rsquo;ann\u00e9e ateliers<\/strong> Maximuse : 420 \u20ac par an (soit <strong>15 \u20ac<\/strong><\/strong> <strong><strong>l&rsquo;atelier<\/strong> au lieu de 21 \u20ac \u00e0 l&rsquo;unit\u00e9) <\/strong>(abonnement payable en 2 ou 3 fois)<\/p>\n\n\n\n<p style=\"font-size:18px\">Mon enfant souhaite avoir de la r\u00e9gularit\u00e9 dans ses d\u00e9couvertes et sa pratique &#8211;&gt; je peux opter pour l&rsquo;abonnement annuel qui donne acc\u00e8s \u00e0 <strong>un atelier hebdomadaire<\/strong>. Je note qu&rsquo;une fois le jour choisi, <strong>l&rsquo;inscription est valable pour toute l&rsquo;ann\u00e9e<\/strong> et je ne pourrai pas basculer d&rsquo;un jour \u00e0 un autre, m\u00eame en cas d&rsquo;absence (justifi\u00e9e ou non). Aucun remboursement ni aucune \u00ab\u00a0s\u00e9ance de rattrapage\u00a0\u00bb ne pourront \u00eatre r\u00e9clam\u00e9s (sauf conditions particuli\u00e8res ; voir la FAQ).<\/p>\n\n\n\n<p class=\"has-text-color has-link-color wp-elements-621c11d88862d996528ea441ecbf3f9c\" style=\"color:#a6553c;font-size:18px\"><strong>N.B. : Cette formule n&rsquo;est disponible qu&rsquo;\u00e0 partir de 6 ans (\u00e0 partir du CP), soit pour les ateliers Maximuse uniquement.<\/strong><\/p>\n<\/div><\/div>\n\n\n\n<div style=\"height:70px\" aria-hidden=\"true\" class=\"wp-block-spacer\"><\/div>\n\n\n\n<div class=\"wp-block-media-text is-stacked-on-mobile is-vertically-aligned-top\" style=\"grid-template-columns:20% auto\"><figure class=\"wp-block-media-text__media\"><img decoding=\"async\" width=\"400\" height=\"400\" data-src=\"https:\/\/www.lamusereve.fr\/wp-content\/uploads\/2025\/05\/5.png\" alt=\"\" class=\"wp-image-2274 size-full lazyload\" data-srcset=\"https:\/\/www.lamusereve.fr\/wp-content\/uploads\/2025\/05\/5.png 400w, https:\/\/www.lamusereve.fr\/wp-content\/uploads\/2025\/05\/5-300x300.png 300w, https:\/\/www.lamusereve.fr\/wp-content\/uploads\/2025\/05\/5-150x150.png 150w, https:\/\/www.lamusereve.fr\/wp-content\/uploads\/2025\/05\/5-100x100.png 100w\" data-sizes=\"(max-width: 400px) 100vw, 400px\" src=\"data:image\/svg+xml;base64,PHN2ZyB3aWR0aD0iMSIgaGVpZ2h0PSIxIiB4bWxucz0iaHR0cDovL3d3dy53My5vcmcvMjAwMC9zdmciPjwvc3ZnPg==\" style=\"--smush-placeholder-width: 400px; --smush-placeholder-aspect-ratio: 400\/400;\" \/><\/figure><div class=\"wp-block-media-text__content\">\n<h2 class=\"wp-block-heading has-text-color has-link-color wp-elements-77810fcab0421cdeab825eeb4c317f1c\" style=\"color:#e1b772\"><em><strong>A la folie ! <\/strong><\/em>&lt;&gt; Formule <strong>multi-abonnement p\u00e9riodique ou annuel<\/strong>*<\/h2>\n\n\n\n<p style=\"font-size:18px\">Je souhaite inscrire<strong> plusieurs enfants d&rsquo;une m\u00eame fratrie <\/strong>&#8211;&gt; je peux opter pour <strong>l&rsquo;abonnement p\u00e9riodique ou annuel<\/strong>, selon leur envie. Les modalit\u00e9s sont les m\u00eames que d\u00e9crites plus haut ; seule diff\u00e9rence : <strong>un tarif pr\u00e9f\u00e9rentiel est appliqu\u00e9 sur l&rsquo;ensemble des abonnements choisis<\/strong>, selon la grille suivante :<\/p>\n\n\n\n<ul class=\"wp-block-list\">\n<li style=\"font-size:18px\">2 enfants inscrits : -10% sur la somme des abonnements choisis<\/li>\n\n\n\n<li style=\"font-size:18px\">3 enfants inscrits : -20% sur la somme des abonnements choisis<\/li>\n\n\n\n<li style=\"font-size:18px\">possibilit\u00e9 de r\u00e9gler en plusieurs fois (en 2 fois pour un abonnement p\u00e9riodique, avec un 1er paiement avant la 1\u00e8re s\u00e9ance puis un 2e paiement \u00e0 la 5e s\u00e9ance ; en 3 fois pour un abonnement annuel, avec un paiement au plus tard 7 jours avant le d\u00e9but de chaque p\u00e9riode)<\/li>\n<\/ul>\n<\/div><\/div>\n\n\n\n<div style=\"height:50px\" aria-hidden=\"true\" class=\"wp-block-spacer\"><\/div>\n\n\n\n<div class=\"wp-block-buttons is-layout-flex wp-block-buttons-is-layout-flex\">\n<div class=\"wp-block-button\"><a class=\"wp-block-button__link has-medium-font-size has-custom-font-size wp-element-button\" href=\"https:\/\/www.lamusereve.fr\/wp-content\/uploads\/2025\/09\/Abonnements-et-cartes-La-muse-reve-2025-2026.pdf\">Je t\u00e9l\u00e9charge le programme d&rsquo;abonnements<\/a><\/div>\n<\/div>\n\n\n\n<div style=\"height:50px\" aria-hidden=\"true\" class=\"wp-block-spacer\"><\/div>\n\n\n\n<p style=\"font-size:18px\"><em>Pour toutes questions ou situations particuli\u00e8res, se reporter \u00e0 la FAQ. <\/em><\/p>\n\n\n\n<p class=\"has-text-color has-link-color wp-elements-32100b900e545d4cb15c261d03b66e85\" style=\"color:#a6553c;font-size:14px\">*Apr\u00e8s souscription d\u2019un abonnement aucun remboursement n\u2019est effectu\u00e9 au cours de l\u2019ann\u00e9e ; les places aux ateliers ne peuvent \u00eatre d\u00e9plac\u00e9es \u00e0 un autre jour ou c\u00e9d\u00e9es \u00e0 une tierce personne. En cas de crise sanitaire, catastrophe naturelle ou autre cas de force majeure, entra\u00eenant la fermeture de La muse r\u00eave, l\u2019abonnement ne pourra pr\u00e9tendre \u00e0 aucun remboursement ou avoir. Il est possible d\u2019effectuer une s\u00e9ance d\u2019essai. En cas d\u2019inscription, la s\u00e9ance sera d\u00e9duite du prix de l\u2019abonnement. Ces ateliers ne pourront \u00eatre maintenus qu\u2019avec un minimum de 2 enfants inscrits.<br>En cas d\u2019annulation de notre part, le paiement vous sera rembours\u00e9.<\/p>\n\n\n\n<div style=\"height:80px\" aria-hidden=\"true\" class=\"wp-block-spacer\"><\/div>\n\n\n\n<p><\/p>\n","protected":false},"excerpt":{"rendered":"<p>Vous aimez nos activit\u00e9s et avez envie de profiter de La muse r\u00eave un peu, beaucoup, passionn\u00e9ment, \u00e0 la folie ? C&rsquo;est possible ! Parce que l&rsquo;on sait qu&rsquo;il est parfois difficile de se d\u00e9cider entre d\u00e9sir et porte-monnaie&#8230; Choisissez la formule de votre choix, en fonction ! **Chez La muse r\u00eave, nous suivons le [&hellip;]<\/p>\n","protected":false},"author":2,"featured_media":0,"parent":7,"menu_order":0,"comment_status":"closed","ping_status":"closed","template":"","meta":{"ocean_post_layout":"","ocean_both_sidebars_style":"","ocean_both_sidebars_content_width":0,"ocean_both_sidebars_sidebars_width":0,"ocean_sidebar":"","ocean_second_sidebar":"","ocean_disable_margins":"enable","ocean_add_body_class":"","ocean_shortcode_before_top_bar":"","ocean_shortcode_after_top_bar":"","ocean_shortcode_before_header":"","ocean_shortcode_after_header":"","ocean_has_shortcode":"","ocean_shortcode_after_title":"","ocean_shortcode_before_footer_widgets":"","ocean_shortcode_after_footer_widgets":"","ocean_shortcode_before_footer_bottom":"","ocean_shortcode_after_footer_bottom":"","ocean_display_top_bar":"default","ocean_display_header":"default","ocean_header_style":"","ocean_center_header_left_menu":"","ocean_custom_header_template":"","ocean_custom_logo":0,"ocean_custom_retina_logo":0,"ocean_custom_logo_max_width":0,"ocean_custom_logo_tablet_max_width":0,"ocean_custom_logo_mobile_max_width":0,"ocean_custom_logo_max_height":0,"ocean_custom_logo_tablet_max_height":0,"ocean_custom_logo_mobile_max_height":0,"ocean_header_custom_menu":"","ocean_menu_typo_font_family":"","ocean_menu_typo_font_subset":"","ocean_menu_typo_font_size":0,"ocean_menu_typo_font_size_tablet":0,"ocean_menu_typo_font_size_mobile":0,"ocean_menu_typo_font_size_unit":"px","ocean_menu_typo_font_weight":"","ocean_menu_typo_font_weight_tablet":"","ocean_menu_typo_font_weight_mobile":"","ocean_menu_typo_transform":"","ocean_menu_typo_transform_tablet":"","ocean_menu_typo_transform_mobile":"","ocean_menu_typo_line_height":0,"ocean_menu_typo_line_height_tablet":0,"ocean_menu_typo_line_height_mobile":0,"ocean_menu_typo_line_height_unit":"","ocean_menu_typo_spacing":0,"ocean_menu_typo_spacing_tablet":0,"ocean_menu_typo_spacing_mobile":0,"ocean_menu_typo_spacing_unit":"","ocean_menu_link_color":"","ocean_menu_link_color_hover":"","ocean_menu_link_color_active":"","ocean_menu_link_background":"","ocean_menu_link_hover_background":"","ocean_menu_link_active_background":"","ocean_menu_social_links_bg":"","ocean_menu_social_hover_links_bg":"","ocean_menu_social_links_color":"","ocean_menu_social_hover_links_color":"","ocean_disable_title":"default","ocean_disable_heading":"default","ocean_post_title":"","ocean_post_subheading":"","ocean_post_title_style":"","ocean_post_title_background_color":"","ocean_post_title_background":0,"ocean_post_title_bg_image_position":"","ocean_post_title_bg_image_attachment":"","ocean_post_title_bg_image_repeat":"","ocean_post_title_bg_image_size":"","ocean_post_title_height":0,"ocean_post_title_bg_overlay":0.5,"ocean_post_title_bg_overlay_color":"","ocean_disable_breadcrumbs":"default","ocean_breadcrumbs_color":"","ocean_breadcrumbs_separator_color":"","ocean_breadcrumbs_links_color":"","ocean_breadcrumbs_links_hover_color":"","ocean_display_footer_widgets":"default","ocean_display_footer_bottom":"default","ocean_custom_footer_template":"","_themeisle_gutenberg_block_has_review":false,"footnotes":""},"class_list":["post-958","page","type-page","status-publish","hentry","entry","owp-thumbs-layout-horizontal","owp-btn-normal","owp-tabs-layout-horizontal","has-no-thumbnails","has-product-nav","circle-sale"],"jetpack_sharing_enabled":true,"_links":{"self":[{"href":"https:\/\/www.lamusereve.fr\/index.php\/wp-json\/wp\/v2\/pages\/958","targetHints":{"allow":["GET"]}}],"collection":[{"href":"https:\/\/www.lamusereve.fr\/index.php\/wp-json\/wp\/v2\/pages"}],"about":[{"href":"https:\/\/www.lamusereve.fr\/index.php\/wp-json\/wp\/v2\/types\/page"}],"author":[{"embeddable":true,"href":"https:\/\/www.lamusereve.fr\/index.php\/wp-json\/wp\/v2\/users\/2"}],"replies":[{"embeddable":true,"href":"https:\/\/www.lamusereve.fr\/index.php\/wp-json\/wp\/v2\/comments?post=958"}],"version-history":[{"count":38,"href":"https:\/\/www.lamusereve.fr\/index.php\/wp-json\/wp\/v2\/pages\/958\/revisions"}],"predecessor-version":[{"id":3261,"href":"https:\/\/www.lamusereve.fr\/index.php\/wp-json\/wp\/v2\/pages\/958\/revisions\/3261"}],"up":[{"embeddable":true,"href":"https:\/\/www.lamusereve.fr\/index.php\/wp-json\/wp\/v2\/pages\/7"}],"wp:attachment":[{"href":"https:\/\/www.lamusereve.fr\/index.php\/wp-json\/wp\/v2\/media?parent=958"}],"curies":[{"name":"wp","href":"https:\/\/api.w.org\/{rel}","templated":true}]}}