{"id":519,"date":"2023-03-20T22:54:49","date_gmt":"2023-03-20T21:54:49","guid":{"rendered":"https:\/\/www.lamusereve.fr\/?page_id=519"},"modified":"2025-03-03T17:43:24","modified_gmt":"2025-03-03T16:43:24","slug":"ateliers-itinerants","status":"publish","type":"page","link":"https:\/\/www.lamusereve.fr\/index.php\/ateliers-itinerants\/","title":{"rendered":"Ateliers hors les murs"},"content":{"rendered":"\n<div class=\"wp-block-columns is-not-stacked-on-mobile is-layout-flex wp-container-core-columns-is-layout-9d6595d7 wp-block-columns-is-layout-flex\">\n<div class=\"wp-block-column is-layout-flow wp-block-column-is-layout-flow\" style=\"flex-basis:20%\">\n<div class=\"wp-block-group\"><div class=\"wp-block-group__inner-container is-layout-constrained wp-block-group-is-layout-constrained\"><div class=\"wp-block-image\">\n<figure class=\"alignleft size-large\"><img fetchpriority=\"high\" decoding=\"async\" width=\"1024\" height=\"774\" src=\"https:\/\/www.lamusereve.fr\/wp-content\/uploads\/2024\/01\/Logo-declinaison-bleu-LMR-1-1024x774.png\" alt=\"\" class=\"wp-image-874\" style=\"object-fit:cover\" srcset=\"https:\/\/www.lamusereve.fr\/wp-content\/uploads\/2024\/01\/Logo-declinaison-bleu-LMR-1-1024x774.png 1024w, https:\/\/www.lamusereve.fr\/wp-content\/uploads\/2024\/01\/Logo-declinaison-bleu-LMR-1-300x227.png 300w, https:\/\/www.lamusereve.fr\/wp-content\/uploads\/2024\/01\/Logo-declinaison-bleu-LMR-1-768x581.png 768w, https:\/\/www.lamusereve.fr\/wp-content\/uploads\/2024\/01\/Logo-declinaison-bleu-LMR-1-1536x1161.png 1536w, https:\/\/www.lamusereve.fr\/wp-content\/uploads\/2024\/01\/Logo-declinaison-bleu-LMR-1.png 1918w\" sizes=\"(max-width: 1024px) 100vw, 1024px\" \/><\/figure>\n<\/div><\/div><\/div>\n<\/div>\n\n\n\n<div class=\"wp-block-column is-layout-flow wp-block-column-is-layout-flow\" style=\"flex-basis:20%\"><div class=\"wp-block-image\">\n<figure class=\"alignright size-large\"><img decoding=\"async\" width=\"1024\" height=\"826\" data-src=\"https:\/\/www.lamusereve.fr\/wp-content\/uploads\/2024\/01\/Motifs-LMR-tache-peinture-beige-1024x826.png\" alt=\"\" class=\"wp-image-897 lazyload\" data-srcset=\"https:\/\/www.lamusereve.fr\/wp-content\/uploads\/2024\/01\/Motifs-LMR-tache-peinture-beige-1024x826.png 1024w, https:\/\/www.lamusereve.fr\/wp-content\/uploads\/2024\/01\/Motifs-LMR-tache-peinture-beige-400x323.png 400w, https:\/\/www.lamusereve.fr\/wp-content\/uploads\/2024\/01\/Motifs-LMR-tache-peinture-beige-300x242.png 300w, https:\/\/www.lamusereve.fr\/wp-content\/uploads\/2024\/01\/Motifs-LMR-tache-peinture-beige-768x619.png 768w, https:\/\/www.lamusereve.fr\/wp-content\/uploads\/2024\/01\/Motifs-LMR-tache-peinture-beige-1536x1239.png 1536w, https:\/\/www.lamusereve.fr\/wp-content\/uploads\/2024\/01\/Motifs-LMR-tache-peinture-beige-2048x1652.png 2048w\" data-sizes=\"(max-width: 1024px) 100vw, 1024px\" src=\"data:image\/svg+xml;base64,PHN2ZyB3aWR0aD0iMSIgaGVpZ2h0PSIxIiB4bWxucz0iaHR0cDovL3d3dy53My5vcmcvMjAwMC9zdmciPjwvc3ZnPg==\" style=\"--smush-placeholder-width: 1024px; --smush-placeholder-aspect-ratio: 1024\/826;\" \/><\/figure>\n<\/div><\/div>\n\n\n\n<div class=\"wp-block-column is-layout-flow wp-block-column-is-layout-flow\" style=\"flex-basis:20%\"><div class=\"wp-block-image\">\n<figure class=\"aligncenter size-large\"><img decoding=\"async\" width=\"1024\" height=\"1024\" data-src=\"https:\/\/www.lamusereve.fr\/wp-content\/uploads\/2023\/03\/vecteezy_bicycle-winged-line-modern-simple-logo_12186988-1024x1024.jpg\" alt=\"\" class=\"wp-image-696 lazyload\" style=\"--smush-placeholder-width: 1024px; --smush-placeholder-aspect-ratio: 1024\/1024;object-fit:cover\" data-srcset=\"https:\/\/www.lamusereve.fr\/wp-content\/uploads\/2023\/03\/vecteezy_bicycle-winged-line-modern-simple-logo_12186988-1024x1024.jpg 1024w, https:\/\/www.lamusereve.fr\/wp-content\/uploads\/2023\/03\/vecteezy_bicycle-winged-line-modern-simple-logo_12186988-300x300.jpg 300w, https:\/\/www.lamusereve.fr\/wp-content\/uploads\/2023\/03\/vecteezy_bicycle-winged-line-modern-simple-logo_12186988-150x150.jpg 150w, https:\/\/www.lamusereve.fr\/wp-content\/uploads\/2023\/03\/vecteezy_bicycle-winged-line-modern-simple-logo_12186988-768x768.jpg 768w, https:\/\/www.lamusereve.fr\/wp-content\/uploads\/2023\/03\/vecteezy_bicycle-winged-line-modern-simple-logo_12186988-1536x1536.jpg 1536w, https:\/\/www.lamusereve.fr\/wp-content\/uploads\/2023\/03\/vecteezy_bicycle-winged-line-modern-simple-logo_12186988.jpg 1920w\" data-sizes=\"(max-width: 1024px) 100vw, 1024px\" src=\"data:image\/svg+xml;base64,PHN2ZyB3aWR0aD0iMSIgaGVpZ2h0PSIxIiB4bWxucz0iaHR0cDovL3d3dy53My5vcmcvMjAwMC9zdmciPjwvc3ZnPg==\" \/><\/figure>\n<\/div><\/div>\n\n\n\n<div class=\"wp-block-column is-layout-flow wp-block-column-is-layout-flow\" style=\"flex-basis:20%\"><div class=\"wp-block-image\">\n<figure class=\"alignleft size-large\"><img decoding=\"async\" width=\"2594\" height=\"2092\" data-src=\"https:\/\/www.lamusereve.fr\/wp-content\/uploads\/2025\/03\/Motifs-LMR-tache-peinture-beige-edited.png\" alt=\"\" class=\"wp-image-1436 lazyload\" data-srcset=\"https:\/\/www.lamusereve.fr\/wp-content\/uploads\/2025\/03\/Motifs-LMR-tache-peinture-beige-edited.png 2594w, https:\/\/www.lamusereve.fr\/wp-content\/uploads\/2025\/03\/Motifs-LMR-tache-peinture-beige-edited-400x323.png 400w, https:\/\/www.lamusereve.fr\/wp-content\/uploads\/2025\/03\/Motifs-LMR-tache-peinture-beige-edited-300x242.png 300w, https:\/\/www.lamusereve.fr\/wp-content\/uploads\/2025\/03\/Motifs-LMR-tache-peinture-beige-edited-1024x826.png 1024w, https:\/\/www.lamusereve.fr\/wp-content\/uploads\/2025\/03\/Motifs-LMR-tache-peinture-beige-edited-768x619.png 768w, https:\/\/www.lamusereve.fr\/wp-content\/uploads\/2025\/03\/Motifs-LMR-tache-peinture-beige-edited-1536x1239.png 1536w, https:\/\/www.lamusereve.fr\/wp-content\/uploads\/2025\/03\/Motifs-LMR-tache-peinture-beige-edited-2048x1652.png 2048w\" data-sizes=\"(max-width: 2594px) 100vw, 2594px\" src=\"data:image\/svg+xml;base64,PHN2ZyB3aWR0aD0iMSIgaGVpZ2h0PSIxIiB4bWxucz0iaHR0cDovL3d3dy53My5vcmcvMjAwMC9zdmciPjwvc3ZnPg==\" style=\"--smush-placeholder-width: 2594px; --smush-placeholder-aspect-ratio: 2594\/2092;\" \/><\/figure>\n<\/div><\/div>\n\n\n\n<div class=\"wp-block-column is-layout-flow wp-block-column-is-layout-flow\" style=\"flex-basis:20%\"><div class=\"wp-block-image\">\n<figure class=\"alignright size-full\"><img decoding=\"async\" width=\"591\" height=\"570\" data-src=\"https:\/\/www.lamusereve.fr\/wp-content\/uploads\/2025\/03\/Icone-ecole-1.png\" alt=\"\" class=\"wp-image-1440 lazyload\" style=\"--smush-placeholder-width: 591px; --smush-placeholder-aspect-ratio: 591\/570;object-fit:cover\" data-srcset=\"https:\/\/www.lamusereve.fr\/wp-content\/uploads\/2025\/03\/Icone-ecole-1.png 591w, https:\/\/www.lamusereve.fr\/wp-content\/uploads\/2025\/03\/Icone-ecole-1-400x386.png 400w, https:\/\/www.lamusereve.fr\/wp-content\/uploads\/2025\/03\/Icone-ecole-1-300x289.png 300w\" data-sizes=\"(max-width: 591px) 100vw, 591px\" src=\"data:image\/svg+xml;base64,PHN2ZyB3aWR0aD0iMSIgaGVpZ2h0PSIxIiB4bWxucz0iaHR0cDovL3d3dy53My5vcmcvMjAwMC9zdmciPjwvc3ZnPg==\" \/><\/figure>\n<\/div><\/div>\n<\/div>\n\n\n\n<div style=\"height:50px\" aria-hidden=\"true\" class=\"wp-block-spacer\"><\/div>\n\n\n\n<div id=\"wp-block-themeisle-blocks-advanced-columns-642db77a\" class=\"wp-block-themeisle-blocks-advanced-columns has-1-columns has-desktop-equal-layout has-tablet-equal-layout has-mobile-equal-layout has-vertical-unset\"><div class=\"wp-block-themeisle-blocks-advanced-columns-overlay\"><\/div><div class=\"innerblocks-wrap\">\n<div id=\"wp-block-themeisle-blocks-advanced-column-14b747af\" class=\"wp-block-themeisle-blocks-advanced-column\">\n<h1 class=\"wp-block-heading\">La muse r\u00eave vient \u00e0 vous !<\/h1>\n\n\n\n<p class=\"has-medium-font-size\">Que vous soyez professionnel ou particulier, chez vous, dans votre structure professionnelle ou \u00e0 votre domicile, <strong>la muse r\u00eave<\/strong> est \u00e0 votre \u00e9coute pour r\u00e9pondre \u00e0 une id\u00e9e, une envie, un projet, en choisissant parmi ceux de notre catalogue ou en construisant avec vous un projet personnalis\u00e9 qui r\u00e9ponde \u00e0 votre demande. Contactez-moi pour \u00e9changer sur vos souhaits !<\/p>\n\n\n\n<div style=\"height:20px\" aria-hidden=\"true\" class=\"wp-block-spacer\"><\/div>\n\n\n\n<h2 class=\"wp-block-heading\">Professionnels<\/h2>\n\n\n\n<p class=\"has-medium-font-size\">\u00c9tablissement scolaire, Relais Petite Enfance, Lieu d&rsquo;Accueil Enfant-Parent (LAEP), association de parents d&rsquo;\u00e9l\u00e8ves, cr\u00e8che publique ou priv\u00e9e, micro-cr\u00e8che, cr\u00e8che parentale ou encore d&rsquo;entreprise, il n&rsquo;y a pas de limite ! <strong>La muse r\u00eave<\/strong>, inventive et voyageuse, enfourche son p\u00e9dalier ail\u00e9 et vient avec \u00e2mes et bagages dans votre structure pour faire r\u00eaver et cr\u00e9er petits et grands ! \ud83d\ude00<\/p>\n\n\n\n<div style=\"height:20px\" aria-hidden=\"true\" class=\"wp-block-spacer\"><\/div>\n\n\n\n<h2 class=\"wp-block-heading\">Particuliers<\/h2>\n\n\n\n<p class=\"has-medium-font-size\">Une occasion \u00e0 c\u00e9l\u00e9brer ? Anniversaire, baby-shower, animation de c\u00e9l\u00e9bration ou mariage, vacances apprenantes&#8230; Pourquoi ne pas imaginer un atelier pour un groupe constitu\u00e9 \u00e0 votre domicile ? Pour vos enfants, votre famille \u00e9largie, des amis, des voisins, <strong>la muse r\u00eave<\/strong> vous propose, au choix, de piocher dans son catalogue un atelier adapt\u00e9 \u00e0 votre public ou, si vous n&rsquo;y trouvez pas votre bonheur, de vous concocter un atelier sur mesure, avec la th\u00e9matique de votre choix. On en discute ? \ud83d\ude09<\/p>\n\n\n\n<div style=\"height:50px\" aria-hidden=\"true\" class=\"wp-block-spacer\"><\/div>\n<\/div>\n<\/div><\/div>\n\n\n\n<div class=\"wp-block-buttons has-custom-font-size is-layout-flex wp-block-buttons-is-layout-flex\" style=\"font-size:18px\">\n<div class=\"wp-block-button\"><a class=\"wp-block-button__link wp-element-button\">Catalogue des ateliers<\/a><\/div>\n\n\n\n<div class=\"wp-block-button\"><a class=\"wp-block-button__link wp-element-button\">Demande de devis<\/a><\/div>\n<\/div>\n\n\n\n<div style=\"height:50px\" aria-hidden=\"true\" class=\"wp-block-spacer\"><\/div>\n\n\n\n<p><\/p>\n","protected":false},"excerpt":{"rendered":"","protected":false},"author":2,"featured_media":0,"parent":0,"menu_order":0,"comment_status":"closed","ping_status":"closed","template":"","meta":{"ocean_post_layout":"","ocean_both_sidebars_style":"","ocean_both_sidebars_content_width":0,"ocean_both_sidebars_sidebars_width":0,"ocean_sidebar":"","ocean_second_sidebar":"","ocean_disable_margins":"enable","ocean_add_body_class":"","ocean_shortcode_before_top_bar":"","ocean_shortcode_after_top_bar":"","ocean_shortcode_before_header":"","ocean_shortcode_after_header":"","ocean_has_shortcode":"","ocean_shortcode_after_title":"","ocean_shortcode_before_footer_widgets":"","ocean_shortcode_after_footer_widgets":"","ocean_shortcode_before_footer_bottom":"","ocean_shortcode_after_footer_bottom":"","ocean_display_top_bar":"default","ocean_display_header":"default","ocean_header_style":"","ocean_center_header_left_menu":"","ocean_custom_header_template":"","ocean_custom_logo":0,"ocean_custom_retina_logo":0,"ocean_custom_logo_max_width":0,"ocean_custom_logo_tablet_max_width":0,"ocean_custom_logo_mobile_max_width":0,"ocean_custom_logo_max_height":0,"ocean_custom_logo_tablet_max_height":0,"ocean_custom_logo_mobile_max_height":0,"ocean_header_custom_menu":"","ocean_menu_typo_font_family":"","ocean_menu_typo_font_subset":"","ocean_menu_typo_font_size":0,"ocean_menu_typo_font_size_tablet":0,"ocean_menu_typo_font_size_mobile":0,"ocean_menu_typo_font_size_unit":"px","ocean_menu_typo_font_weight":"","ocean_menu_typo_font_weight_tablet":"","ocean_menu_typo_font_weight_mobile":"","ocean_menu_typo_transform":"","ocean_menu_typo_transform_tablet":"","ocean_menu_typo_transform_mobile":"","ocean_menu_typo_line_height":0,"ocean_menu_typo_line_height_tablet":0,"ocean_menu_typo_line_height_mobile":0,"ocean_menu_typo_line_height_unit":"","ocean_menu_typo_spacing":0,"ocean_menu_typo_spacing_tablet":0,"ocean_menu_typo_spacing_mobile":0,"ocean_menu_typo_spacing_unit":"","ocean_menu_link_color":"","ocean_menu_link_color_hover":"","ocean_menu_link_color_active":"","ocean_menu_link_background":"","ocean_menu_link_hover_background":"","ocean_menu_link_active_background":"","ocean_menu_social_links_bg":"","ocean_menu_social_hover_links_bg":"","ocean_menu_social_links_color":"","ocean_menu_social_hover_links_color":"","ocean_disable_title":"default","ocean_disable_heading":"default","ocean_post_title":"","ocean_post_subheading":"","ocean_post_title_style":"","ocean_post_title_background_color":"","ocean_post_title_background":0,"ocean_post_title_bg_image_position":"","ocean_post_title_bg_image_attachment":"","ocean_post_title_bg_image_repeat":"","ocean_post_title_bg_image_size":"","ocean_post_title_height":0,"ocean_post_title_bg_overlay":0.5,"ocean_post_title_bg_overlay_color":"","ocean_disable_breadcrumbs":"default","ocean_breadcrumbs_color":"","ocean_breadcrumbs_separator_color":"","ocean_breadcrumbs_links_color":"","ocean_breadcrumbs_links_hover_color":"","ocean_display_footer_widgets":"default","ocean_display_footer_bottom":"default","ocean_custom_footer_template":"","_themeisle_gutenberg_block_has_review":false,"footnotes":""},"class_list":["post-519","page","type-page","status-publish","hentry","entry","owp-thumbs-layout-horizontal","owp-btn-normal","owp-tabs-layout-horizontal","has-no-thumbnails","has-product-nav","circle-sale"],"jetpack_sharing_enabled":true,"_links":{"self":[{"href":"https:\/\/www.lamusereve.fr\/index.php\/wp-json\/wp\/v2\/pages\/519","targetHints":{"allow":["GET"]}}],"collection":[{"href":"https:\/\/www.lamusereve.fr\/index.php\/wp-json\/wp\/v2\/pages"}],"about":[{"href":"https:\/\/www.lamusereve.fr\/index.php\/wp-json\/wp\/v2\/types\/page"}],"author":[{"embeddable":true,"href":"https:\/\/www.lamusereve.fr\/index.php\/wp-json\/wp\/v2\/users\/2"}],"replies":[{"embeddable":true,"href":"https:\/\/www.lamusereve.fr\/index.php\/wp-json\/wp\/v2\/comments?post=519"}],"version-history":[{"count":33,"href":"https:\/\/www.lamusereve.fr\/index.php\/wp-json\/wp\/v2\/pages\/519\/revisions"}],"predecessor-version":[{"id":1508,"href":"https:\/\/www.lamusereve.fr\/index.php\/wp-json\/wp\/v2\/pages\/519\/revisions\/1508"}],"wp:attachment":[{"href":"https:\/\/www.lamusereve.fr\/index.php\/wp-json\/wp\/v2\/media?parent=519"}],"curies":[{"name":"wp","href":"https:\/\/api.w.org\/{rel}","templated":true}]}}