{"id":516,"date":"2023-02-22T22:08:09","date_gmt":"2023-02-22T21:08:09","guid":{"rendered":"https:\/\/www.lamusereve.fr\/?page_id=516"},"modified":"2025-05-15T15:33:19","modified_gmt":"2025-05-15T13:33:19","slug":"a-propos","status":"publish","type":"page","link":"https:\/\/www.lamusereve.fr\/index.php\/qui-es-tu-la-muse-reve\/a-propos\/","title":{"rendered":"A propos"},"content":{"rendered":"\n<h2 class=\"wp-block-heading\">Derri\u00e8re la muse r\u00eave, il y a&#8230; moi : Azza !<\/h2>\n\n\n\n<div id=\"wp-block-themeisle-blocks-advanced-columns-440884a8\" class=\"wp-block-themeisle-blocks-advanced-columns has-1-columns has-desktop-equal-layout has-tablet-equal-layout has-mobile-equal-layout has-vertical-unset\"><div class=\"wp-block-themeisle-blocks-advanced-columns-overlay\"><\/div><div class=\"innerblocks-wrap\">\n<div id=\"wp-block-themeisle-blocks-advanced-column-248cdd6f\" class=\"wp-block-themeisle-blocks-advanced-column\">\n<div class=\"wp-block-media-text is-stacked-on-mobile is-vertically-aligned-top\" style=\"grid-template-columns:35% auto\"><figure class=\"wp-block-media-text__media\"><img fetchpriority=\"high\" decoding=\"async\" width=\"768\" height=\"1024\" src=\"https:\/\/www.lamusereve.fr\/wp-content\/uploads\/2023\/03\/Azza-mediation-Chapelle-Visitation-Thonon-768x1024.jpg\" alt=\"Azza en m\u00e9diation \u00e0 la Chapelle de la Visitation (Thonon-les-Bains, Haute-Savoie), dans l'exposition &quot;Quand la Chine s'\u00e9veilla...&quot; - En arri\u00e8re-plan, des \u0153uvres originales de l'artiste chinois Xiao Fan, dont Confusion, 2012,\n200 x 160cm, huile sur toile\n\u00a9 Collection de l\u2019artiste\" class=\"wp-image-627 size-full\" srcset=\"https:\/\/www.lamusereve.fr\/wp-content\/uploads\/2023\/03\/Azza-mediation-Chapelle-Visitation-Thonon-768x1024.jpg 768w, https:\/\/www.lamusereve.fr\/wp-content\/uploads\/2023\/03\/Azza-mediation-Chapelle-Visitation-Thonon-225x300.jpg 225w, https:\/\/www.lamusereve.fr\/wp-content\/uploads\/2023\/03\/Azza-mediation-Chapelle-Visitation-Thonon-1152x1536.jpg 1152w, https:\/\/www.lamusereve.fr\/wp-content\/uploads\/2023\/03\/Azza-mediation-Chapelle-Visitation-Thonon-1140x1520.jpg 1140w, https:\/\/www.lamusereve.fr\/wp-content\/uploads\/2023\/03\/Azza-mediation-Chapelle-Visitation-Thonon-rotated.jpg 1200w\" sizes=\"(max-width: 768px) 100vw, 768px\" \/><\/figure><div class=\"wp-block-media-text__content\">\n<p style=\"font-size:16px\"><em>Avec un palindrome pour pr\u00e9nom, il faut croire que j&rsquo;\u00e9tais pr\u00e9destin\u00e9e \u00e0 aimer les lettres&#8230; <\/em><\/p>\n\n\n\n<p style=\"font-size:16px\">Barbouilleuse de mots et croqueuse de livres, r\u00eaveuse \u00e9veill\u00e9e et \u00e9ternelle enfant adorant jouer, maman d&rsquo;un charmant petit gnome \u00e0 l&rsquo;insatiable curiosit\u00e9, je d\u00e9ambule sur le fil de l&rsquo;art et des histoires que nous ont l\u00e9gu\u00e9s nos anciens et qui font chanter nos lendemains !<\/p>\n\n\n\n<p style=\"font-size:16px\">Convaincue comme Max Ernst que <em>\u00ab\u00a0l&rsquo;art est un jeu d&rsquo;enfant\u00a0\u00bb<\/em>, mais qu&rsquo;il est aussi, avec la culture, un levier puissant d&rsquo;ouverture d&rsquo;esprit, de coh\u00e9sion sociale, de respect d\u2019autrui et d&rsquo;\u00e9galit\u00e9 des chances, je r\u00eave de les mettre \u00e0 la port\u00e9e de tous, d\u00e8s le plus jeune \u00e2ge, pour voir fleurir la graine de la cr\u00e9ativit\u00e9 mais aussi de la bienveillance qui sommeille chez le plus petit d&rsquo;entre nous !<\/p>\n\n\n\n<p style=\"font-size:16px\">C&rsquo;est ainsi qu&rsquo;est n\u00e9e <a href=\"https:\/\/www.lamusereve.fr\/index.php\/concept\/\" data-type=\"page\" data-id=\"585\">La muse r\u00eave<\/a> ! Laissez-la vous conter les petites histoires qui font la grande Histoire de l\u2019Art\u2026<\/p>\n<\/div><\/div>\n<\/div>\n<\/div><\/div>\n\n\n\n<div id=\"wp-block-themeisle-blocks-flip-abcade68\" class=\"wp-block-themeisle-blocks-flip anim flipY\"><div class=\"o-flip-inner\"><div class=\"o-flip-front\"><div class=\"o-flip-content\"><h3>A propos de la photo<\/h3><p><\/p><\/div><\/div><div class=\"o-flip-back\">\n<h3 class=\"wp-block-heading\"><\/h3>\n\n\n\n<p class=\"has-white-background-color has-text-color has-background has-small-font-size\" style=\"color:#188282\">M\u00e9diation avec une classe de maternelle, \u00e0 la Chapelle de la Visitation (Thonon-les-Bains, Haute-Savoie) dans le cadre de l&rsquo;exposition <em>Et la Chine s&rsquo;est \u00e9veill\u00e9e<\/em> (commissariat Philippe Piguet) ; en arri\u00e8re-plan, des \u0153uvres originales de l&rsquo;artiste chinois Xiao Fan, en particulier <em>Confusion<\/em>, 2012, huile sur toile, 200 x 160 cm \u00a9 Collection de l\u2019artiste<\/p>\n<\/div><\/div><\/div>\n\n\n\n<div style=\"height:50px\" aria-hidden=\"true\" class=\"wp-block-spacer\"><\/div>\n\n\n\n<h2 class=\"wp-block-heading\">La petite histoire<\/h2>\n\n\n\n<div class=\"wp-block-media-text is-stacked-on-mobile is-vertically-aligned-top\" style=\"grid-template-columns:35% auto\"><figure class=\"wp-block-media-text__media\"><img decoding=\"async\" width=\"1024\" height=\"968\" data-src=\"https:\/\/www.lamusereve.fr\/wp-content\/uploads\/2025\/03\/Azza-FROSSARD-CHERIF-photo-1024x968.jpg\" alt=\"\" class=\"wp-image-1492 size-full lazyload\" data-srcset=\"https:\/\/www.lamusereve.fr\/wp-content\/uploads\/2025\/03\/Azza-FROSSARD-CHERIF-photo-1024x968.jpg 1024w, https:\/\/www.lamusereve.fr\/wp-content\/uploads\/2025\/03\/Azza-FROSSARD-CHERIF-photo-400x378.jpg 400w, https:\/\/www.lamusereve.fr\/wp-content\/uploads\/2025\/03\/Azza-FROSSARD-CHERIF-photo-300x284.jpg 300w, https:\/\/www.lamusereve.fr\/wp-content\/uploads\/2025\/03\/Azza-FROSSARD-CHERIF-photo-768x726.jpg 768w, https:\/\/www.lamusereve.fr\/wp-content\/uploads\/2025\/03\/Azza-FROSSARD-CHERIF-photo.jpg 1049w\" data-sizes=\"(max-width: 1024px) 100vw, 1024px\" src=\"data:image\/svg+xml;base64,PHN2ZyB3aWR0aD0iMSIgaGVpZ2h0PSIxIiB4bWxucz0iaHR0cDovL3d3dy53My5vcmcvMjAwMC9zdmciPjwvc3ZnPg==\" style=\"--smush-placeholder-width: 1024px; --smush-placeholder-aspect-ratio: 1024\/968;\" \/><\/figure><div class=\"wp-block-media-text__content\">\n<p style=\"font-size:16px\"><em>Il \u00e9tait une fois<\/em><em>&#8230; <\/em><em>une petite fille qui r\u00eavait de devenir m\u00e9decin. Mais la r\u00e9alit\u00e9 du m\u00e9tier, d\u00e9couverte \u00e0 <\/em><em>l\u2019adolescence, fait vite d\u00e9chanter cette \u00e2me sensible qui cherche alors le r\u00e9<\/em><em>-enchantement dans son autre passion <\/em><em>: l\u2019art. Elle conserve n\u00e9anmoins de ce d\u00e9but de parcours scientifique la rigueur et la <\/em><em>minutie.<\/em><\/p>\n\n\n\n<p style=\"font-size:16px\"><em>Apr\u00e8s un passage <\/em><em>\u00e0 l\u2019<\/em><em>\u00c9cole du Louvre et u<\/em><em>ne formation en Histoire de l\u2019Art et <\/em><em>en Conception et direction de projets culturels \u00e0 la Sorbonne, elle vit pleinement sa passion en tant que m\u00e9diatrice culturelle, sp\u00e9cialis\u00e9e jeune public. Patrimoine, mus\u00e9es, galeries, festivals lui permettent de perfectionner ses techniques de m\u00e9diation et <\/em><em>d\u2019affiner <\/em><em>sa connaissance des publics, pour lesquels elle con\u00e7oit et anime expositions, visite guid\u00e9es, ateliers cr\u00e9atifs, rencontres artistiques, et autres manifestations culturelles.<\/em><\/p>\n\n\n\n<p style=\"font-size:16px\"><em>Aujourd\u2019hui, elle souhaite pouvoir conjuguer ses deux centres d\u2019int\u00e9r\u00eat : travailler avec des enfants et transmettre son go\u00fbt pour la culture, dans un lieu de partage, d\u2019\u00e9change et d\u2019\u00e9veil par le biais des arts. <\/em><\/p>\n\n\n\n<p style=\"font-size:16px\"><em>D\u00e9mystifier le monde \u00e9litiste de l\u2019art en g\u00e9n\u00e9ral et des galeries en particulier, et \u0153uvrer en faveur d\u2019un \u00e9veil artistique et culturel d\u00e8s le plus jeune \u00e2ge et pour tous, tel est son objectif en ouvrant les portes d\u2019un lieu culturel accessible au plus grand nombre et \u00e0 l\u2019esprit bienveillant et inclusif.<\/em><\/p>\n<\/div><\/div>\n\n\n\n<div id=\"wp-block-themeisle-blocks-flip-f93a0247\" class=\"wp-block-themeisle-blocks-flip anim flipY\"><div class=\"o-flip-inner\"><div class=\"o-flip-front\"><div class=\"o-flip-content\"><h3>A propos de la photo<\/h3><p><\/p><\/div><\/div><div class=\"o-flip-back\">\n<h3 class=\"wp-block-heading\"><\/h3>\n\n\n\n<p class=\"has-white-background-color has-text-color has-background has-small-font-size\" style=\"color:#188282\">Exposition <em>Dance In the Flow<\/em> \u00e0 la Galerie 29-Espace d&rsquo;art contemporain (Evian-les-Bains, Haute-Savoie), en 2015, pr\u00e9sentant les \u0153uvres de l&rsquo;artiste-c\u00e9ramiste Nathalie Domingo, <br>Photo : Journal Le Messager &#8211; Porcelaines \u00a9 Nathalie Domingo<\/p>\n<\/div><\/div><\/div>\n\n\n\n<div style=\"height:70px\" aria-hidden=\"true\" class=\"wp-block-spacer\"><\/div>\n\n\n\n<p><\/p>\n","protected":false},"excerpt":{"rendered":"<p>Derri\u00e8re la muse r\u00eave, il y a&#8230; moi : Azza ! La petite histoire Il \u00e9tait une fois&#8230; une petite fille qui r\u00eavait de devenir m\u00e9decin. Mais la r\u00e9alit\u00e9 du m\u00e9tier, d\u00e9couverte \u00e0 l\u2019adolescence, fait vite d\u00e9chanter cette \u00e2me sensible qui cherche alors le r\u00e9-enchantement dans son autre passion : l\u2019art. Elle conserve n\u00e9anmoins de [&hellip;]<\/p>\n","protected":false},"author":2,"featured_media":0,"parent":28,"menu_order":1,"comment_status":"closed","ping_status":"closed","template":"","meta":{"ocean_post_layout":"","ocean_both_sidebars_style":"","ocean_both_sidebars_content_width":0,"ocean_both_sidebars_sidebars_width":0,"ocean_sidebar":"","ocean_second_sidebar":"","ocean_disable_margins":"enable","ocean_add_body_class":"","ocean_shortcode_before_top_bar":"","ocean_shortcode_after_top_bar":"","ocean_shortcode_before_header":"","ocean_shortcode_after_header":"","ocean_has_shortcode":"","ocean_shortcode_after_title":"","ocean_shortcode_before_footer_widgets":"","ocean_shortcode_after_footer_widgets":"","ocean_shortcode_before_footer_bottom":"","ocean_shortcode_after_footer_bottom":"","ocean_display_top_bar":"default","ocean_display_header":"default","ocean_header_style":"","ocean_center_header_left_menu":"","ocean_custom_header_template":"","ocean_custom_logo":0,"ocean_custom_retina_logo":0,"ocean_custom_logo_max_width":0,"ocean_custom_logo_tablet_max_width":0,"ocean_custom_logo_mobile_max_width":0,"ocean_custom_logo_max_height":0,"ocean_custom_logo_tablet_max_height":0,"ocean_custom_logo_mobile_max_height":0,"ocean_header_custom_menu":"","ocean_menu_typo_font_family":"","ocean_menu_typo_font_subset":"","ocean_menu_typo_font_size":0,"ocean_menu_typo_font_size_tablet":0,"ocean_menu_typo_font_size_mobile":0,"ocean_menu_typo_font_size_unit":"px","ocean_menu_typo_font_weight":"","ocean_menu_typo_font_weight_tablet":"","ocean_menu_typo_font_weight_mobile":"","ocean_menu_typo_transform":"","ocean_menu_typo_transform_tablet":"","ocean_menu_typo_transform_mobile":"","ocean_menu_typo_line_height":0,"ocean_menu_typo_line_height_tablet":0,"ocean_menu_typo_line_height_mobile":0,"ocean_menu_typo_line_height_unit":"","ocean_menu_typo_spacing":0,"ocean_menu_typo_spacing_tablet":0,"ocean_menu_typo_spacing_mobile":0,"ocean_menu_typo_spacing_unit":"","ocean_menu_link_color":"","ocean_menu_link_color_hover":"","ocean_menu_link_color_active":"","ocean_menu_link_background":"","ocean_menu_link_hover_background":"","ocean_menu_link_active_background":"","ocean_menu_social_links_bg":"","ocean_menu_social_hover_links_bg":"","ocean_menu_social_links_color":"","ocean_menu_social_hover_links_color":"","ocean_disable_title":"default","ocean_disable_heading":"default","ocean_post_title":"","ocean_post_subheading":"","ocean_post_title_style":"","ocean_post_title_background_color":"","ocean_post_title_background":0,"ocean_post_title_bg_image_position":"","ocean_post_title_bg_image_attachment":"","ocean_post_title_bg_image_repeat":"","ocean_post_title_bg_image_size":"","ocean_post_title_height":0,"ocean_post_title_bg_overlay":0.5,"ocean_post_title_bg_overlay_color":"","ocean_disable_breadcrumbs":"default","ocean_breadcrumbs_color":"","ocean_breadcrumbs_separator_color":"","ocean_breadcrumbs_links_color":"","ocean_breadcrumbs_links_hover_color":"","ocean_display_footer_widgets":"default","ocean_display_footer_bottom":"default","ocean_custom_footer_template":"","_themeisle_gutenberg_block_has_review":false,"footnotes":""},"class_list":["post-516","page","type-page","status-publish","hentry","entry","owp-thumbs-layout-horizontal","owp-btn-normal","owp-tabs-layout-horizontal","has-no-thumbnails","has-product-nav","circle-sale"],"jetpack_sharing_enabled":true,"_links":{"self":[{"href":"https:\/\/www.lamusereve.fr\/index.php\/wp-json\/wp\/v2\/pages\/516","targetHints":{"allow":["GET"]}}],"collection":[{"href":"https:\/\/www.lamusereve.fr\/index.php\/wp-json\/wp\/v2\/pages"}],"about":[{"href":"https:\/\/www.lamusereve.fr\/index.php\/wp-json\/wp\/v2\/types\/page"}],"author":[{"embeddable":true,"href":"https:\/\/www.lamusereve.fr\/index.php\/wp-json\/wp\/v2\/users\/2"}],"replies":[{"embeddable":true,"href":"https:\/\/www.lamusereve.fr\/index.php\/wp-json\/wp\/v2\/comments?post=516"}],"version-history":[{"count":29,"href":"https:\/\/www.lamusereve.fr\/index.php\/wp-json\/wp\/v2\/pages\/516\/revisions"}],"predecessor-version":[{"id":2110,"href":"https:\/\/www.lamusereve.fr\/index.php\/wp-json\/wp\/v2\/pages\/516\/revisions\/2110"}],"up":[{"embeddable":true,"href":"https:\/\/www.lamusereve.fr\/index.php\/wp-json\/wp\/v2\/pages\/28"}],"wp:attachment":[{"href":"https:\/\/www.lamusereve.fr\/index.php\/wp-json\/wp\/v2\/media?parent=516"}],"curies":[{"name":"wp","href":"https:\/\/api.w.org\/{rel}","templated":true}]}}