{"id":43,"date":"2022-10-03T19:43:10","date_gmt":"2022-10-03T17:43:10","guid":{"rendered":"http:\/\/127.0.0.1\/wordpress\/?page_id=43"},"modified":"2026-03-31T16:16:19","modified_gmt":"2026-03-31T14:16:19","slug":"groupes","status":"publish","type":"page","link":"https:\/\/www.lamusereve.fr\/index.php\/groupes\/","title":{"rendered":"Groupes"},"content":{"rendered":"\n<p class=\"has-medium-font-size\">La muse r\u00eave vous invite \u00e0 plonger dans un univers o\u00f9 l&rsquo;Histoire des Arts rencontre la cr\u00e9ativit\u00e9. Avec des expositions qui changent tous les 2 mois environ, c&rsquo;est comme une f\u00eate artistique qui ne s&rsquo;arr\u00eate jamais ! Et si vous voulez une touche de magie directement chez vous, notre m\u00e9diatrice culturelle peut \u00e9galement se d\u00e9placer pour apporter son savoir-faire dans votre structure, qu&rsquo;il s&rsquo;agisse d&rsquo;un \u00e9tablissement scolaire, d&rsquo;une cr\u00e8che, d&rsquo;un RPE ou d&rsquo;un centre socio-culturel.<\/p>\n\n\n\n<p class=\"has-medium-font-size\">Avec La muse r\u00eave, les petits artistes aiguisent leur regard, d\u00e9veloppent leurs go\u00fbts et laissent libre cours \u00e0 leur imagination. Entre dialogues, interactions et exp\u00e9riences ludiques et sensorielles, l&rsquo;Art devient un jeu d&rsquo;enfant o\u00f9 chaque cr\u00e9ativit\u00e9 et individualit\u00e9 a sa place.<\/p>\n\n\n\n<p class=\"has-medium-font-size\">Pr\u00e9parez-vous \u00e0 une aventure r\u00e9-cr\u00e9ative pleine de couleurs et de sourires !<\/p>\n\n\n\n<div style=\"height:20px\" aria-hidden=\"true\" class=\"wp-block-spacer\"><\/div>\n\n\n\n<div class=\"wp-block-buttons is-horizontal is-content-justification-left is-layout-flex wp-container-core-buttons-is-layout-92fc3979 wp-block-buttons-is-layout-flex\">\n<div class=\"wp-block-button\"><a class=\"wp-block-button__link has-medium-font-size has-custom-font-size wp-element-button\">Programme culturel<\/a><\/div>\n\n\n\n<div class=\"wp-block-button\"><a class=\"wp-block-button__link has-medium-font-size has-custom-font-size wp-element-button\" href=\"https:\/\/www.lamusereve.fr\/index.php\/contact\/\">Demande de devis<\/a><\/div>\n<\/div>\n\n\n\n<div style=\"height:60px\" aria-hidden=\"true\" class=\"wp-block-spacer\"><\/div>\n\n\n\n<div id=\"wp-block-themeisle-blocks-advanced-columns-d87d87fb\" class=\"wp-block-themeisle-blocks-advanced-columns alignwide has-1-columns has-desktop-equal-layout has-tablet-equal-layout has-mobile-collapsedRows-layout has-vertical-center ticss-c00aadba has-light-bg\"><div class=\"wp-block-themeisle-blocks-advanced-columns-overlay\"><\/div><div class=\"innerblocks-wrap\">\n<div id=\"wp-block-themeisle-blocks-advanced-column-60dad16e\" class=\"wp-block-themeisle-blocks-advanced-column\">\n<div id=\"wp-block-themeisle-blocks-advanced-columns-d2e20cf0\" class=\"wp-block-themeisle-blocks-advanced-columns has-1-columns has-desktop-equal-layout has-tablet-equal-layout has-mobile-equal-layout has-vertical-center\"><div class=\"wp-block-themeisle-blocks-advanced-columns-overlay\"><\/div><div class=\"innerblocks-wrap\">\n<div id=\"wp-block-themeisle-blocks-advanced-column-8b4ed85a\" class=\"wp-block-themeisle-blocks-advanced-column\">\n<h2 class=\"wp-block-heading has-text-align-center\">Des offres pour tous les \u00e2ges et tous les go\u00fbts !<\/h2>\n<\/div>\n<\/div><\/div>\n\n\n\n<div id=\"wp-block-themeisle-blocks-advanced-columns-be71e345\" class=\"wp-block-themeisle-blocks-advanced-columns has-2-columns has-desktop-equal-layout has-tablet-equal-layout has-mobile-collapsedRows-layout has-vertical-unset has-vertical-undefined\"><div class=\"wp-block-themeisle-blocks-advanced-columns-overlay\"><\/div><div class=\"innerblocks-wrap\">\n<div id=\"wp-block-themeisle-blocks-advanced-column-e373838a\" class=\"wp-block-themeisle-blocks-advanced-column\"><div class=\"wp-block-image is-style-default\">\n<figure class=\"aligncenter size-full is-resized\"><a href=\"https:\/\/www.lamusereve.fr\/index.php\/ateliers-chez-la-muse-reve\/\"><img fetchpriority=\"high\" decoding=\"async\" width=\"1918\" height=\"1450\" src=\"https:\/\/www.lamusereve.fr\/wp-content\/uploads\/2024\/01\/Logo-declinaison-terracotta-LMR-1.png\" alt=\"\" class=\"wp-image-875\" style=\"aspect-ratio:1;object-fit:contain;width:270px\" srcset=\"https:\/\/www.lamusereve.fr\/wp-content\/uploads\/2024\/01\/Logo-declinaison-terracotta-LMR-1.png 1918w, https:\/\/www.lamusereve.fr\/wp-content\/uploads\/2024\/01\/Logo-declinaison-terracotta-LMR-1-300x227.png 300w, https:\/\/www.lamusereve.fr\/wp-content\/uploads\/2024\/01\/Logo-declinaison-terracotta-LMR-1-1024x774.png 1024w, https:\/\/www.lamusereve.fr\/wp-content\/uploads\/2024\/01\/Logo-declinaison-terracotta-LMR-1-768x581.png 768w, https:\/\/www.lamusereve.fr\/wp-content\/uploads\/2024\/01\/Logo-declinaison-terracotta-LMR-1-1536x1161.png 1536w\" sizes=\"(max-width: 1918px) 100vw, 1918px\" \/><\/a><\/figure>\n<\/div>\n\n\n<h2 id=\"wp-block-themeisle-blocks-advanced-heading-a0f377e3\" class=\"wp-block-themeisle-blocks-advanced-heading wp-block-themeisle-blocks-advanced-heading-a0f377e3\">Ateliers chez La muse r\u00eave<\/h2>\n\n\n\n<p id=\"wp-block-themeisle-blocks-advanced-heading-22009bd8\" class=\"wp-block-themeisle-blocks-advanced-heading wp-block-themeisle-blocks-advanced-heading-22009bd8\"><strong>Ateliers de 0 \u00e0 12 ans<\/strong><\/p>\n\n\n\n<p class=\"has-text-align-center\">A partir de septembre 2025<\/p>\n\n\n\n<div class=\"wp-block-buttons is-content-justification-center is-layout-flex wp-container-core-buttons-is-layout-16018d1d wp-block-buttons-is-layout-flex\">\n<div class=\"wp-block-button\"><a class=\"wp-block-button__link wp-element-button\" href=\"https:\/\/www.lamusereve.fr\/index.php\/ateliers-chez-la-muse-reve\/\">+ d&rsquo;infos<\/a><\/div>\n<\/div>\n<\/div>\n\n\n\n<div id=\"wp-block-themeisle-blocks-advanced-column-956fcf84\" class=\"wp-block-themeisle-blocks-advanced-column\"><div class=\"wp-block-image is-style-default\">\n<figure class=\"aligncenter size-full is-resized\"><a href=\"https:\/\/www.lamusereve.fr\/index.php\/ateliers-itinerants\/\"><img decoding=\"async\" width=\"591\" height=\"570\" data-src=\"https:\/\/www.lamusereve.fr\/wp-content\/uploads\/2025\/03\/Icone-ecole-1.png\" alt=\"\" class=\"wp-image-1440 lazyload\" style=\"--smush-placeholder-width: 591px; --smush-placeholder-aspect-ratio: 591\/570;aspect-ratio:1;object-fit:contain;width:240px\" data-srcset=\"https:\/\/www.lamusereve.fr\/wp-content\/uploads\/2025\/03\/Icone-ecole-1.png 591w, https:\/\/www.lamusereve.fr\/wp-content\/uploads\/2025\/03\/Icone-ecole-1-400x386.png 400w, https:\/\/www.lamusereve.fr\/wp-content\/uploads\/2025\/03\/Icone-ecole-1-300x289.png 300w\" data-sizes=\"(max-width: 591px) 100vw, 591px\" src=\"data:image\/svg+xml;base64,PHN2ZyB3aWR0aD0iMSIgaGVpZ2h0PSIxIiB4bWxucz0iaHR0cDovL3d3dy53My5vcmcvMjAwMC9zdmciPjwvc3ZnPg==\" \/><\/a><\/figure>\n<\/div>\n\n\n<div style=\"height:20px\" aria-hidden=\"true\" class=\"wp-block-spacer\"><\/div>\n\n\n\n<h2 id=\"wp-block-themeisle-blocks-advanced-heading-16fc6df3\" class=\"wp-block-themeisle-blocks-advanced-heading wp-block-themeisle-blocks-advanced-heading-16fc6df3\">Ateliers hors les murs<\/h2>\n\n\n\n<p id=\"wp-block-themeisle-blocks-advanced-heading-1c8a5fcf\" class=\"wp-block-themeisle-blocks-advanced-heading wp-block-themeisle-blocks-advanced-heading-1c8a5fcf\"><strong><strong>Ateliers de 0 \u00e0 12 ans<\/strong><\/strong><\/p>\n\n\n\n<p class=\"has-text-align-center\">A partir d&rsquo;avril 2025<\/p>\n\n\n\n<div class=\"wp-block-buttons is-content-justification-center is-layout-flex wp-container-core-buttons-is-layout-16018d1d wp-block-buttons-is-layout-flex\">\n<div class=\"wp-block-button\"><a class=\"wp-block-button__link wp-element-button\" href=\"https:\/\/www.lamusereve.fr\/index.php\/ateliers-itinerants\/\">+ d&rsquo;infos<\/a><\/div>\n<\/div>\n<\/div>\n<\/div><\/div>\n<\/div>\n<\/div><\/div>\n\n\n\n<div style=\"height:60px\" aria-hidden=\"true\" class=\"wp-block-spacer\"><\/div>\n\n\n\n<h2 class=\"wp-block-heading has-text-align-center\">Ils nous ont fait et nous font confiance<\/h2>\n\n\n\n<section id=\"wp-block-themeisle-blocks-advanced-columns-cb1e70fa\" class=\"wp-block-themeisle-blocks-advanced-columns alignfull has-4-columns has-desktop-equal-layout has-tablet-equal-layout has-mobile-collapsedRows-layout has-vertical-flex-start has-light-bg\"><div class=\"wp-block-themeisle-blocks-advanced-columns-overlay\"><\/div><div class=\"innerblocks-wrap\">\n<div id=\"wp-block-themeisle-blocks-advanced-column-dca06be4\" class=\"wp-block-themeisle-blocks-advanced-column\"><div class=\"wp-block-image\">\n<figure class=\"aligncenter size-large is-resized\"><img decoding=\"async\" width=\"1024\" height=\"973\" data-src=\"https:\/\/www.lamusereve.fr\/wp-content\/uploads\/2025\/05\/1078px-Logo_Chambery.svg-1024x973.png\" alt=\"\" class=\"wp-image-2140 lazyload\" style=\"--smush-placeholder-width: 1024px; --smush-placeholder-aspect-ratio: 1024\/973;width:80px;height:80px\" data-srcset=\"https:\/\/www.lamusereve.fr\/wp-content\/uploads\/2025\/05\/1078px-Logo_Chambery.svg-1024x973.png 1024w, https:\/\/www.lamusereve.fr\/wp-content\/uploads\/2025\/05\/1078px-Logo_Chambery.svg-300x285.png 300w, https:\/\/www.lamusereve.fr\/wp-content\/uploads\/2025\/05\/1078px-Logo_Chambery.svg-768x730.png 768w, https:\/\/www.lamusereve.fr\/wp-content\/uploads\/2025\/05\/1078px-Logo_Chambery.svg-400x380.png 400w, https:\/\/www.lamusereve.fr\/wp-content\/uploads\/2025\/05\/1078px-Logo_Chambery.svg.png 1078w\" data-sizes=\"(max-width: 1024px) 100vw, 1024px\" src=\"data:image\/svg+xml;base64,PHN2ZyB3aWR0aD0iMSIgaGVpZ2h0PSIxIiB4bWxucz0iaHR0cDovL3d3dy53My5vcmcvMjAwMC9zdmciPjwvc3ZnPg==\" \/><\/figure>\n<\/div>\n\n\n<div style=\"height:16px\" aria-hidden=\"true\" class=\"wp-block-spacer\"><\/div>\n\n\n\n<div id=\"wp-block-themeisle-blocks-advanced-heading-7a7cc9c4\" class=\"wp-block-themeisle-blocks-advanced-heading wp-block-themeisle-blocks-advanced-heading-7a7cc9c4\"><strong>VILLE DE Chamb\u00e9ry<\/strong><\/div>\n<\/div>\n\n\n\n<div id=\"wp-block-themeisle-blocks-advanced-column-37903547\" class=\"wp-block-themeisle-blocks-advanced-column\"><div class=\"wp-block-image\">\n<figure class=\"aligncenter size-full is-resized\"><img decoding=\"async\" width=\"298\" height=\"251\" data-src=\"https:\/\/www.lamusereve.fr\/wp-content\/uploads\/2025\/05\/Logo-LMS-Couleur-fd-blanc-01.png\" alt=\"\" class=\"wp-image-2148 lazyload\" style=\"--smush-placeholder-width: 298px; --smush-placeholder-aspect-ratio: 298\/251;width:80px;height:80px\" src=\"data:image\/svg+xml;base64,PHN2ZyB3aWR0aD0iMSIgaGVpZ2h0PSIxIiB4bWxucz0iaHR0cDovL3d3dy53My5vcmcvMjAwMC9zdmciPjwvc3ZnPg==\" \/><\/figure>\n<\/div>\n\n\n<div style=\"height:16px\" aria-hidden=\"true\" class=\"wp-block-spacer\"><\/div>\n\n\n\n<div id=\"wp-block-themeisle-blocks-advanced-heading-d6da1543\" class=\"wp-block-themeisle-blocks-advanced-heading wp-block-themeisle-blocks-advanced-heading-d6da1543\"><strong>Ville de La motte-servolex<\/strong><\/div>\n<\/div>\n\n\n\n<div id=\"wp-block-themeisle-blocks-advanced-column-45f896f9\" class=\"wp-block-themeisle-blocks-advanced-column\"><div class=\"wp-block-image\">\n<figure class=\"aligncenter size-full is-resized\"><img decoding=\"async\" width=\"440\" height=\"140\" data-src=\"https:\/\/www.lamusereve.fr\/wp-content\/uploads\/2025\/05\/logo-cognin-darkmode-165b12.svg\" alt=\"\" class=\"wp-image-2149 lazyload\" style=\"--smush-placeholder-width: 440px; --smush-placeholder-aspect-ratio: 440\/140;width:80px;height:80px\" src=\"data:image\/svg+xml;base64,PHN2ZyB3aWR0aD0iMSIgaGVpZ2h0PSIxIiB4bWxucz0iaHR0cDovL3d3dy53My5vcmcvMjAwMC9zdmciPjwvc3ZnPg==\" \/><\/figure>\n<\/div>\n\n\n<div style=\"height:16px\" aria-hidden=\"true\" class=\"wp-block-spacer\"><\/div>\n\n\n\n<div id=\"wp-block-themeisle-blocks-advanced-heading-28b41792\" class=\"wp-block-themeisle-blocks-advanced-heading wp-block-themeisle-blocks-advanced-heading-28b41792\"><strong>Ville de cognin<\/strong><\/div>\n<\/div>\n\n\n\n<div id=\"wp-block-themeisle-blocks-advanced-column-8872bb6d\" class=\"wp-block-themeisle-blocks-advanced-column\"><div class=\"wp-block-image\">\n<figure class=\"aligncenter size-large is-resized\"><img decoding=\"async\" width=\"1024\" height=\"747\" data-src=\"https:\/\/www.lamusereve.fr\/wp-content\/uploads\/2025\/05\/1200px-Logo_Thonon-les-Bains.svg-1024x747.png\" alt=\"\" class=\"wp-image-2141 lazyload\" style=\"--smush-placeholder-width: 1024px; --smush-placeholder-aspect-ratio: 1024\/747;width:80px;height:80px\" data-srcset=\"https:\/\/www.lamusereve.fr\/wp-content\/uploads\/2025\/05\/1200px-Logo_Thonon-les-Bains.svg-1024x747.png 1024w, https:\/\/www.lamusereve.fr\/wp-content\/uploads\/2025\/05\/1200px-Logo_Thonon-les-Bains.svg-300x219.png 300w, https:\/\/www.lamusereve.fr\/wp-content\/uploads\/2025\/05\/1200px-Logo_Thonon-les-Bains.svg-768x560.png 768w, https:\/\/www.lamusereve.fr\/wp-content\/uploads\/2025\/05\/1200px-Logo_Thonon-les-Bains.svg-400x292.png 400w, https:\/\/www.lamusereve.fr\/wp-content\/uploads\/2025\/05\/1200px-Logo_Thonon-les-Bains.svg.png 1200w\" data-sizes=\"(max-width: 1024px) 100vw, 1024px\" src=\"data:image\/svg+xml;base64,PHN2ZyB3aWR0aD0iMSIgaGVpZ2h0PSIxIiB4bWxucz0iaHR0cDovL3d3dy53My5vcmcvMjAwMC9zdmciPjwvc3ZnPg==\" \/><\/figure>\n<\/div>\n\n\n<div style=\"height:16px\" aria-hidden=\"true\" class=\"wp-block-spacer\"><\/div>\n\n\n\n<div id=\"wp-block-themeisle-blocks-advanced-heading-459fc572\" class=\"wp-block-themeisle-blocks-advanced-heading wp-block-themeisle-blocks-advanced-heading-459fc572\"><strong>Ville de Thonon-les-Bains<\/strong><\/div>\n<\/div>\n<\/div><\/section>\n\n\n\n<section id=\"wp-block-themeisle-blocks-advanced-columns-2aa03837\" class=\"wp-block-themeisle-blocks-advanced-columns alignfull has-4-columns has-desktop-equal-layout has-tablet-equal-layout has-mobile-collapsedRows-layout has-vertical-flex-start has-light-bg\"><div class=\"wp-block-themeisle-blocks-advanced-columns-overlay\"><\/div><div class=\"innerblocks-wrap\">\n<div id=\"wp-block-themeisle-blocks-advanced-column-d1e41a6f\" class=\"wp-block-themeisle-blocks-advanced-column\"><div class=\"wp-block-image\">\n<figure class=\"aligncenter size-full is-resized\"><img decoding=\"async\" width=\"640\" height=\"640\" data-src=\"https:\/\/www.lamusereve.fr\/wp-content\/uploads\/2025\/05\/salon-de-montrouge.jpg\" alt=\"\" class=\"wp-image-2143 lazyload\" style=\"--smush-placeholder-width: 640px; --smush-placeholder-aspect-ratio: 640\/640;width:80px;height:80px\" data-srcset=\"https:\/\/www.lamusereve.fr\/wp-content\/uploads\/2025\/05\/salon-de-montrouge.jpg 640w, https:\/\/www.lamusereve.fr\/wp-content\/uploads\/2025\/05\/salon-de-montrouge-300x300.jpg 300w, https:\/\/www.lamusereve.fr\/wp-content\/uploads\/2025\/05\/salon-de-montrouge-150x150.jpg 150w, https:\/\/www.lamusereve.fr\/wp-content\/uploads\/2025\/05\/salon-de-montrouge-600x600.jpg 600w, https:\/\/www.lamusereve.fr\/wp-content\/uploads\/2025\/05\/salon-de-montrouge-400x400.jpg 400w, https:\/\/www.lamusereve.fr\/wp-content\/uploads\/2025\/05\/salon-de-montrouge-100x100.jpg 100w\" data-sizes=\"(max-width: 640px) 100vw, 640px\" src=\"data:image\/svg+xml;base64,PHN2ZyB3aWR0aD0iMSIgaGVpZ2h0PSIxIiB4bWxucz0iaHR0cDovL3d3dy53My5vcmcvMjAwMC9zdmciPjwvc3ZnPg==\" \/><\/figure>\n<\/div>\n\n\n<div style=\"height:16px\" aria-hidden=\"true\" class=\"wp-block-spacer\"><\/div>\n\n\n\n<div id=\"wp-block-themeisle-blocks-advanced-heading-0cf64d00\" class=\"wp-block-themeisle-blocks-advanced-heading wp-block-themeisle-blocks-advanced-heading-0cf64d00\"><strong>Salon d&rsquo;art contemporain de Montrouge<\/strong><\/div>\n<\/div>\n\n\n\n<div id=\"wp-block-themeisle-blocks-advanced-column-b9da2ad9\" class=\"wp-block-themeisle-blocks-advanced-column\"><div class=\"wp-block-image\">\n<figure class=\"aligncenter size-full is-resized\"><img decoding=\"async\" width=\"300\" height=\"210\" data-src=\"https:\/\/www.lamusereve.fr\/wp-content\/uploads\/2025\/05\/LogoRipailleGrisVF-sidebar-300x210-1.jpg\" alt=\"\" class=\"wp-image-2144 lazyload\" style=\"--smush-placeholder-width: 300px; --smush-placeholder-aspect-ratio: 300\/210;width:80px;height:80px\" src=\"data:image\/svg+xml;base64,PHN2ZyB3aWR0aD0iMSIgaGVpZ2h0PSIxIiB4bWxucz0iaHR0cDovL3d3dy53My5vcmcvMjAwMC9zdmciPjwvc3ZnPg==\" \/><\/figure>\n<\/div>\n\n\n<div style=\"height:16px\" aria-hidden=\"true\" class=\"wp-block-spacer\"><\/div>\n\n\n\n<div id=\"wp-block-themeisle-blocks-advanced-heading-c2db77c1\" class=\"wp-block-themeisle-blocks-advanced-heading wp-block-themeisle-blocks-advanced-heading-c2db77c1\"><strong>Fondation Ripaille, Thonon-les-Bains<\/strong><\/div>\n<\/div>\n\n\n\n<div id=\"wp-block-themeisle-blocks-advanced-column-67192ac6\" class=\"wp-block-themeisle-blocks-advanced-column\"><div class=\"wp-block-image\">\n<figure class=\"aligncenter size-full is-resized\"><img decoding=\"async\" width=\"293\" height=\"172\" data-src=\"https:\/\/www.lamusereve.fr\/wp-content\/uploads\/2025\/05\/ChateauEcouen.png\" alt=\"\" class=\"wp-image-2145 lazyload\" style=\"--smush-placeholder-width: 293px; --smush-placeholder-aspect-ratio: 293\/172;width:80px;height:80px\" src=\"data:image\/svg+xml;base64,PHN2ZyB3aWR0aD0iMSIgaGVpZ2h0PSIxIiB4bWxucz0iaHR0cDovL3d3dy53My5vcmcvMjAwMC9zdmciPjwvc3ZnPg==\" \/><\/figure>\n<\/div>\n\n\n<div style=\"height:16px\" aria-hidden=\"true\" class=\"wp-block-spacer\"><\/div>\n\n\n\n<div id=\"wp-block-themeisle-blocks-advanced-heading-f26f9fc8\" class=\"wp-block-themeisle-blocks-advanced-heading wp-block-themeisle-blocks-advanced-heading-f26f9fc8\"><strong>Ch\u00e2teau d&rsquo;\u00c9couen, Mus\u00e9e national de la Renaissance <\/strong><\/div>\n<\/div>\n\n\n\n<div id=\"wp-block-themeisle-blocks-advanced-column-d7e19e64\" class=\"wp-block-themeisle-blocks-advanced-column\"><div class=\"wp-block-image\">\n<figure class=\"aligncenter size-full is-resized\"><img decoding=\"async\" width=\"274\" height=\"406\" data-src=\"https:\/\/www.lamusereve.fr\/wp-content\/uploads\/2025\/05\/logo-galerie29-evian-7bc24f.svg\" alt=\"\" class=\"wp-image-2147 lazyload\" style=\"--smush-placeholder-width: 274px; --smush-placeholder-aspect-ratio: 274\/406;width:80px;height:80px\" src=\"data:image\/svg+xml;base64,PHN2ZyB3aWR0aD0iMSIgaGVpZ2h0PSIxIiB4bWxucz0iaHR0cDovL3d3dy53My5vcmcvMjAwMC9zdmciPjwvc3ZnPg==\" \/><\/figure>\n<\/div>\n\n\n<div style=\"height:16px\" aria-hidden=\"true\" class=\"wp-block-spacer\"><\/div>\n\n\n\n<div id=\"wp-block-themeisle-blocks-advanced-heading-5fa04428\" class=\"wp-block-themeisle-blocks-advanced-heading wp-block-themeisle-blocks-advanced-heading-5fa04428\"><strong>Galerie 29, \u00c9vian-les-Bains<\/strong><\/div>\n<\/div>\n<\/div><\/section>\n\n\n\n<div style=\"height:70px\" aria-hidden=\"true\" class=\"wp-block-spacer\"><\/div>\n","protected":false},"excerpt":{"rendered":"<p>La muse r\u00eave vous invite \u00e0 plonger dans un univers o\u00f9 l&rsquo;Histoire des Arts rencontre la cr\u00e9ativit\u00e9. Avec des expositions qui changent tous les 2 mois environ, c&rsquo;est comme une f\u00eate artistique qui ne s&rsquo;arr\u00eate jamais ! Et si vous voulez une touche de magie directement chez vous, notre m\u00e9diatrice culturelle peut \u00e9galement se d\u00e9placer [&hellip;]<\/p>\n","protected":false},"author":3,"featured_media":0,"parent":0,"menu_order":0,"comment_status":"closed","ping_status":"closed","template":"","meta":{"ocean_post_layout":"","ocean_both_sidebars_style":"","ocean_both_sidebars_content_width":0,"ocean_both_sidebars_sidebars_width":0,"ocean_sidebar":"","ocean_second_sidebar":"","ocean_disable_margins":"enable","ocean_add_body_class":"","ocean_shortcode_before_top_bar":"","ocean_shortcode_after_top_bar":"","ocean_shortcode_before_header":"","ocean_shortcode_after_header":"","ocean_has_shortcode":"","ocean_shortcode_after_title":"","ocean_shortcode_before_footer_widgets":"","ocean_shortcode_after_footer_widgets":"","ocean_shortcode_before_footer_bottom":"","ocean_shortcode_after_footer_bottom":"","ocean_display_top_bar":"default","ocean_display_header":"default","ocean_header_style":"","ocean_center_header_left_menu":"","ocean_custom_header_template":"","ocean_custom_logo":0,"ocean_custom_retina_logo":0,"ocean_custom_logo_max_width":0,"ocean_custom_logo_tablet_max_width":0,"ocean_custom_logo_mobile_max_width":0,"ocean_custom_logo_max_height":0,"ocean_custom_logo_tablet_max_height":0,"ocean_custom_logo_mobile_max_height":0,"ocean_header_custom_menu":"","ocean_menu_typo_font_family":"","ocean_menu_typo_font_subset":"","ocean_menu_typo_font_size":0,"ocean_menu_typo_font_size_tablet":0,"ocean_menu_typo_font_size_mobile":0,"ocean_menu_typo_font_size_unit":"px","ocean_menu_typo_font_weight":"","ocean_menu_typo_font_weight_tablet":"","ocean_menu_typo_font_weight_mobile":"","ocean_menu_typo_transform":"","ocean_menu_typo_transform_tablet":"","ocean_menu_typo_transform_mobile":"","ocean_menu_typo_line_height":0,"ocean_menu_typo_line_height_tablet":0,"ocean_menu_typo_line_height_mobile":0,"ocean_menu_typo_line_height_unit":"","ocean_menu_typo_spacing":0,"ocean_menu_typo_spacing_tablet":0,"ocean_menu_typo_spacing_mobile":0,"ocean_menu_typo_spacing_unit":"","ocean_menu_link_color":"","ocean_menu_link_color_hover":"","ocean_menu_link_color_active":"","ocean_menu_link_background":"","ocean_menu_link_hover_background":"","ocean_menu_link_active_background":"","ocean_menu_social_links_bg":"","ocean_menu_social_hover_links_bg":"","ocean_menu_social_links_color":"","ocean_menu_social_hover_links_color":"","ocean_disable_title":"default","ocean_disable_heading":"default","ocean_post_title":"","ocean_post_subheading":"","ocean_post_title_style":"","ocean_post_title_background_color":"","ocean_post_title_background":0,"ocean_post_title_bg_image_position":"","ocean_post_title_bg_image_attachment":"","ocean_post_title_bg_image_repeat":"","ocean_post_title_bg_image_size":"","ocean_post_title_height":0,"ocean_post_title_bg_overlay":0.5,"ocean_post_title_bg_overlay_color":"","ocean_disable_breadcrumbs":"on","ocean_breadcrumbs_color":"#188282","ocean_breadcrumbs_separator_color":"#188282","ocean_breadcrumbs_links_color":"#188282","ocean_breadcrumbs_links_hover_color":"#e5945d","ocean_display_footer_widgets":"default","ocean_display_footer_bottom":"default","ocean_custom_footer_template":"","_themeisle_gutenberg_block_has_review":false,"footnotes":""},"class_list":["post-43","page","type-page","status-publish","hentry","entry","owp-thumbs-layout-horizontal","owp-btn-normal","owp-tabs-layout-horizontal","has-no-thumbnails","has-product-nav","circle-sale"],"jetpack_sharing_enabled":true,"_links":{"self":[{"href":"https:\/\/www.lamusereve.fr\/index.php\/wp-json\/wp\/v2\/pages\/43","targetHints":{"allow":["GET"]}}],"collection":[{"href":"https:\/\/www.lamusereve.fr\/index.php\/wp-json\/wp\/v2\/pages"}],"about":[{"href":"https:\/\/www.lamusereve.fr\/index.php\/wp-json\/wp\/v2\/types\/page"}],"author":[{"embeddable":true,"href":"https:\/\/www.lamusereve.fr\/index.php\/wp-json\/wp\/v2\/users\/3"}],"replies":[{"embeddable":true,"href":"https:\/\/www.lamusereve.fr\/index.php\/wp-json\/wp\/v2\/comments?post=43"}],"version-history":[{"count":30,"href":"https:\/\/www.lamusereve.fr\/index.php\/wp-json\/wp\/v2\/pages\/43\/revisions"}],"predecessor-version":[{"id":4415,"href":"https:\/\/www.lamusereve.fr\/index.php\/wp-json\/wp\/v2\/pages\/43\/revisions\/4415"}],"wp:attachment":[{"href":"https:\/\/www.lamusereve.fr\/index.php\/wp-json\/wp\/v2\/media?parent=43"}],"curies":[{"name":"wp","href":"https:\/\/api.w.org\/{rel}","templated":true}]}}