{"id":3957,"date":"2026-01-06T19:41:56","date_gmt":"2026-01-06T18:41:56","guid":{"rendered":"https:\/\/www.lamusereve.fr\/?page_id=3957"},"modified":"2026-01-06T19:41:56","modified_gmt":"2026-01-06T18:41:56","slug":"la-nuit-tous-les-chats-voient-gris","status":"publish","type":"page","link":"https:\/\/www.lamusereve.fr\/index.php\/la-nuit-tous-les-chats-voient-gris\/","title":{"rendered":"La nuit, tous les chats voient gris"},"content":{"rendered":"\n<div class=\"wp-block-media-text is-stacked-on-mobile is-vertically-aligned-center has-background\" style=\"background-color:#ffe1a7;grid-template-columns:37% auto\"><figure class=\"wp-block-media-text__media\"><img fetchpriority=\"high\" decoding=\"async\" width=\"472\" height=\"472\" src=\"https:\/\/www.lamusereve.fr\/wp-content\/uploads\/2025\/09\/Couv-chat-etoiles-e1757060846216-edited.png\" alt=\"\" class=\"wp-image-3193 size-full\" srcset=\"https:\/\/www.lamusereve.fr\/wp-content\/uploads\/2025\/09\/Couv-chat-etoiles-e1757060846216-edited.png 472w, https:\/\/www.lamusereve.fr\/wp-content\/uploads\/2025\/09\/Couv-chat-etoiles-e1757060846216-edited-300x300.png 300w, https:\/\/www.lamusereve.fr\/wp-content\/uploads\/2025\/09\/Couv-chat-etoiles-e1757060846216-edited-150x150.png 150w, https:\/\/www.lamusereve.fr\/wp-content\/uploads\/2025\/09\/Couv-chat-etoiles-e1757060846216-edited-400x400.png 400w, https:\/\/www.lamusereve.fr\/wp-content\/uploads\/2025\/09\/Couv-chat-etoiles-e1757060846216-edited-100x100.png 100w\" sizes=\"(max-width: 472px) 100vw, 472px\" \/><\/figure><div class=\"wp-block-media-text__content\">\n<div style=\"height:20px\" aria-hidden=\"true\" class=\"wp-block-spacer\"><\/div>\n\n\n\n<h1 class=\"wp-block-heading has-text-color has-link-color wp-elements-19b03346bc486aaeef2f4e76b698247c\" style=\"color:#188282\"><em><strong><strong><em>La nuit, tous les chats voient gris<\/em><\/strong><\/strong><\/em><\/h1>\n\n\n\n<h3 class=\"wp-block-heading has-text-color has-link-color wp-elements-786c6648f09c2ae98b4b812041d96f72\" style=\"color:#2b4949\"><strong>Du <\/strong>5 novembre au 31 d\u00e9cembre<\/h3>\n\n\n\n<p class=\"has-text-color has-link-color wp-elements-288fd426dcc5fe0ebbe8a7898ce2066d\" style=\"color:#2b4949;font-size:14px\">Avec les <strong>illustrations originales de Zo\u00e9 Landry<\/strong> de l&rsquo;album <em>Le chat qui voulait voir les \u00e9toiles<\/em> (\u00e9d. La t\u00eate ailleurs)<\/p>\n\n\n\n<p class=\"has-text-color has-link-color wp-elements-8ef0c11150d7dce859f397b97855a20d\" style=\"color:#2b4949;font-size:14px\">Partez avec nous pour un voyage nocturne et po\u00e9tique !<br><br>\u00c0 travers ses illustrations tout en contrastes, Zo\u00e9 Landry nous transporte sur les toits de la ville, dans les pas d\u2019un petit chat curieux. Partant \u00e0 la recherche des \u00e9toiles, il rencontre d\u2019autres animaux, chacun porteur d\u2019une vision du monde. <strong>Une qu\u00eate initiatique qui aborde avec douceur l\u2019\u00e9cologie, la curiosit\u00e9 et la pers\u00e9v\u00e9rance.<\/strong><\/p>\n\n\n\n<p class=\"has-text-color has-link-color wp-elements-02a10edc8b90e995dd00829eab4c4f7f\" style=\"color:#2b4949;font-size:14px\">Les <strong>dessins originaux, r\u00e9alis\u00e9s \u00e0 l\u2019encre<\/strong>, r\u00e9v\u00e8lent toute la magie des nuits urbaines et les clins d\u2019\u0153il \u00e0 la ville de l&rsquo;artiste. Une occasion unique de d\u00e9couvrir son travail minutieux et l\u2019univers po\u00e9tique de l&rsquo;autrice, \u00e0 travers cette exposition pleine de tendresse. <strong>Pour tous les petits et grands enfants qui croient en la magie des \u00e9toiles et la force des r\u00eaves !<\/strong><\/p>\n\n\n\n<p class=\"has-text-color has-link-color wp-elements-8b9138e4bc42d7e96d92da225dfd9f35\" style=\"color:#2b4949;font-size:14px\">Th\u00e8mes : nuit, chat, oiseaux, \u00e9toiles, pollution lumineuse, \u00e9cologie, qu\u00eate, curiosit\u00e9, pers\u00e9v\u00e9rance<\/p>\n\n\n\n<div style=\"height:20px\" aria-hidden=\"true\" class=\"wp-block-spacer\"><\/div>\n<\/div><\/div>\n\n\n\n<div style=\"height:30px\" aria-hidden=\"true\" class=\"wp-block-spacer\"><\/div>\n\n\n\n<p class=\"has-text-align-center has-text-color has-link-color has-medium-font-size wp-elements-4e9c4e7ff18b984b32344303b9508b85\" style=\"color:#a6553c\"><strong>Vernissage-d\u00e9dicace le 5 novembre 2025 \u00e0 17h30<\/strong><\/p>\n\n\n\n<p class=\"has-text-align-center has-text-color has-link-color wp-elements-3696391fe5f6a8233e9256ea8195d26a\" style=\"color:#a6553c;font-size:20px\"><strong>Ateliers de s\u00e9rigraphie avec l&rsquo;artiste le 5 novembre \u00e0 14h et 15h30 <\/strong><\/p>\n\n\n\n<p class=\"has-text-align-center has-text-color has-link-color wp-elements-9d7930cf183cbcbbb93257109b65b383\" style=\"color:#a6553c;font-size:16px\">(sur inscription par mail ou t\u00e9l\u00e9phone)<\/p>\n\n\n<div class=\"wp-block-image\">\n<figure class=\"aligncenter size-full is-resized\"><img decoding=\"async\" width=\"632\" height=\"503\" data-src=\"https:\/\/www.lamusereve.fr\/wp-content\/uploads\/2025\/11\/Zoe-Landry-atelier-serigraphie.png\" alt=\"\" class=\"wp-image-3665 lazyload\" style=\"--smush-placeholder-width: 632px; --smush-placeholder-aspect-ratio: 632\/503;width:336px;height:auto\" data-srcset=\"https:\/\/www.lamusereve.fr\/wp-content\/uploads\/2025\/11\/Zoe-Landry-atelier-serigraphie.png 632w, https:\/\/www.lamusereve.fr\/wp-content\/uploads\/2025\/11\/Zoe-Landry-atelier-serigraphie-300x239.png 300w, https:\/\/www.lamusereve.fr\/wp-content\/uploads\/2025\/11\/Zoe-Landry-atelier-serigraphie-400x318.png 400w\" data-sizes=\"(max-width: 632px) 100vw, 632px\" src=\"data:image\/svg+xml;base64,PHN2ZyB3aWR0aD0iMSIgaGVpZ2h0PSIxIiB4bWxucz0iaHR0cDovL3d3dy53My5vcmcvMjAwMC9zdmciPjwvc3ZnPg==\" \/><\/figure>\n<\/div>\n\n\n<div style=\"height:70px\" aria-hidden=\"true\" class=\"wp-block-spacer\"><\/div>\n\n\n\n<figure class=\"wp-block-gallery has-nested-images columns-default is-cropped is-style-rectangular wp-block-gallery-1 is-layout-flex wp-block-gallery-is-layout-flex\">\n<figure class=\"wp-block-image size-full\"><img decoding=\"async\" width=\"808\" height=\"502\" data-id=\"3181\" data-src=\"https:\/\/www.lamusereve.fr\/wp-content\/uploads\/2025\/09\/Chat-etoiles-1.jpg\" alt=\"\" class=\"wp-image-3181 lazyload\" data-srcset=\"https:\/\/www.lamusereve.fr\/wp-content\/uploads\/2025\/09\/Chat-etoiles-1.jpg 808w, https:\/\/www.lamusereve.fr\/wp-content\/uploads\/2025\/09\/Chat-etoiles-1-300x186.jpg 300w, https:\/\/www.lamusereve.fr\/wp-content\/uploads\/2025\/09\/Chat-etoiles-1-768x477.jpg 768w, https:\/\/www.lamusereve.fr\/wp-content\/uploads\/2025\/09\/Chat-etoiles-1-400x249.jpg 400w\" data-sizes=\"(max-width: 808px) 100vw, 808px\" src=\"data:image\/svg+xml;base64,PHN2ZyB3aWR0aD0iMSIgaGVpZ2h0PSIxIiB4bWxucz0iaHR0cDovL3d3dy53My5vcmcvMjAwMC9zdmciPjwvc3ZnPg==\" style=\"--smush-placeholder-width: 808px; --smush-placeholder-aspect-ratio: 808\/502;\" \/><\/figure>\n\n\n\n<figure class=\"wp-block-image size-full\"><img decoding=\"async\" width=\"805\" height=\"501\" data-id=\"3185\" data-src=\"https:\/\/www.lamusereve.fr\/wp-content\/uploads\/2025\/09\/Chat-etoiles-4.jpg\" alt=\"\" class=\"wp-image-3185 lazyload\" data-srcset=\"https:\/\/www.lamusereve.fr\/wp-content\/uploads\/2025\/09\/Chat-etoiles-4.jpg 805w, https:\/\/www.lamusereve.fr\/wp-content\/uploads\/2025\/09\/Chat-etoiles-4-300x187.jpg 300w, https:\/\/www.lamusereve.fr\/wp-content\/uploads\/2025\/09\/Chat-etoiles-4-768x478.jpg 768w, https:\/\/www.lamusereve.fr\/wp-content\/uploads\/2025\/09\/Chat-etoiles-4-400x249.jpg 400w\" data-sizes=\"(max-width: 805px) 100vw, 805px\" src=\"data:image\/svg+xml;base64,PHN2ZyB3aWR0aD0iMSIgaGVpZ2h0PSIxIiB4bWxucz0iaHR0cDovL3d3dy53My5vcmcvMjAwMC9zdmciPjwvc3ZnPg==\" style=\"--smush-placeholder-width: 805px; --smush-placeholder-aspect-ratio: 805\/501;\" \/><\/figure>\n\n\n\n<figure class=\"wp-block-image size-full\"><img decoding=\"async\" width=\"810\" height=\"504\" data-id=\"3182\" data-src=\"https:\/\/www.lamusereve.fr\/wp-content\/uploads\/2025\/09\/Chat-etoiles-2.jpg\" alt=\"\" class=\"wp-image-3182 lazyload\" data-srcset=\"https:\/\/www.lamusereve.fr\/wp-content\/uploads\/2025\/09\/Chat-etoiles-2.jpg 810w, https:\/\/www.lamusereve.fr\/wp-content\/uploads\/2025\/09\/Chat-etoiles-2-300x187.jpg 300w, https:\/\/www.lamusereve.fr\/wp-content\/uploads\/2025\/09\/Chat-etoiles-2-768x478.jpg 768w, https:\/\/www.lamusereve.fr\/wp-content\/uploads\/2025\/09\/Chat-etoiles-2-400x249.jpg 400w\" data-sizes=\"(max-width: 810px) 100vw, 810px\" src=\"data:image\/svg+xml;base64,PHN2ZyB3aWR0aD0iMSIgaGVpZ2h0PSIxIiB4bWxucz0iaHR0cDovL3d3dy53My5vcmcvMjAwMC9zdmciPjwvc3ZnPg==\" style=\"--smush-placeholder-width: 810px; --smush-placeholder-aspect-ratio: 810\/504;\" \/><\/figure>\n\n\n\n<figure class=\"wp-block-image size-full\"><img decoding=\"async\" width=\"808\" height=\"488\" data-id=\"3183\" data-src=\"https:\/\/www.lamusereve.fr\/wp-content\/uploads\/2025\/09\/Chat-etoiles-3.jpg\" alt=\"\" class=\"wp-image-3183 lazyload\" data-srcset=\"https:\/\/www.lamusereve.fr\/wp-content\/uploads\/2025\/09\/Chat-etoiles-3.jpg 808w, https:\/\/www.lamusereve.fr\/wp-content\/uploads\/2025\/09\/Chat-etoiles-3-300x181.jpg 300w, https:\/\/www.lamusereve.fr\/wp-content\/uploads\/2025\/09\/Chat-etoiles-3-768x464.jpg 768w, https:\/\/www.lamusereve.fr\/wp-content\/uploads\/2025\/09\/Chat-etoiles-3-400x242.jpg 400w\" data-sizes=\"(max-width: 808px) 100vw, 808px\" src=\"data:image\/svg+xml;base64,PHN2ZyB3aWR0aD0iMSIgaGVpZ2h0PSIxIiB4bWxucz0iaHR0cDovL3d3dy53My5vcmcvMjAwMC9zdmciPjwvc3ZnPg==\" style=\"--smush-placeholder-width: 808px; --smush-placeholder-aspect-ratio: 808\/488;\" \/><\/figure>\n<\/figure>\n\n\n\n<p style=\"font-size:12px\">Cr\u00e9dits images : \u00a9Zo\u00e9 Landry\/La t\u00eate ailleurs<\/p>\n\n\n\n<div style=\"height:30px\" aria-hidden=\"true\" class=\"wp-block-spacer\"><\/div>\n\n\n\n<p style=\"font-size:18px\">Vous souhaitez poursuivre la d\u00e9couverte de ce bel univers et en rapporter un souvenir \u00e0 la maison ? Participez \u00e0 un atelier ! Il y en a pour tous les \u00e2ges et tous les go\u00fbts ! <br>Toujours en lien avec l&rsquo;exposition, leur contenu change chaque semaine, pour permettre d&rsquo;explorer la richesse de l&rsquo;esth\u00e9tique de l&rsquo;artiste et des th\u00e9matiques abord\u00e9es \u00e0 travers les images.<\/p>\n\n\n\n<div style=\"height:30px\" aria-hidden=\"true\" class=\"wp-block-spacer\"><\/div>\n\n\n\n<div class=\"wp-block-buttons is-layout-flex wp-block-buttons-is-layout-flex\">\n<div class=\"wp-block-button\"><a class=\"wp-block-button__link has-medium-font-size has-custom-font-size wp-element-button\" href=\"https:\/\/www.lamusereve.fr\/wp-content\/uploads\/2025\/11\/Programme-Nov-Dec-2025-VF_compressed-1.pdf\">Je d\u00e9couvre toute la programmation<\/a><\/div>\n<\/div>\n\n\n\n<div style=\"height:80px\" aria-hidden=\"true\" class=\"wp-block-spacer\"><\/div>\n\n\n\n<h2 class=\"wp-block-heading\">L&rsquo;artiste<\/h2>\n\n\n\n<div class=\"wp-block-columns is-layout-flex wp-container-core-columns-is-layout-9d6595d7 wp-block-columns-is-layout-flex\">\n<div class=\"wp-block-column is-layout-flow wp-block-column-is-layout-flow\" style=\"flex-basis:100%\">\n<div class=\"wp-block-group is-vertical is-layout-flex wp-container-core-group-is-layout-8eef935d wp-block-group-is-layout-flex\" style=\"margin-top:0;margin-bottom:0;padding-top:calc( 0.5 * var(--wp--style--root--padding-right, var(--wp--custom--gap--horizontal)));padding-right:var(--wp--style--root--padding-right, var(--wp--custom--gap--horizontal));padding-bottom:calc( 0.5 * var(--wp--style--root--padding-right, var(--wp--custom--gap--horizontal)));padding-left:var(--wp--style--root--padding-left, var(--wp--custom--gap--horizontal))\">\n<div style=\"height:0px\" aria-hidden=\"true\" class=\"wp-block-spacer wp-container-content-ff24c794\"><\/div>\n\n\n\n<div style=\"height:0px\" aria-hidden=\"true\" class=\"wp-block-spacer wp-container-content-9760934e\"><\/div>\n\n\n\n<div class=\"wp-block-columns are-vertically-aligned-center has-background is-layout-flex wp-container-core-columns-is-layout-3da6863c wp-block-columns-is-layout-flex\" style=\"background-color:#ffe1a7\">\n<div class=\"wp-block-column is-layout-flow wp-block-column-is-layout-flow\" style=\"flex-basis:50px\"><\/div>\n\n\n\n<div class=\"wp-block-column is-vertically-aligned-center is-layout-flow wp-block-column-is-layout-flow\" style=\"flex-basis:450px\">\n<div style=\"height:30px\" aria-hidden=\"true\" class=\"wp-block-spacer\"><\/div>\n\n\n\n<h2 class=\"wp-block-heading has-text-color has-link-color wp-elements-018139cf36a519f56002ccadb6e46275\" style=\"color:#188282\">Zo\u00e9 Landry<\/h2>\n\n\n\n<p class=\"has-text-color has-link-color wp-elements-dc0a89168e810572b900cf91c03912aa\" style=\"color:#2b4949\">Zo\u00e9 Landry est une s\u00e9rigraphe illustratrice Dionysienne. Inspir\u00e9e par les Wax et les textiles du monde entier elle aime jouer avec des couleurs vives et des formes franches. Ses nombreux carnets de voyage sont la source des motifs et des paysages qu&rsquo;elle applique sur des constructions, des textiles, des maquettes et des carnets.<br>Ses voyages l&rsquo;ont fait dessiner, ses dessins vous feront voyager.<\/p>\n\n\n\n<div id=\"wp-block-themeisle-blocks-icon-list-e996d773\" class=\"wp-block-themeisle-blocks-icon-list\">\n<div id=\"wp-block-themeisle-blocks-icon-list-item-332acbb4\" class=\"wp-block-themeisle-blocks-icon-list-item\"><i class=\"far fa-address-card wp-block-themeisle-blocks-icon-list-item-icon\"><\/i><p class=\"wp-block-themeisle-blocks-icon-list-item-content-custom\">> <a href=\"https:\/\/www.lamusereve.fr\/wp-content\/uploads\/2025\/11\/Bio-Zoe-Landry-web.pdf\">Lire notre bio de l&rsquo;artiste<\/a><\/p><\/div>\n\n\n\n<div id=\"wp-block-themeisle-blocks-icon-list-item-da53880f\" class=\"wp-block-themeisle-blocks-icon-list-item\"><i class=\"fas fa-paint-brush wp-block-themeisle-blocks-icon-list-item-icon\"><\/i><p class=\"wp-block-themeisle-blocks-icon-list-item-content\"><em>> <a href=\"https:\/\/cargocollective.com\/zoelandry\" data-type=\"link\" data-id=\"https:\/\/cargocollective.com\/zoelandry\">Voir le site de l&rsquo;artiste<\/a><\/em><\/p><\/div>\n<\/div>\n\n\n\n<div style=\"height:30px\" aria-hidden=\"true\" class=\"wp-block-spacer\"><\/div>\n<\/div>\n\n\n\n<div class=\"wp-block-column is-vertically-aligned-center is-layout-flow wp-block-column-is-layout-flow\"><div class=\"wp-block-image\">\n<figure class=\"aligncenter size-full is-resized has-custom-border\"><img decoding=\"async\" width=\"723\" height=\"723\" data-src=\"https:\/\/www.lamusereve.fr\/wp-content\/uploads\/2025\/09\/portrait-mib-ZOI.jpg\" alt=\"\" class=\"wp-image-3172 lazyload\" style=\"--smush-placeholder-width: 723px; --smush-placeholder-aspect-ratio: 723\/723;border-style:none;border-width:0px;border-radius:100em;object-fit:cover;width:206px;height:auto\" data-srcset=\"https:\/\/www.lamusereve.fr\/wp-content\/uploads\/2025\/09\/portrait-mib-ZOI.jpg 723w, https:\/\/www.lamusereve.fr\/wp-content\/uploads\/2025\/09\/portrait-mib-ZOI-300x300.jpg 300w, https:\/\/www.lamusereve.fr\/wp-content\/uploads\/2025\/09\/portrait-mib-ZOI-150x150.jpg 150w, https:\/\/www.lamusereve.fr\/wp-content\/uploads\/2025\/09\/portrait-mib-ZOI-600x600.jpg 600w, https:\/\/www.lamusereve.fr\/wp-content\/uploads\/2025\/09\/portrait-mib-ZOI-400x400.jpg 400w, https:\/\/www.lamusereve.fr\/wp-content\/uploads\/2025\/09\/portrait-mib-ZOI-100x100.jpg 100w\" data-sizes=\"(max-width: 723px) 100vw, 723px\" src=\"data:image\/svg+xml;base64,PHN2ZyB3aWR0aD0iMSIgaGVpZ2h0PSIxIiB4bWxucz0iaHR0cDovL3d3dy53My5vcmcvMjAwMC9zdmciPjwvc3ZnPg==\" \/><\/figure>\n<\/div><\/div>\n<\/div>\n\n\n\n<div id=\"wp-block-themeisle-blocks-advanced-columns-fe4896f8\" class=\"wp-block-themeisle-blocks-advanced-columns has-1-columns has-desktop-equal-layout has-tablet-equal-layout has-mobile-equal-layout has-vertical-unset\"><div class=\"wp-block-themeisle-blocks-advanced-columns-overlay\"><\/div><div class=\"innerblocks-wrap\">\n<div id=\"wp-block-themeisle-blocks-advanced-column-64fc3739\" class=\"wp-block-themeisle-blocks-advanced-column\"><\/div>\n<\/div><\/div>\n<\/div>\n<\/div>\n<\/div>\n\n\n\n<div style=\"height:80px\" aria-hidden=\"true\" class=\"wp-block-spacer\"><\/div>\n\n\n\n<h2 class=\"wp-block-heading\">Le livre de l&rsquo;exposition<\/h2>\n\n\n\n<div class=\"wp-block-media-text is-stacked-on-mobile is-vertically-aligned-top has-background\" style=\"background-color:#ffe1a7;grid-template-columns:18% auto\"><figure class=\"wp-block-media-text__media\"><img decoding=\"async\" width=\"472\" height=\"589\" data-src=\"https:\/\/www.lamusereve.fr\/wp-content\/uploads\/2025\/08\/Couv-chat-etoiles-e1757060846216.png\" alt=\"\" class=\"wp-image-3136 size-full lazyload\" data-srcset=\"https:\/\/www.lamusereve.fr\/wp-content\/uploads\/2025\/08\/Couv-chat-etoiles-e1757060846216.png 472w, https:\/\/www.lamusereve.fr\/wp-content\/uploads\/2025\/08\/Couv-chat-etoiles-e1757060846216-240x300.png 240w, https:\/\/www.lamusereve.fr\/wp-content\/uploads\/2025\/08\/Couv-chat-etoiles-e1757060846216-400x499.png 400w\" data-sizes=\"(max-width: 472px) 100vw, 472px\" src=\"data:image\/svg+xml;base64,PHN2ZyB3aWR0aD0iMSIgaGVpZ2h0PSIxIiB4bWxucz0iaHR0cDovL3d3dy53My5vcmcvMjAwMC9zdmciPjwvc3ZnPg==\" style=\"--smush-placeholder-width: 472px; --smush-placeholder-aspect-ratio: 472\/589;\" \/><\/figure><div class=\"wp-block-media-text__content\">\n<p><\/p>\n\n\n\n<h3 class=\"wp-block-heading has-text-color has-link-color wp-elements-841452e9e126ddbb795fe0a1e49ecb85\" style=\"color:#188282\"><em><strong>Le chat qui voulait voir les \u00e9toiles<\/strong><\/em><\/h3>\n\n\n\n<p class=\"has-small-font-size\">Texte : <strong>Luna Granada<\/strong> &#8211; Illustrations : <strong>Zo\u00e9 Landry<\/strong><\/p>\n\n\n\n<p class=\"has-small-font-size\">\u00c9diteur : <a href=\"https:\/\/www.lateteailleurs.org\/livres\/le-chat-qui-voulait-voir-les-%C3%A9toiles\/\">La t\u00eate ailleurs<\/a> &#8211; Collection : \u00ab\u00a0D\u00e9ambule\u00a0\u00bb<\/p>\n\n\n\n<p style=\"font-size:14px\">Un jeune chat a un grand r\u00eave : celui de voir les \u00e9toiles. Partant \u00e0 leur recherche, il erre sur les toits et rencontre d\u2019autres animaux qu\u2019il associe \u00e0 sa qu\u00eate. Mais comment admirer les \u00e9toiles, lorsqu\u2019elles sont \u00e9clips\u00e9es par l\u2019abondance des lumi\u00e8res de la ville ?<\/p>\n\n\n\n<p><strong>Un album&nbsp;qui aborde avec po\u00e9sie le th\u00e8me de la pollution lumineuse<\/strong>.<\/p>\n\n\n\n<p class=\"has-small-font-size\">Parution : Novembre 2022 &#8211; R\u00e9impression : Mai 2025 &#8211; 32 pages &#8211; ISBN : 978-2-901942-10-8<\/p>\n\n\n\n<p><strong>En vente chez La muse r\u00eave<\/strong><\/p>\n\n\n\n<p><em>Et plein d&rsquo;autres superbes ouvrages \u00e0 d\u00e9couvrir !<\/em><\/p>\n<\/div><\/div>\n\n\n\n<div style=\"height:70px\" aria-hidden=\"true\" class=\"wp-block-spacer\"><\/div>\n\n\n\n<p><\/p>\n","protected":false},"excerpt":{"rendered":"<p>Vernissage-d\u00e9dicace le 5 novembre 2025 \u00e0 17h30 Ateliers de s\u00e9rigraphie avec l&rsquo;artiste le 5 novembre \u00e0 14h et 15h30 (sur inscription par mail ou t\u00e9l\u00e9phone) Cr\u00e9dits images : \u00a9Zo\u00e9 Landry\/La t\u00eate ailleurs Vous souhaitez poursuivre la d\u00e9couverte de ce bel univers et en rapporter un souvenir \u00e0 la maison ? Participez \u00e0 un atelier ! [&hellip;]<\/p>\n","protected":false},"author":2,"featured_media":0,"parent":0,"menu_order":0,"comment_status":"closed","ping_status":"closed","template":"","meta":{"ocean_post_layout":"","ocean_both_sidebars_style":"","ocean_both_sidebars_content_width":0,"ocean_both_sidebars_sidebars_width":0,"ocean_sidebar":"","ocean_second_sidebar":"","ocean_disable_margins":"enable","ocean_add_body_class":"","ocean_shortcode_before_top_bar":"","ocean_shortcode_after_top_bar":"","ocean_shortcode_before_header":"","ocean_shortcode_after_header":"","ocean_has_shortcode":"","ocean_shortcode_after_title":"","ocean_shortcode_before_footer_widgets":"","ocean_shortcode_after_footer_widgets":"","ocean_shortcode_before_footer_bottom":"","ocean_shortcode_after_footer_bottom":"","ocean_display_top_bar":"default","ocean_display_header":"default","ocean_header_style":"","ocean_center_header_left_menu":"","ocean_custom_header_template":"","ocean_custom_logo":0,"ocean_custom_retina_logo":0,"ocean_custom_logo_max_width":0,"ocean_custom_logo_tablet_max_width":0,"ocean_custom_logo_mobile_max_width":0,"ocean_custom_logo_max_height":0,"ocean_custom_logo_tablet_max_height":0,"ocean_custom_logo_mobile_max_height":0,"ocean_header_custom_menu":"","ocean_menu_typo_font_family":"","ocean_menu_typo_font_subset":"","ocean_menu_typo_font_size":0,"ocean_menu_typo_font_size_tablet":0,"ocean_menu_typo_font_size_mobile":0,"ocean_menu_typo_font_size_unit":"px","ocean_menu_typo_font_weight":"","ocean_menu_typo_font_weight_tablet":"","ocean_menu_typo_font_weight_mobile":"","ocean_menu_typo_transform":"","ocean_menu_typo_transform_tablet":"","ocean_menu_typo_transform_mobile":"","ocean_menu_typo_line_height":0,"ocean_menu_typo_line_height_tablet":0,"ocean_menu_typo_line_height_mobile":0,"ocean_menu_typo_line_height_unit":"","ocean_menu_typo_spacing":0,"ocean_menu_typo_spacing_tablet":0,"ocean_menu_typo_spacing_mobile":0,"ocean_menu_typo_spacing_unit":"","ocean_menu_link_color":"","ocean_menu_link_color_hover":"","ocean_menu_link_color_active":"","ocean_menu_link_background":"","ocean_menu_link_hover_background":"","ocean_menu_link_active_background":"","ocean_menu_social_links_bg":"","ocean_menu_social_hover_links_bg":"","ocean_menu_social_links_color":"","ocean_menu_social_hover_links_color":"","ocean_disable_title":"default","ocean_disable_heading":"default","ocean_post_title":"","ocean_post_subheading":"","ocean_post_title_style":"","ocean_post_title_background_color":"","ocean_post_title_background":0,"ocean_post_title_bg_image_position":"","ocean_post_title_bg_image_attachment":"","ocean_post_title_bg_image_repeat":"","ocean_post_title_bg_image_size":"","ocean_post_title_height":0,"ocean_post_title_bg_overlay":0.5,"ocean_post_title_bg_overlay_color":"","ocean_disable_breadcrumbs":"default","ocean_breadcrumbs_color":"","ocean_breadcrumbs_separator_color":"","ocean_breadcrumbs_links_color":"","ocean_breadcrumbs_links_hover_color":"","ocean_display_footer_widgets":"default","ocean_display_footer_bottom":"default","ocean_custom_footer_template":"","_themeisle_gutenberg_block_has_review":false,"footnotes":""},"class_list":["post-3957","page","type-page","status-publish","hentry","entry","owp-thumbs-layout-horizontal","owp-btn-normal","owp-tabs-layout-horizontal","has-no-thumbnails","has-product-nav","circle-sale"],"jetpack_sharing_enabled":true,"_links":{"self":[{"href":"https:\/\/www.lamusereve.fr\/index.php\/wp-json\/wp\/v2\/pages\/3957","targetHints":{"allow":["GET"]}}],"collection":[{"href":"https:\/\/www.lamusereve.fr\/index.php\/wp-json\/wp\/v2\/pages"}],"about":[{"href":"https:\/\/www.lamusereve.fr\/index.php\/wp-json\/wp\/v2\/types\/page"}],"author":[{"embeddable":true,"href":"https:\/\/www.lamusereve.fr\/index.php\/wp-json\/wp\/v2\/users\/2"}],"replies":[{"embeddable":true,"href":"https:\/\/www.lamusereve.fr\/index.php\/wp-json\/wp\/v2\/comments?post=3957"}],"version-history":[{"count":1,"href":"https:\/\/www.lamusereve.fr\/index.php\/wp-json\/wp\/v2\/pages\/3957\/revisions"}],"predecessor-version":[{"id":3962,"href":"https:\/\/www.lamusereve.fr\/index.php\/wp-json\/wp\/v2\/pages\/3957\/revisions\/3962"}],"wp:attachment":[{"href":"https:\/\/www.lamusereve.fr\/index.php\/wp-json\/wp\/v2\/media?parent=3957"}],"curies":[{"name":"wp","href":"https:\/\/api.w.org\/{rel}","templated":true}]}}