{"id":3162,"date":"2025-09-05T10:25:31","date_gmt":"2025-09-05T08:25:31","guid":{"rendered":"https:\/\/www.lamusereve.fr\/?page_id=3162"},"modified":"2025-09-05T10:25:31","modified_gmt":"2025-09-05T08:25:31","slug":"un-si-doux-ete","status":"publish","type":"page","link":"https:\/\/www.lamusereve.fr\/index.php\/un-si-doux-ete\/","title":{"rendered":"Un si doux \u00e9t\u00e9"},"content":{"rendered":"\n<div class=\"wp-block-media-text is-stacked-on-mobile is-vertically-aligned-center has-background\" style=\"background-color:#ffe1a7;grid-template-columns:40% auto\"><figure class=\"wp-block-media-text__media\"><img fetchpriority=\"high\" decoding=\"async\" width=\"422\" height=\"421\" src=\"https:\/\/www.lamusereve.fr\/wp-content\/uploads\/2025\/02\/N.-BOUROUAHA_Lecture-dete.png\" alt=\"\" class=\"wp-image-1197 size-full\" srcset=\"https:\/\/www.lamusereve.fr\/wp-content\/uploads\/2025\/02\/N.-BOUROUAHA_Lecture-dete.png 422w, https:\/\/www.lamusereve.fr\/wp-content\/uploads\/2025\/02\/N.-BOUROUAHA_Lecture-dete-300x300.png 300w, https:\/\/www.lamusereve.fr\/wp-content\/uploads\/2025\/02\/N.-BOUROUAHA_Lecture-dete-100x100.png 100w, https:\/\/www.lamusereve.fr\/wp-content\/uploads\/2025\/02\/N.-BOUROUAHA_Lecture-dete-400x399.png 400w, https:\/\/www.lamusereve.fr\/wp-content\/uploads\/2025\/02\/N.-BOUROUAHA_Lecture-dete-150x150.png 150w\" sizes=\"(max-width: 422px) 100vw, 422px\" \/><\/figure><div class=\"wp-block-media-text__content\">\n<h1 class=\"wp-block-heading has-text-color has-link-color wp-elements-5b4edb38322ab44b7a435f1f00360873\" style=\"color:#188282\"><em><strong>Un si doux \u00e9t\u00e9<\/strong><\/em><\/h1>\n\n\n\n<h3 class=\"wp-block-heading has-text-color has-link-color wp-elements-af537f24ecf5eb16178142d4d764b50c\" style=\"color:#188282\">Du 25 juin au 29 ao\u00fbt 2025<\/h3>\n\n\n\n<p class=\"has-text-color has-link-color wp-elements-24229769ef00a97e892fb6e9140d9a43\" style=\"color:#188282;font-size:14px\">Avec des \u0153uvres originales et tirages d&rsquo;art de Nejma Bourouaha, dont certaines sont \u00e0 l&rsquo;origine des illustrations de l&rsquo;album <em>Shamal et Bora la bourrasque<\/em>, (\u00e9d. Didier Jeunesse, collection \u00ab\u00a0Ronronneurs\u00a0\u00bb).<\/p>\n\n\n\n<p class=\"has-text-color has-link-color wp-elements-ae2f5cc48d84375313ca51940d7f7e6d\" style=\"color:#188282;font-size:14px\"><strong>Shamal, une petite taupe solitaire, s&rsquo;installe dans un igloo de sable. Tout est paisible, jusqu&rsquo;\u00e0 ce qu&rsquo;une boule d&rsquo;aiguilles pouss\u00e9e par un courant d&rsquo;air d\u00e9barque. Un nez pointu, deux yeux clos et un manteau d&rsquo;\u00e9pines&#8230; C&rsquo;est une h\u00e9rissonne, elle s&rsquo;appelle Bora.<\/strong> <strong>Un texte plein de dr\u00f4lerie et de po\u00e9sie qui interpelle les enfants sur le vivre ensemble et la diff\u00e9rence. Une histoire touchante, subtilement mise en images par la touche d\u00e9licate de l&rsquo;artiste : un style remarquable, hommage aux grands ma\u00eetres impressionnistes. <\/strong><\/p>\n\n\n\n<p class=\"has-text-color has-link-color wp-elements-b83041e51253e37d782655a2e93699a3\" style=\"color:#188282;font-size:13px\">Th\u00e8mes : amiti\u00e9, entraide, diff\u00e9rence, animaux, for\u00eat, humour<\/p>\n<\/div><\/div>\n\n\n\n<div style=\"height:100px\" aria-hidden=\"true\" class=\"wp-block-spacer\"><\/div>\n\n\n\n<figure class=\"wp-block-gallery has-nested-images columns-default is-cropped is-style-rectangular wp-block-gallery-1 is-layout-flex wp-block-gallery-is-layout-flex\">\n<figure class=\"wp-block-image size-full\"><img decoding=\"async\" width=\"401\" height=\"400\" data-id=\"2288\" data-src=\"https:\/\/www.lamusereve.fr\/wp-content\/uploads\/2025\/05\/N.-BOUROUAHA_Le-petit-dejeuner.png\" alt=\"\" class=\"wp-image-2288 lazyload\" data-srcset=\"https:\/\/www.lamusereve.fr\/wp-content\/uploads\/2025\/05\/N.-BOUROUAHA_Le-petit-dejeuner.png 401w, https:\/\/www.lamusereve.fr\/wp-content\/uploads\/2025\/05\/N.-BOUROUAHA_Le-petit-dejeuner-300x300.png 300w, https:\/\/www.lamusereve.fr\/wp-content\/uploads\/2025\/05\/N.-BOUROUAHA_Le-petit-dejeuner-150x150.png 150w, https:\/\/www.lamusereve.fr\/wp-content\/uploads\/2025\/05\/N.-BOUROUAHA_Le-petit-dejeuner-100x100.png 100w\" data-sizes=\"(max-width: 401px) 100vw, 401px\" src=\"data:image\/svg+xml;base64,PHN2ZyB3aWR0aD0iMSIgaGVpZ2h0PSIxIiB4bWxucz0iaHR0cDovL3d3dy53My5vcmcvMjAwMC9zdmciPjwvc3ZnPg==\" style=\"--smush-placeholder-width: 401px; --smush-placeholder-aspect-ratio: 401\/400;\" \/><\/figure>\n\n\n\n<figure class=\"wp-block-image size-full\"><img decoding=\"async\" width=\"517\" height=\"519\" data-id=\"2289\" data-src=\"https:\/\/www.lamusereve.fr\/wp-content\/uploads\/2025\/05\/N.-BOUROUAHA_La-tarte-aux-pommes.png\" alt=\"\" class=\"wp-image-2289 lazyload\" data-srcset=\"https:\/\/www.lamusereve.fr\/wp-content\/uploads\/2025\/05\/N.-BOUROUAHA_La-tarte-aux-pommes.png 517w, https:\/\/www.lamusereve.fr\/wp-content\/uploads\/2025\/05\/N.-BOUROUAHA_La-tarte-aux-pommes-300x300.png 300w, https:\/\/www.lamusereve.fr\/wp-content\/uploads\/2025\/05\/N.-BOUROUAHA_La-tarte-aux-pommes-150x150.png 150w, https:\/\/www.lamusereve.fr\/wp-content\/uploads\/2025\/05\/N.-BOUROUAHA_La-tarte-aux-pommes-400x402.png 400w, https:\/\/www.lamusereve.fr\/wp-content\/uploads\/2025\/05\/N.-BOUROUAHA_La-tarte-aux-pommes-100x100.png 100w\" data-sizes=\"(max-width: 517px) 100vw, 517px\" src=\"data:image\/svg+xml;base64,PHN2ZyB3aWR0aD0iMSIgaGVpZ2h0PSIxIiB4bWxucz0iaHR0cDovL3d3dy53My5vcmcvMjAwMC9zdmciPjwvc3ZnPg==\" style=\"--smush-placeholder-width: 517px; --smush-placeholder-aspect-ratio: 517\/519;\" \/><\/figure>\n\n\n\n<figure class=\"wp-block-image size-full\"><img decoding=\"async\" width=\"401\" height=\"401\" data-id=\"2290\" data-src=\"https:\/\/www.lamusereve.fr\/wp-content\/uploads\/2025\/05\/N.-BOUROUAHA_La-soupe-aux-fleurs.png\" alt=\"\" class=\"wp-image-2290 lazyload\" data-srcset=\"https:\/\/www.lamusereve.fr\/wp-content\/uploads\/2025\/05\/N.-BOUROUAHA_La-soupe-aux-fleurs.png 401w, https:\/\/www.lamusereve.fr\/wp-content\/uploads\/2025\/05\/N.-BOUROUAHA_La-soupe-aux-fleurs-300x300.png 300w, https:\/\/www.lamusereve.fr\/wp-content\/uploads\/2025\/05\/N.-BOUROUAHA_La-soupe-aux-fleurs-150x150.png 150w, https:\/\/www.lamusereve.fr\/wp-content\/uploads\/2025\/05\/N.-BOUROUAHA_La-soupe-aux-fleurs-100x100.png 100w\" data-sizes=\"(max-width: 401px) 100vw, 401px\" src=\"data:image\/svg+xml;base64,PHN2ZyB3aWR0aD0iMSIgaGVpZ2h0PSIxIiB4bWxucz0iaHR0cDovL3d3dy53My5vcmcvMjAwMC9zdmciPjwvc3ZnPg==\" style=\"--smush-placeholder-width: 401px; --smush-placeholder-aspect-ratio: 401\/401;\" \/><\/figure>\n\n\n\n<figure class=\"wp-block-image size-full\"><img decoding=\"async\" width=\"952\" height=\"433\" data-id=\"2296\" data-src=\"https:\/\/www.lamusereve.fr\/wp-content\/uploads\/2025\/05\/N.-BOUROUAHA_Les-clapotis.png\" alt=\"\" class=\"wp-image-2296 lazyload\" data-srcset=\"https:\/\/www.lamusereve.fr\/wp-content\/uploads\/2025\/05\/N.-BOUROUAHA_Les-clapotis.png 952w, https:\/\/www.lamusereve.fr\/wp-content\/uploads\/2025\/05\/N.-BOUROUAHA_Les-clapotis-300x136.png 300w, https:\/\/www.lamusereve.fr\/wp-content\/uploads\/2025\/05\/N.-BOUROUAHA_Les-clapotis-768x349.png 768w, https:\/\/www.lamusereve.fr\/wp-content\/uploads\/2025\/05\/N.-BOUROUAHA_Les-clapotis-400x182.png 400w\" data-sizes=\"(max-width: 952px) 100vw, 952px\" src=\"data:image\/svg+xml;base64,PHN2ZyB3aWR0aD0iMSIgaGVpZ2h0PSIxIiB4bWxucz0iaHR0cDovL3d3dy53My5vcmcvMjAwMC9zdmciPjwvc3ZnPg==\" style=\"--smush-placeholder-width: 952px; --smush-placeholder-aspect-ratio: 952\/433;\" \/><\/figure>\n\n\n\n<figure class=\"wp-block-image size-full\"><img decoding=\"async\" width=\"522\" height=\"517\" data-id=\"2291\" data-src=\"https:\/\/www.lamusereve.fr\/wp-content\/uploads\/2025\/05\/N.-BOUROUAHA_La-cueillette.png\" alt=\"\" class=\"wp-image-2291 lazyload\" data-srcset=\"https:\/\/www.lamusereve.fr\/wp-content\/uploads\/2025\/05\/N.-BOUROUAHA_La-cueillette.png 522w, https:\/\/www.lamusereve.fr\/wp-content\/uploads\/2025\/05\/N.-BOUROUAHA_La-cueillette-300x297.png 300w, https:\/\/www.lamusereve.fr\/wp-content\/uploads\/2025\/05\/N.-BOUROUAHA_La-cueillette-150x150.png 150w, https:\/\/www.lamusereve.fr\/wp-content\/uploads\/2025\/05\/N.-BOUROUAHA_La-cueillette-400x396.png 400w, https:\/\/www.lamusereve.fr\/wp-content\/uploads\/2025\/05\/N.-BOUROUAHA_La-cueillette-100x100.png 100w\" data-sizes=\"(max-width: 522px) 100vw, 522px\" src=\"data:image\/svg+xml;base64,PHN2ZyB3aWR0aD0iMSIgaGVpZ2h0PSIxIiB4bWxucz0iaHR0cDovL3d3dy53My5vcmcvMjAwMC9zdmciPjwvc3ZnPg==\" style=\"--smush-placeholder-width: 522px; --smush-placeholder-aspect-ratio: 522\/517;\" \/><\/figure>\n<\/figure>\n\n\n\n<p style=\"font-size:12px\">Cr\u00e9dits images : \u00a9La Slow Galerie, Paris<\/p>\n\n\n\n<div style=\"height:80px\" aria-hidden=\"true\" class=\"wp-block-spacer\"><\/div>\n\n\n\n<h2 class=\"wp-block-heading\">L&rsquo;artiste <\/h2>\n\n\n\n<div class=\"wp-block-columns are-vertically-aligned-center has-background is-layout-flex wp-container-core-columns-is-layout-3da6863c wp-block-columns-is-layout-flex\" style=\"background-color:#ffe1a7\">\n<div class=\"wp-block-column is-layout-flow wp-block-column-is-layout-flow\" style=\"flex-basis:50px\"><\/div>\n\n\n\n<div class=\"wp-block-column is-vertically-aligned-center is-layout-flow wp-block-column-is-layout-flow\" style=\"flex-basis:450px\">\n<div style=\"height:30px\" aria-hidden=\"true\" class=\"wp-block-spacer\"><\/div>\n\n\n\n<h2 class=\"wp-block-heading has-text-color has-link-color wp-elements-ae27da03188c9687de0f572a3c68aa1a\" style=\"color:#188282\">Nejma Bourouaha<\/h2>\n\n\n\n<p class=\"has-text-align-left has-text-color has-link-color wp-elements-dd346c879b412edf56a3b5fec7f730bb\" style=\"color:#188282\">De la gouache et des pinceaux pointus, des for\u00eats, des animaux touffus. Nejma Bourouaha dessine des histoires anodines avec un regard amus\u00e9 sur le quotidien loufoque de sa for\u00eat imaginaire. Dipl\u00f4m\u00e9e de l\u2019\u00c9cole \u00c9mile Cohl (Lyon) en 2007, son travail est inspir\u00e9 des illustrations russes et des couleurs impressionnistes. Ses images r\u00e9confortantes portent les traces de ses lectures d&rsquo;enfance. Elle est repr\u00e9sent\u00e9e par <a href=\"https:\/\/www.slowgalerie.com\/fr\/\">La Slow Galerie<\/a> (Paris).<\/p>\n\n\n\n<div id=\"wp-block-themeisle-blocks-icon-list-e996d773\" class=\"wp-block-themeisle-blocks-icon-list\">\n<div id=\"wp-block-themeisle-blocks-icon-list-item-5dc8cbf1\" class=\"wp-block-themeisle-blocks-icon-list-item\"><i class=\"far fa-address-card wp-block-themeisle-blocks-icon-list-item-icon\"><\/i><p class=\"wp-block-themeisle-blocks-icon-list-item-content\"><em>> <a href=\"https:\/\/www.lamusereve.fr\/wp-content\/uploads\/2025\/05\/Bio-Nejma-Bourouaha-web.pdf\" target=\"_blank\" rel=\"noreferrer noopener\">Voir la fiche d&rsquo;identit\u00e9 de l&rsquo;artiste<\/a><\/em><\/p><\/div>\n\n\n\n<div id=\"wp-block-themeisle-blocks-icon-list-item-da53880f\" class=\"wp-block-themeisle-blocks-icon-list-item\"><i class=\"fas fa-paint-brush wp-block-themeisle-blocks-icon-list-item-icon\"><\/i><p class=\"wp-block-themeisle-blocks-icon-list-item-content\"><em>> <a href=\"https:\/\/www.slowgalerie.com\/fr\/nejma-bourouaha\/11976-nejma-bourouaha-artiste.html\" target=\"_blank\" rel=\"noreferrer noopener\">Voir le site de l&rsquo;artiste<\/a><\/em><\/p><\/div>\n\n\n\n<div id=\"wp-block-themeisle-blocks-icon-list-item-daecb956\" class=\"wp-block-themeisle-blocks-icon-list-item\"><i class=\"fas fa-podcast wp-block-themeisle-blocks-icon-list-item-icon\"><\/i><p class=\"wp-block-themeisle-blocks-icon-list-item-content\"><em>> <a href=\"https:\/\/smartlink.ausha.co\/la-bonne-aventure\/22e-episode-de-la-bonne-aventure-avec-nejma-bourouaha\" target=\"_blank\" rel=\"noreferrer noopener\">\u00c9couter son interview dans le podcast La Bonne aventure<\/a><\/em><\/p><\/div>\n<\/div>\n\n\n\n<div style=\"height:30px\" aria-hidden=\"true\" class=\"wp-block-spacer\"><\/div>\n<\/div>\n\n\n\n<div class=\"wp-block-column is-vertically-aligned-center is-layout-flow wp-block-column-is-layout-flow\"><div class=\"wp-block-image\">\n<figure class=\"aligncenter size-full is-resized has-custom-border\"><img decoding=\"async\" width=\"460\" height=\"613\" data-src=\"https:\/\/www.lamusereve.fr\/wp-content\/uploads\/2025\/02\/nejma-bourouaha-artiste.jpg\" alt=\"\" class=\"wp-image-1272 lazyload\" style=\"--smush-placeholder-width: 460px; --smush-placeholder-aspect-ratio: 460\/613;border-style:none;border-width:0px;border-radius:100em;object-fit:cover;width:250px;height:250px\" data-srcset=\"https:\/\/www.lamusereve.fr\/wp-content\/uploads\/2025\/02\/nejma-bourouaha-artiste.jpg 460w, https:\/\/www.lamusereve.fr\/wp-content\/uploads\/2025\/02\/nejma-bourouaha-artiste-400x533.jpg 400w, https:\/\/www.lamusereve.fr\/wp-content\/uploads\/2025\/02\/nejma-bourouaha-artiste-225x300.jpg 225w\" data-sizes=\"(max-width: 460px) 100vw, 460px\" src=\"data:image\/svg+xml;base64,PHN2ZyB3aWR0aD0iMSIgaGVpZ2h0PSIxIiB4bWxucz0iaHR0cDovL3d3dy53My5vcmcvMjAwMC9zdmciPjwvc3ZnPg==\" \/><\/figure>\n<\/div><\/div>\n\n\n\n<div class=\"wp-block-column is-layout-flow wp-block-column-is-layout-flow\" style=\"flex-basis:50px\"><\/div>\n<\/div>\n\n\n\n<div style=\"height:80px\" aria-hidden=\"true\" class=\"wp-block-spacer\"><\/div>\n\n\n\n<h2 class=\"wp-block-heading\">Le livre de l&rsquo;exposition<\/h2>\n\n\n\n<div class=\"wp-block-media-text is-stacked-on-mobile is-vertically-aligned-top has-background\" style=\"background-color:#ffe1a7;grid-template-columns:19% auto\"><figure class=\"wp-block-media-text__media\"><img decoding=\"async\" width=\"780\" height=\"704\" data-src=\"https:\/\/www.lamusereve.fr\/wp-content\/uploads\/2025\/05\/Couv-Shamal-et-Bora.webp\" alt=\"\" class=\"wp-image-2096 size-full lazyload\" data-srcset=\"https:\/\/www.lamusereve.fr\/wp-content\/uploads\/2025\/05\/Couv-Shamal-et-Bora.webp 780w, https:\/\/www.lamusereve.fr\/wp-content\/uploads\/2025\/05\/Couv-Shamal-et-Bora-300x271.webp 300w, https:\/\/www.lamusereve.fr\/wp-content\/uploads\/2025\/05\/Couv-Shamal-et-Bora-768x693.webp 768w, https:\/\/www.lamusereve.fr\/wp-content\/uploads\/2025\/05\/Couv-Shamal-et-Bora-400x361.webp 400w\" data-sizes=\"(max-width: 780px) 100vw, 780px\" src=\"data:image\/svg+xml;base64,PHN2ZyB3aWR0aD0iMSIgaGVpZ2h0PSIxIiB4bWxucz0iaHR0cDovL3d3dy53My5vcmcvMjAwMC9zdmciPjwvc3ZnPg==\" style=\"--smush-placeholder-width: 780px; --smush-placeholder-aspect-ratio: 780\/704;\" \/><\/figure><div class=\"wp-block-media-text__content\">\n<p><\/p>\n\n\n\n<h3 class=\"wp-block-heading has-text-color has-link-color wp-elements-275e0ca06edae18d5e87ae18922327bd\" style=\"color:#571e40\"><em><strong>Shamal et Bora la bourrasque<\/strong><\/em><\/h3>\n\n\n\n<p class=\"has-small-font-size\">Autrice et illustratrice : Nejma Bourouaha<\/p>\n\n\n\n<p class=\"has-small-font-size\">\u00c9diteur : <a href=\"https:\/\/www.didier-jeunesse.com\/\" target=\"_blank\" rel=\"noreferrer noopener\">Didier Jeunesse \u203a<\/a><\/p>\n\n\n\n<p class=\"has-small-font-size\">\u00ab\u00a0Dans la touffeur du jour, Shamal emm\u00e9nage dans un igloo de sable. Tous les soirs, elle ouvre son herbier et contemple sa feuille favorite : la feuille de ronronnier. Une nuit, un craquement \u00e0 la porte\u2026 C\u2019est Bora, qui d\u00e9barque comme une bourrasque, et roule du salon jusqu\u2019au lit de Shamal ! Bora chantonne, gigote, et s\u2019impose dans la vie bien rang\u00e9e de Shamal, qui bougonne un peu. Elles vont devoir composer ensemble, mais la cohabitation est parfois cotonneuse\u2026 Comment vivre ensemble lorsqu\u2019on est diff\u00e9rents ?\u00a0\u00bb (pr\u00e9sentation de l&rsquo;\u00e9diteur)<\/p>\n\n\n\n<p class=\"has-small-font-size\">Parution : Janvier 2025 &#8211; 70 pages &#8211; ISBN : 978-2-2781-3072-6<\/p>\n<\/div><\/div>\n\n\n\n<div style=\"height:70px\" aria-hidden=\"true\" class=\"wp-block-spacer\"><\/div>\n","protected":false},"excerpt":{"rendered":"<p>Un si doux \u00e9t\u00e9 Du 25 juin au 29 ao\u00fbt 2025 Avec des \u0153uvres originales et tirages d&rsquo;art de Nejma Bourouaha, dont certaines sont \u00e0 l&rsquo;origine des illustrations de l&rsquo;album Shamal et Bora la bourrasque, (\u00e9d. Didier Jeunesse, collection \u00ab\u00a0Ronronneurs\u00a0\u00bb). Shamal, une petite taupe solitaire, s&rsquo;installe dans un igloo de sable. Tout est paisible, jusqu&rsquo;\u00e0 [&hellip;]<\/p>\n","protected":false},"author":2,"featured_media":0,"parent":0,"menu_order":0,"comment_status":"closed","ping_status":"closed","template":"","meta":{"ocean_post_layout":"","ocean_both_sidebars_style":"","ocean_both_sidebars_content_width":0,"ocean_both_sidebars_sidebars_width":0,"ocean_sidebar":"","ocean_second_sidebar":"","ocean_disable_margins":"enable","ocean_add_body_class":"","ocean_shortcode_before_top_bar":"","ocean_shortcode_after_top_bar":"","ocean_shortcode_before_header":"","ocean_shortcode_after_header":"","ocean_has_shortcode":"","ocean_shortcode_after_title":"","ocean_shortcode_before_footer_widgets":"","ocean_shortcode_after_footer_widgets":"","ocean_shortcode_before_footer_bottom":"","ocean_shortcode_after_footer_bottom":"","ocean_display_top_bar":"default","ocean_display_header":"default","ocean_header_style":"","ocean_center_header_left_menu":"","ocean_custom_header_template":"","ocean_custom_logo":0,"ocean_custom_retina_logo":0,"ocean_custom_logo_max_width":0,"ocean_custom_logo_tablet_max_width":0,"ocean_custom_logo_mobile_max_width":0,"ocean_custom_logo_max_height":0,"ocean_custom_logo_tablet_max_height":0,"ocean_custom_logo_mobile_max_height":0,"ocean_header_custom_menu":"","ocean_menu_typo_font_family":"","ocean_menu_typo_font_subset":"","ocean_menu_typo_font_size":0,"ocean_menu_typo_font_size_tablet":0,"ocean_menu_typo_font_size_mobile":0,"ocean_menu_typo_font_size_unit":"px","ocean_menu_typo_font_weight":"","ocean_menu_typo_font_weight_tablet":"","ocean_menu_typo_font_weight_mobile":"","ocean_menu_typo_transform":"","ocean_menu_typo_transform_tablet":"","ocean_menu_typo_transform_mobile":"","ocean_menu_typo_line_height":0,"ocean_menu_typo_line_height_tablet":0,"ocean_menu_typo_line_height_mobile":0,"ocean_menu_typo_line_height_unit":"","ocean_menu_typo_spacing":0,"ocean_menu_typo_spacing_tablet":0,"ocean_menu_typo_spacing_mobile":0,"ocean_menu_typo_spacing_unit":"","ocean_menu_link_color":"","ocean_menu_link_color_hover":"","ocean_menu_link_color_active":"","ocean_menu_link_background":"","ocean_menu_link_hover_background":"","ocean_menu_link_active_background":"","ocean_menu_social_links_bg":"","ocean_menu_social_hover_links_bg":"","ocean_menu_social_links_color":"","ocean_menu_social_hover_links_color":"","ocean_disable_title":"default","ocean_disable_heading":"default","ocean_post_title":"","ocean_post_subheading":"","ocean_post_title_style":"","ocean_post_title_background_color":"","ocean_post_title_background":0,"ocean_post_title_bg_image_position":"","ocean_post_title_bg_image_attachment":"","ocean_post_title_bg_image_repeat":"","ocean_post_title_bg_image_size":"","ocean_post_title_height":0,"ocean_post_title_bg_overlay":0.5,"ocean_post_title_bg_overlay_color":"","ocean_disable_breadcrumbs":"default","ocean_breadcrumbs_color":"","ocean_breadcrumbs_separator_color":"","ocean_breadcrumbs_links_color":"","ocean_breadcrumbs_links_hover_color":"","ocean_display_footer_widgets":"default","ocean_display_footer_bottom":"default","ocean_custom_footer_template":"","_themeisle_gutenberg_block_has_review":false,"footnotes":""},"class_list":["post-3162","page","type-page","status-publish","hentry","entry","owp-thumbs-layout-horizontal","owp-btn-normal","owp-tabs-layout-horizontal","has-no-thumbnails","has-product-nav","circle-sale"],"jetpack_sharing_enabled":true,"_links":{"self":[{"href":"https:\/\/www.lamusereve.fr\/index.php\/wp-json\/wp\/v2\/pages\/3162","targetHints":{"allow":["GET"]}}],"collection":[{"href":"https:\/\/www.lamusereve.fr\/index.php\/wp-json\/wp\/v2\/pages"}],"about":[{"href":"https:\/\/www.lamusereve.fr\/index.php\/wp-json\/wp\/v2\/types\/page"}],"author":[{"embeddable":true,"href":"https:\/\/www.lamusereve.fr\/index.php\/wp-json\/wp\/v2\/users\/2"}],"replies":[{"embeddable":true,"href":"https:\/\/www.lamusereve.fr\/index.php\/wp-json\/wp\/v2\/comments?post=3162"}],"version-history":[{"count":2,"href":"https:\/\/www.lamusereve.fr\/index.php\/wp-json\/wp\/v2\/pages\/3162\/revisions"}],"predecessor-version":[{"id":3165,"href":"https:\/\/www.lamusereve.fr\/index.php\/wp-json\/wp\/v2\/pages\/3162\/revisions\/3165"}],"wp:attachment":[{"href":"https:\/\/www.lamusereve.fr\/index.php\/wp-json\/wp\/v2\/media?parent=3162"}],"curies":[{"name":"wp","href":"https:\/\/api.w.org\/{rel}","templated":true}]}}