{"id":2978,"date":"2025-08-19T12:54:22","date_gmt":"2025-08-19T10:54:22","guid":{"rendered":"https:\/\/www.lamusereve.fr\/?page_id=2978"},"modified":"2026-02-27T14:52:03","modified_gmt":"2026-02-27T13:52:03","slug":"lart-de-deguster-anniversaire-partissier-4-10-ans","status":"publish","type":"page","link":"https:\/\/www.lamusereve.fr\/index.php\/lart-de-deguster-anniversaire-partissier-4-10-ans\/","title":{"rendered":"L&rsquo;art de d\u00e9guster | Anniversaire \u00ab\u00a0partissier\u00a0\u00bb 4-10 ans"},"content":{"rendered":"\n<section id=\"wp-block-themeisle-blocks-advanced-columns-335a2f03\" class=\"wp-block-themeisle-blocks-advanced-columns alignwide has-2-columns has-desktop-equal-layout has-tablet-equal-layout has-mobile-collapsedRows-layout has-vertical-unset has-vertical-undefined has-light-bg\"><div class=\"wp-block-themeisle-blocks-advanced-columns-overlay\"><\/div><div class=\"innerblocks-wrap\">\n<div id=\"wp-block-themeisle-blocks-advanced-column-5d90343f\" class=\"wp-block-themeisle-blocks-advanced-column\">\n<section id=\"wp-block-themeisle-blocks-advanced-columns-b2ead1d6\" class=\"wp-block-themeisle-blocks-advanced-columns has-1-columns has-desktop-equal-layout has-tablet-equal-layout has-mobile-collapsedRows-layout has-vertical-center\"><div class=\"wp-block-themeisle-blocks-advanced-columns-overlay\"><\/div><div class=\"innerblocks-wrap\">\n<div id=\"wp-block-themeisle-blocks-advanced-column-7c705a1c\" class=\"wp-block-themeisle-blocks-advanced-column\">\n<h2 class=\"wp-block-heading\">Une formule unique pour les petits artistes gourmands !<\/h2>\n\n\n\n<p style=\"font-size:16px\">En avant pour une <strong>visite ludique de l&rsquo;exposition<\/strong> ou une <strong>immersion litt\u00e9raire et artistique en lien avec le th\u00e8me choisi <\/strong>(<a href=\"https:\/\/www.lamusereve.fr\/index.php\/choisissez-laventure-de-votre-enfant\/\">voir parmi ceux propos\u00e9s<\/a>) ! Apr\u00e8s ce beau voyage et un temps de jeu pour retenir tout cela en s&rsquo;amusant, il est temps d&rsquo;enfiler son tablier pour cr\u00e9er son <strong>\u0153uvre gourmande<\/strong> : les enfants s\u2019inspirent de tout ce qu\u2019ils ont d\u00e9couvert pour d\u00e9couper et d\u00e9corer leur propre <strong>cr\u00e9ation<\/strong> (une g\u00e9noise du parfum de leur choix, \u00e0 emporte-pi\u00e8cer et illustrer selon son envie !). <strong>Une mani\u00e8re ludique de lier l\u2019art au go\u00fbt !<\/strong><\/p>\n\n\n\n<p style=\"font-size:16px\">Pour r\u00e9sumer, un anniversaire <strong>L&rsquo;art de d\u00e9guster<\/strong>, c&rsquo;est :<\/p>\n\n\n\n<ul class=\"wp-block-list\">\n<li style=\"font-size:16px\">1 visite ludique privative de l&rsquo;exposition ou une immersion litt\u00e9raire et artistique dans le th\u00e8me choisi<\/li>\n\n\n\n<li style=\"font-size:16px\">1 temps de jeux collaboratifs et sensoriels<\/li>\n\n\n\n<li style=\"font-size:16px\">1 atelier alliant art et p\u00e2tisserie avec d\u00e9gustation de sa cr\u00e9ation<\/li>\n<\/ul>\n\n\n\n<p style=\"font-size:15px\">Certains <strong>samedis apr\u00e8s-midis<\/strong> (voir calendrier ci-dessous)<\/p>\n\n\n\n<p style=\"font-size:15px\">Dur\u00e9e : 2h<\/p>\n\n\n\n<p style=\"font-size:15px\">Forfait de base : <strong>165 \u20ac pour 6 enfants<\/strong> (l&rsquo;atelier se d\u00e9roule avec un adulte accompagnateur pour les moins de 6 ans ; sans pour les plus de 6 ans). Temps du go\u00fbter compris.<\/p>\n\n\n\n<p><em>Possibilit\u00e9 de personnaliser le th\u00e8me (nous contacter par mail ou via notre <a href=\"https:\/\/www.lamusereve.fr\/index.php\/contact\/\">formulaire de contact<\/a>) ou de le choisir parmi <a href=\"https:\/\/www.lamusereve.fr\/index.php\/choisissez-laventure-de-votre-enfant\/\">les 5 th\u00e8mes cl\u00e9s en main propos\u00e9s<\/a><\/em><\/p>\n\n\n\n<div class=\"wp-block-buttons is-layout-flex wp-block-buttons-is-layout-flex\">\n<div class=\"wp-block-button is-style-primary\"><a class=\"wp-block-button__link has-custom-font-size wp-element-button\" href=\"https:\/\/www.lamusereve.fr\/index.php\/produit\/reservation-anniversaire-lart-de-deguster\/\" style=\"font-size:18px\">Je r\u00e9serve<\/a><\/div>\n<\/div>\n<\/div>\n<\/div><\/section>\n<\/div>\n\n\n\n<div id=\"wp-block-themeisle-blocks-advanced-column-67b3af72\" class=\"wp-block-themeisle-blocks-advanced-column\">\n<figure class=\"wp-block-image size-full is-resized\"><img fetchpriority=\"high\" decoding=\"async\" width=\"2560\" height=\"1707\" src=\"https:\/\/www.lamusereve.fr\/wp-content\/uploads\/2025\/08\/little-girl-doing-gingerbread-cookies-scaled.jpg\" alt=\"\" class=\"wp-image-2893\" style=\"width:487px;height:auto\" srcset=\"https:\/\/www.lamusereve.fr\/wp-content\/uploads\/2025\/08\/little-girl-doing-gingerbread-cookies-scaled.jpg 2560w, https:\/\/www.lamusereve.fr\/wp-content\/uploads\/2025\/08\/little-girl-doing-gingerbread-cookies-300x200.jpg 300w, https:\/\/www.lamusereve.fr\/wp-content\/uploads\/2025\/08\/little-girl-doing-gingerbread-cookies-1024x683.jpg 1024w, https:\/\/www.lamusereve.fr\/wp-content\/uploads\/2025\/08\/little-girl-doing-gingerbread-cookies-768x512.jpg 768w, https:\/\/www.lamusereve.fr\/wp-content\/uploads\/2025\/08\/little-girl-doing-gingerbread-cookies-1536x1024.jpg 1536w, https:\/\/www.lamusereve.fr\/wp-content\/uploads\/2025\/08\/little-girl-doing-gingerbread-cookies-2048x1365.jpg 2048w, https:\/\/www.lamusereve.fr\/wp-content\/uploads\/2025\/08\/little-girl-doing-gingerbread-cookies-400x267.jpg 400w\" sizes=\"(max-width: 2560px) 100vw, 2560px\" \/><\/figure>\n<\/div>\n<\/div><\/section>\n\n\n\n<div style=\"height:70px\" aria-hidden=\"true\" class=\"wp-block-spacer\"><\/div>\n\n\n\n<h2 class=\"wp-block-heading has-text-color has-link-color wp-elements-18ec7b0f98ed2fabf7a8300c3a3e5ab2\" style=\"color:#571e40\">Calendrier des anniversaires <em>L&rsquo;art de d\u00e9guster<\/em><\/h2>\n\n\n\n<div style=\"height:20px\" aria-hidden=\"true\" class=\"wp-block-spacer\"><\/div>\n\n\n\n<h3 class=\"wp-block-heading has-text-color has-background has-link-color wp-elements-3d4159e90219c74aa193cd8343f779a2\" style=\"color:#571e40;background-color:#ffe1a7\">D\u00c9CEMBRE 2025<\/h3>\n\n\n\n<div id=\"wp-block-themeisle-blocks-icon-list-5053c1d9\" class=\"wp-block-themeisle-blocks-icon-list\">\n<div id=\"wp-block-themeisle-blocks-icon-list-item-f7227901\" class=\"wp-block-themeisle-blocks-icon-list-item\"><i class=\"fas fa-birthday-cake wp-block-themeisle-blocks-icon-list-item-icon\"><\/i><p class=\"wp-block-themeisle-blocks-icon-list-item-content\"><strong>Samedi 6 d\u00e9cembre de 14h30 \u00e0 16h30<\/strong> &#8211; Anniversaire <em>L&rsquo;art de d\u00e9guster<\/em> en lien avec l&rsquo;exposition <em><em>La nuit, tous les chats voient gris<\/em> ou th\u00e8me au choix<\/em><\/p><\/div>\n\n\n\n<div id=\"wp-block-themeisle-blocks-icon-list-item-73f61e5d\" class=\"wp-block-themeisle-blocks-icon-list-item\"><i class=\"fas fa-birthday-cake wp-block-themeisle-blocks-icon-list-item-icon\"><\/i><p class=\"wp-block-themeisle-blocks-icon-list-item-content\"><strong>Mercredi 10 d\u00e9cembre de 14h30 \u00e0 16h30<\/strong> &#8211; Anniversaire <em>L&rsquo;art de d\u00e9guster<\/em> en lien avec l&rsquo;exposition <em><em>La nuit, tous les chats voient gris<\/em><\/em> ou th\u00e8me au choix &#8211; <strong>R\u00c9SERV\u00c9<\/strong><\/p><\/div>\n\n\n\n<div id=\"wp-block-themeisle-blocks-icon-list-item-4ffaa29a\" class=\"wp-block-themeisle-blocks-icon-list-item\"><i class=\"fas fa-birthday-cake wp-block-themeisle-blocks-icon-list-item-icon\"><\/i><p class=\"wp-block-themeisle-blocks-icon-list-item-content\"><strong>Samedi 13 d\u00e9cembre de 14h30 \u00e0 16h30<\/strong> &#8211; Anniversaire <em>L&rsquo;art de d\u00e9guster<\/em> en lien avec l&rsquo;exposition <em><em>La nuit, tous les chats voient gris<\/em><\/em> ou th\u00e8me au choix<\/p><\/div>\n<\/div>\n\n\n\n<div style=\"height:20px\" aria-hidden=\"true\" class=\"wp-block-spacer\"><\/div>\n\n\n\n<h3 class=\"wp-block-heading has-text-color has-background has-link-color wp-elements-e1ade365e56d96880e26494a911416d4\" style=\"color:#571e40;background-color:#ffe1a7\">JANVIER 2026<\/h3>\n\n\n\n<div id=\"wp-block-themeisle-blocks-icon-list-57e1de1a\" class=\"wp-block-themeisle-blocks-icon-list\">\n<div id=\"wp-block-themeisle-blocks-icon-list-item-11ca2a46\" class=\"wp-block-themeisle-blocks-icon-list-item\"><i class=\"fas fa-gift wp-block-themeisle-blocks-icon-list-item-icon\"><\/i><p class=\"wp-block-themeisle-blocks-icon-list-item-content\"><strong>Samedi 24 janvier de 14h30 \u00e0 16h30<\/strong> &#8211; Anniversaire <em>L&rsquo;art de d\u00e9guster<\/em> en lien avec l&rsquo;exposition <em><em>La nuit, la chouette et le soleil<\/em><\/em> ou th\u00e8me au choix &#8211; <strong>R\u00c9SERV\u00c9<\/strong><\/p><\/div>\n<\/div>\n\n\n\n<div style=\"height:20px\" aria-hidden=\"true\" class=\"wp-block-spacer\"><\/div>\n\n\n\n<h3 class=\"wp-block-heading has-text-color has-background has-link-color wp-elements-1f748acbf1fb60bec2d8ac2d2bf945e7\" style=\"color:#571e40;background-color:#ffe1a7\">F\u00c9VRIER 2026<\/h3>\n\n\n\n<div id=\"wp-block-themeisle-blocks-icon-list-e2f0eaaa\" class=\"wp-block-themeisle-blocks-icon-list\">\n<div id=\"wp-block-themeisle-blocks-icon-list-item-772654a3\" class=\"wp-block-themeisle-blocks-icon-list-item\"><i class=\"fas fa-gift wp-block-themeisle-blocks-icon-list-item-icon\"><\/i><p class=\"wp-block-themeisle-blocks-icon-list-item-content\"><strong>Samedi 7 f\u00e9vrier de 14h30 \u00e0 16h30<\/strong> &#8211; Anniversaire <em>L&rsquo;art de d\u00e9guster<\/em> en lien avec l&rsquo;exposition <em>La nuit, la chouette et le soleil<\/em> ou th\u00e8me au choix<\/p><\/div>\n\n\n\n<div id=\"wp-block-themeisle-blocks-icon-list-item-03f29341\" class=\"wp-block-themeisle-blocks-icon-list-item\"><i class=\"fas fa-gift wp-block-themeisle-blocks-icon-list-item-icon\"><\/i><p class=\"wp-block-themeisle-blocks-icon-list-item-content\"><strong>Samedi 21 f\u00e9vrier de 14h30 \u00e0 16h30<\/strong> &#8211; Anniversaire <em>L&rsquo;art de d\u00e9guster<\/em> en lien avec l&rsquo;exposition <em><em>La nuit, la chouette et le soleil<\/em><\/em> ou th\u00e8me au choix<\/p><\/div>\n\n\n\n<div id=\"wp-block-themeisle-blocks-icon-list-item-6b20a72a\" class=\"wp-block-themeisle-blocks-icon-list-item\"><i class=\"fas fa-gift wp-block-themeisle-blocks-icon-list-item-icon\"><\/i><p class=\"wp-block-themeisle-blocks-icon-list-item-content\"><strong>Samedi 28 f\u00e9vrier de 14h30 \u00e0 16h30<\/strong> &#8211; Anniversaire <em>L&rsquo;art de d\u00e9guster<\/em> en lien avec l&rsquo;exposition <em><em>La nuit, la chouette et le soleil<\/em> <\/em>ou th\u00e8me au choix<\/p><\/div>\n<\/div>\n\n\n\n<div style=\"height:20px\" aria-hidden=\"true\" class=\"wp-block-spacer\"><\/div>\n\n\n\n<h3 class=\"wp-block-heading has-text-color has-background has-link-color wp-elements-2400295c75deed6997d056583750fa0a\" style=\"color:#571e40;background-color:#ffe1a7\">MARS 2026<\/h3>\n\n\n\n<div id=\"wp-block-themeisle-blocks-icon-list-3e29d7cb\" class=\"wp-block-themeisle-blocks-icon-list\">\n<div id=\"wp-block-themeisle-blocks-icon-list-item-b202eb3a\" class=\"wp-block-themeisle-blocks-icon-list-item\"><i class=\"fas fa-gift wp-block-themeisle-blocks-icon-list-item-icon\"><\/i><p class=\"wp-block-themeisle-blocks-icon-list-item-content\"><strong>Samedi 28 mars de 14h30 \u00e0 16h30<\/strong> &#8211; Anniversaire <em>L&rsquo;art de d\u00e9guster<\/em> en lien avec l&rsquo;exposition <em>Que font les parents quand les enfants dorment ?<\/em> ou th\u00e8me au choix<\/p><\/div>\n<\/div>\n\n\n\n<div style=\"height:20px\" aria-hidden=\"true\" class=\"wp-block-spacer\"><\/div>\n\n\n\n<h3 class=\"wp-block-heading has-text-color has-background has-link-color wp-elements-fc42a53a3702a4a041d889bfdedead6c\" style=\"color:#571e40;background-color:#ffe1a7\">AVRIL 2026<\/h3>\n\n\n\n<div id=\"wp-block-themeisle-blocks-icon-list-86fadc34\" class=\"wp-block-themeisle-blocks-icon-list\">\n<div id=\"wp-block-themeisle-blocks-icon-list-item-02602fce\" class=\"wp-block-themeisle-blocks-icon-list-item\"><i class=\"fas fa-gift wp-block-themeisle-blocks-icon-list-item-icon\"><\/i><p class=\"wp-block-themeisle-blocks-icon-list-item-content\"><strong>Samedi 25 avril de 14h30 \u00e0 16h30<\/strong> &#8211; Anniversaire <em>L&rsquo;art de d\u00e9guster<\/em> en lien avec l&rsquo;exposition <em>Que font les parents quand les enfants dorment ?<\/em> ou th\u00e8me au choix<\/p><\/div>\n<\/div>\n\n\n\n<div style=\"height:30px\" aria-hidden=\"true\" class=\"wp-block-spacer\"><\/div>\n\n\n\n<h4 class=\"wp-block-heading\"><strong>Autres dates \u00e0 venir ! Guettez le calendrier \ud83d\ude09 <\/strong><\/h4>\n\n\n\n<p style=\"font-size:16px\"><strong>Ces cr\u00e9neaux ne vous conviennent pas ? Vous r\u00eavez d&rsquo;un cr\u00e9neau particulier adapt\u00e9 \u00e0 vos disponibilit\u00e9s ? Contactez-nous et nous verrons les possibilit\u00e9s ensemble ! <\/strong><\/p>\n\n\n\n<div style=\"height:30px\" aria-hidden=\"true\" class=\"wp-block-spacer\"><\/div>\n\n\n\n<div class=\"wp-block-buttons is-layout-flex wp-block-buttons-is-layout-flex\">\n<div class=\"wp-block-button is-style-primary\"><a class=\"wp-block-button__link has-custom-font-size wp-element-button\" href=\"https:\/\/www.lamusereve.fr\/index.php\/produit\/reservation-anniversaire-lart-de-deguster\/\" style=\"font-size:18px\">Je r\u00e9serve<\/a><\/div>\n<\/div>\n\n\n\n<div style=\"height:50px\" aria-hidden=\"true\" class=\"wp-block-spacer\"><\/div>\n\n\n\n<p><\/p>\n","protected":false},"excerpt":{"rendered":"<p>Calendrier des anniversaires L&rsquo;art de d\u00e9guster D\u00c9CEMBRE 2025 JANVIER 2026 F\u00c9VRIER 2026 MARS 2026 AVRIL 2026 Autres dates \u00e0 venir ! Guettez le calendrier \ud83d\ude09 Ces cr\u00e9neaux ne vous conviennent pas ? Vous r\u00eavez d&rsquo;un cr\u00e9neau particulier adapt\u00e9 \u00e0 vos disponibilit\u00e9s ? Contactez-nous et nous verrons les possibilit\u00e9s ensemble !<\/p>\n","protected":false},"author":2,"featured_media":0,"parent":0,"menu_order":0,"comment_status":"closed","ping_status":"closed","template":"","meta":{"ocean_post_layout":"","ocean_both_sidebars_style":"","ocean_both_sidebars_content_width":0,"ocean_both_sidebars_sidebars_width":0,"ocean_sidebar":"","ocean_second_sidebar":"","ocean_disable_margins":"enable","ocean_add_body_class":"","ocean_shortcode_before_top_bar":"","ocean_shortcode_after_top_bar":"","ocean_shortcode_before_header":"","ocean_shortcode_after_header":"","ocean_has_shortcode":"","ocean_shortcode_after_title":"","ocean_shortcode_before_footer_widgets":"","ocean_shortcode_after_footer_widgets":"","ocean_shortcode_before_footer_bottom":"","ocean_shortcode_after_footer_bottom":"","ocean_display_top_bar":"default","ocean_display_header":"default","ocean_header_style":"","ocean_center_header_left_menu":"","ocean_custom_header_template":"","ocean_custom_logo":0,"ocean_custom_retina_logo":0,"ocean_custom_logo_max_width":0,"ocean_custom_logo_tablet_max_width":0,"ocean_custom_logo_mobile_max_width":0,"ocean_custom_logo_max_height":0,"ocean_custom_logo_tablet_max_height":0,"ocean_custom_logo_mobile_max_height":0,"ocean_header_custom_menu":"","ocean_menu_typo_font_family":"","ocean_menu_typo_font_subset":"","ocean_menu_typo_font_size":0,"ocean_menu_typo_font_size_tablet":0,"ocean_menu_typo_font_size_mobile":0,"ocean_menu_typo_font_size_unit":"px","ocean_menu_typo_font_weight":"","ocean_menu_typo_font_weight_tablet":"","ocean_menu_typo_font_weight_mobile":"","ocean_menu_typo_transform":"","ocean_menu_typo_transform_tablet":"","ocean_menu_typo_transform_mobile":"","ocean_menu_typo_line_height":0,"ocean_menu_typo_line_height_tablet":0,"ocean_menu_typo_line_height_mobile":0,"ocean_menu_typo_line_height_unit":"","ocean_menu_typo_spacing":0,"ocean_menu_typo_spacing_tablet":0,"ocean_menu_typo_spacing_mobile":0,"ocean_menu_typo_spacing_unit":"","ocean_menu_link_color":"","ocean_menu_link_color_hover":"","ocean_menu_link_color_active":"","ocean_menu_link_background":"","ocean_menu_link_hover_background":"","ocean_menu_link_active_background":"","ocean_menu_social_links_bg":"","ocean_menu_social_hover_links_bg":"","ocean_menu_social_links_color":"","ocean_menu_social_hover_links_color":"","ocean_disable_title":"default","ocean_disable_heading":"default","ocean_post_title":"","ocean_post_subheading":"","ocean_post_title_style":"","ocean_post_title_background_color":"","ocean_post_title_background":0,"ocean_post_title_bg_image_position":"","ocean_post_title_bg_image_attachment":"","ocean_post_title_bg_image_repeat":"","ocean_post_title_bg_image_size":"","ocean_post_title_height":0,"ocean_post_title_bg_overlay":0.5,"ocean_post_title_bg_overlay_color":"","ocean_disable_breadcrumbs":"default","ocean_breadcrumbs_color":"","ocean_breadcrumbs_separator_color":"","ocean_breadcrumbs_links_color":"","ocean_breadcrumbs_links_hover_color":"","ocean_display_footer_widgets":"default","ocean_display_footer_bottom":"default","ocean_custom_footer_template":"","_themeisle_gutenberg_block_has_review":false,"footnotes":""},"class_list":["post-2978","page","type-page","status-publish","hentry","entry","owp-thumbs-layout-horizontal","owp-btn-normal","owp-tabs-layout-horizontal","has-no-thumbnails","has-product-nav","circle-sale"],"jetpack_sharing_enabled":true,"_links":{"self":[{"href":"https:\/\/www.lamusereve.fr\/index.php\/wp-json\/wp\/v2\/pages\/2978","targetHints":{"allow":["GET"]}}],"collection":[{"href":"https:\/\/www.lamusereve.fr\/index.php\/wp-json\/wp\/v2\/pages"}],"about":[{"href":"https:\/\/www.lamusereve.fr\/index.php\/wp-json\/wp\/v2\/types\/page"}],"author":[{"embeddable":true,"href":"https:\/\/www.lamusereve.fr\/index.php\/wp-json\/wp\/v2\/users\/2"}],"replies":[{"embeddable":true,"href":"https:\/\/www.lamusereve.fr\/index.php\/wp-json\/wp\/v2\/comments?post=2978"}],"version-history":[{"count":30,"href":"https:\/\/www.lamusereve.fr\/index.php\/wp-json\/wp\/v2\/pages\/2978\/revisions"}],"predecessor-version":[{"id":4245,"href":"https:\/\/www.lamusereve.fr\/index.php\/wp-json\/wp\/v2\/pages\/2978\/revisions\/4245"}],"wp:attachment":[{"href":"https:\/\/www.lamusereve.fr\/index.php\/wp-json\/wp\/v2\/media?parent=2978"}],"curies":[{"name":"wp","href":"https:\/\/api.w.org\/{rel}","templated":true}]}}